{"id":234,"date":"2020-02-11T15:37:41","date_gmt":"2020-02-11T14:37:41","guid":{"rendered":"https:\/\/cognacchainier.com\/wordpress\/?post_type=product&#038;p=234"},"modified":"2024-08-12T18:36:14","modified_gmt":"2024-08-12T16:36:14","slug":"cognac-grande-champagne-millesime-1989","status":"publish","type":"product","link":"https:\/\/cognacchainier.com\/en\/cognac\/cognac-grande-champagne-millesime-1989\/","title":{"rendered":"Cognac Grande Champagne Mill\u00e9sime 1989"},"content":{"rendered":"<p>This Cognac is entirely made from the 1989 harvest, has been kept in sealed and controlled casks, only opened in August 2019 for bottling, after 30 years.<\/p>\n<p>This Cognac is made of grapes from <strong>Grande Champagne<\/strong>.<\/p>\n<hr \/>\n<p><span style=\"text-decoration: underline\"><strong>Commentaire de d\u00e9gustation de Julien Frumholtz, oenologue :<\/strong><\/span><\/p>\n<blockquote>\n<p style=\"text-align: justify\">D&rsquo;une robe ch\u00e2tain, avec des reflets d&rsquo;or brun, le nez de ce cognac est marqu\u00e9 par une note menthol\u00e9e, agr\u00e9able et persistante.<\/p>\n<p style=\"text-align: left\">Se succ\u00e8dent ensuite des notes de vanille, de clous de girofle, pour finir sur des notes confites, de coings et de pruneaux, l\u00e9g\u00e8rement bois\u00e9es<\/p>\n<p style=\"text-align: left\">Apr\u00e8s une l\u00e9g\u00e8re agitation, on retrouve cette premi\u00e8re note menthol\u00e9e, caract\u00e9ristique du mill\u00e9sime 89, qui c\u00e8de la place \u00e0 des effluves florales d\u00e9licates, caract\u00e9ristiques des terres calcaires de ses origines, pour revenir, au final sur des notes de pruneaux, confits \u00e0 souhait<\/p>\n<p style=\"text-align: left\">La douceur et l&rsquo;harmonie en bouche, contraste avec la puissance d\u00e9gag\u00e9e au nez.<\/p>\n<p style=\"text-align: left\">Le palais jongle avec les notes de r\u00e9glisse, d&rsquo;\u00e9pices et de fruits confits, pour finir sur une note persistante de rancio, t\u00e9moignage du temps qui s&rsquo;est \u00e9coul\u00e9 depuis sa naissance.<\/p>\n<p style=\"text-align: left\">Ce cognac est sans nul doute, une pure et merveilleuse expression de ce que les terres cogna\u00e7aises peuvent nous offrir, tant par sa puissance au nez, que sa d\u00e9licatesse en bouche.<\/p>\n<\/blockquote>","protected":false},"excerpt":{"rendered":"<p>Cognac Grande Champagne, 30 ans d\u2019\u00e2ge en f\u00fbt scell\u00e9, attestant son ann\u00e9e de r\u00e9colte.<br \/>\nTo drink neat, as an after-dinner drink.<\/p>","protected":false},"author":1,"featured_media":1544,"comment_status":"open","ping_status":"closed","template":"","meta":{"advgb_blocks_editor_width":"","advgb_blocks_columns_visual_guide":""},"product_cat":[20],"product_tag":[35],"yoast_head":"<!-- This site is optimized with the Yoast SEO plugin v22.8 - https:\/\/yoast.com\/wordpress\/plugins\/seo\/ -->\n<title>Cognac Grande Champagne Mill\u00e9sime 1989 - Cognac Chainier<\/title>\n<meta name=\"description\" content=\"Cognac Grande Champagne Mill\u00e9sime 1989 - Cognac Grande Champagne, 30 ans d\u2019\u00e2ge en f\u00fbt scell\u00e9, attestant son ann\u00e9e de r\u00e9colte. S\u2019appr\u00e9cie en digestif, sec\" \/>\n<meta name=\"robots\" content=\"index, follow, max-snippet:-1, max-image-preview:large, max-video-preview:-1\" \/>\n<link rel=\"canonical\" href=\"https:\/\/cognacchainier.com\/en\/cognac\/cognac-grande-champagne-millesime-1989\/\" \/>\n<meta property=\"og:locale\" content=\"en_GB\" \/>\n<meta property=\"og:type\" content=\"article\" \/>\n<meta property=\"og:title\" content=\"Cognac Grande Champagne Mill\u00e9sime 1989 - Cognac Chainier\" \/>\n<meta property=\"og:description\" content=\"Cognac Grande Champagne Mill\u00e9sime 1989 - Cognac Grande Champagne, 30 ans d\u2019\u00e2ge en f\u00fbt scell\u00e9, attestant son ann\u00e9e de r\u00e9colte. S\u2019appr\u00e9cie en digestif, sec\" \/>\n<meta property=\"og:url\" content=\"https:\/\/cognacchainier.com\/en\/cognac\/cognac-grande-champagne-millesime-1989\/\" \/>\n<meta property=\"og:site_name\" content=\"Cognac Chainier\" \/>\n<meta property=\"article:publisher\" content=\"https:\/\/www.facebook.com\/cognacchainier\" \/>\n<meta property=\"article:modified_time\" content=\"2024-08-12T16:36:14+00:00\" \/>\n<meta property=\"og:image\" content=\"https:\/\/cognacchainier.com\/wp-content\/uploads\/2024\/07\/cognac-grande-champagne-1989-scaled.jpg\" \/>\n\t<meta property=\"og:image:width\" content=\"711\" \/>\n\t<meta property=\"og:image:height\" content=\"2560\" \/>\n\t<meta property=\"og:image:type\" content=\"image\/jpeg\" \/>\n<meta name=\"twitter:card\" content=\"summary_large_image\" \/>\n<meta name=\"twitter:label1\" content=\"Estimated reading time\" \/>\n\t<meta name=\"twitter:data1\" content=\"1 minute\" \/>\n<script type=\"application\/ld+json\" class=\"yoast-schema-graph\">{\"@context\":\"https:\/\/schema.org\",\"@graph\":[{\"@type\":\"WebPage\",\"@id\":\"https:\/\/cognacchainier.com\/cognac\/cognac-grande-champagne-millesime-1989\/\",\"url\":\"https:\/\/cognacchainier.com\/cognac\/cognac-grande-champagne-millesime-1989\/\",\"name\":\"Cognac Grande Champagne Mill\u00e9sime 1989 - Cognac Chainier\",\"isPartOf\":{\"@id\":\"https:\/\/cognacchainier.com\/#website\"},\"primaryImageOfPage\":{\"@id\":\"https:\/\/cognacchainier.com\/cognac\/cognac-grande-champagne-millesime-1989\/#primaryimage\"},\"image\":{\"@id\":\"https:\/\/cognacchainier.com\/cognac\/cognac-grande-champagne-millesime-1989\/#primaryimage\"},\"thumbnailUrl\":\"https:\/\/cognacchainier.com\/wp-content\/uploads\/2024\/07\/cognac-grande-champagne-1989-scaled.jpg\",\"datePublished\":\"2020-02-11T14:37:41+00:00\",\"dateModified\":\"2024-08-12T16:36:14+00:00\",\"description\":\"Cognac Grande Champagne Mill\u00e9sime 1989 - Cognac Grande Champagne, 30 ans d\u2019\u00e2ge en f\u00fbt scell\u00e9, attestant son ann\u00e9e de r\u00e9colte. S\u2019appr\u00e9cie en digestif, sec\",\"breadcrumb\":{\"@id\":\"https:\/\/cognacchainier.com\/cognac\/cognac-grande-champagne-millesime-1989\/#breadcrumb\"},\"inLanguage\":\"en-GB\",\"potentialAction\":[{\"@type\":\"ReadAction\",\"target\":[\"https:\/\/cognacchainier.com\/cognac\/cognac-grande-champagne-millesime-1989\/\"]}]},{\"@type\":\"ImageObject\",\"inLanguage\":\"en-GB\",\"@id\":\"https:\/\/cognacchainier.com\/cognac\/cognac-grande-champagne-millesime-1989\/#primaryimage\",\"url\":\"https:\/\/cognacchainier.com\/wp-content\/uploads\/2024\/07\/cognac-grande-champagne-1989-scaled.jpg\",\"contentUrl\":\"https:\/\/cognacchainier.com\/wp-content\/uploads\/2024\/07\/cognac-grande-champagne-1989-scaled.jpg\",\"width\":711,\"height\":2560,\"caption\":\"bouteille de cognac\"},{\"@type\":\"BreadcrumbList\",\"@id\":\"https:\/\/cognacchainier.com\/cognac\/cognac-grande-champagne-millesime-1989\/#breadcrumb\",\"itemListElement\":[{\"@type\":\"ListItem\",\"position\":1,\"name\":\"Accueil\",\"item\":\"https:\/\/cognacchainier.com\/\"},{\"@type\":\"ListItem\",\"position\":2,\"name\":\"Nos produits\",\"item\":\"https:\/\/cognacchainier.com\/nos-produits\/\"},{\"@type\":\"ListItem\",\"position\":3,\"name\":\"Cognac Grande Champagne Mill\u00e9sime 1989\"}]},{\"@type\":\"WebSite\",\"@id\":\"https:\/\/cognacchainier.com\/#website\",\"url\":\"https:\/\/cognacchainier.com\/\",\"name\":\"Cognac Chainier\",\"description\":\"Cognac et Pineau des Charentes\",\"publisher\":{\"@id\":\"https:\/\/cognacchainier.com\/#organization\"},\"potentialAction\":[{\"@type\":\"SearchAction\",\"target\":{\"@type\":\"EntryPoint\",\"urlTemplate\":\"https:\/\/cognacchainier.com\/?s={search_term_string}\"},\"query-input\":\"required name=search_term_string\"}],\"inLanguage\":\"en-GB\"},{\"@type\":\"Organization\",\"@id\":\"https:\/\/cognacchainier.com\/#organization\",\"name\":\"Cognac Chainier\",\"url\":\"https:\/\/cognacchainier.com\/\",\"logo\":{\"@type\":\"ImageObject\",\"inLanguage\":\"en-GB\",\"@id\":\"https:\/\/cognacchainier.com\/#\/schema\/logo\/image\/\",\"url\":\"https:\/\/cognacchainier.com\/wp-content\/uploads\/2020\/02\/cognac-chainier-logo-1516111730.png\",\"contentUrl\":\"https:\/\/cognacchainier.com\/wp-content\/uploads\/2020\/02\/cognac-chainier-logo-1516111730.png\",\"width\":223,\"height\":71,\"caption\":\"Cognac Chainier\"},\"image\":{\"@id\":\"https:\/\/cognacchainier.com\/#\/schema\/logo\/image\/\"},\"sameAs\":[\"https:\/\/www.facebook.com\/cognacchainier\",\"https:\/\/www.linkedin.com\/company\/cognacchainier\/\"]}]}<\/script>\n<!-- \/ Yoast SEO plugin. -->","yoast_head_json":{"title":"Cognac Grande Champagne Mill\u00e9sime 1989 - Cognac Chainier","description":"Cognac Grande Champagne Mill\u00e9sime 1989 - Cognac Grande Champagne, 30 ans d\u2019\u00e2ge en f\u00fbt scell\u00e9, attestant son ann\u00e9e de r\u00e9colte. S\u2019appr\u00e9cie en digestif, sec","robots":{"index":"index","follow":"follow","max-snippet":"max-snippet:-1","max-image-preview":"max-image-preview:large","max-video-preview":"max-video-preview:-1"},"canonical":"https:\/\/cognacchainier.com\/en\/cognac\/cognac-grande-champagne-millesime-1989\/","og_locale":"en_GB","og_type":"article","og_title":"Cognac Grande Champagne Mill\u00e9sime 1989 - Cognac Chainier","og_description":"Cognac Grande Champagne Mill\u00e9sime 1989 - Cognac Grande Champagne, 30 ans d\u2019\u00e2ge en f\u00fbt scell\u00e9, attestant son ann\u00e9e de r\u00e9colte. S\u2019appr\u00e9cie en digestif, sec","og_url":"https:\/\/cognacchainier.com\/en\/cognac\/cognac-grande-champagne-millesime-1989\/","og_site_name":"Cognac Chainier","article_publisher":"https:\/\/www.facebook.com\/cognacchainier","article_modified_time":"2024-08-12T16:36:14+00:00","og_image":[{"width":711,"height":2560,"url":"https:\/\/cognacchainier.com\/wp-content\/uploads\/2024\/07\/cognac-grande-champagne-1989-scaled.jpg","type":"image\/jpeg"}],"twitter_card":"summary_large_image","twitter_misc":{"Estimated reading time":"1 minute"},"schema":{"@context":"https:\/\/schema.org","@graph":[{"@type":"WebPage","@id":"https:\/\/cognacchainier.com\/cognac\/cognac-grande-champagne-millesime-1989\/","url":"https:\/\/cognacchainier.com\/cognac\/cognac-grande-champagne-millesime-1989\/","name":"Cognac Grande Champagne Mill\u00e9sime 1989 - Cognac Chainier","isPartOf":{"@id":"https:\/\/cognacchainier.com\/#website"},"primaryImageOfPage":{"@id":"https:\/\/cognacchainier.com\/cognac\/cognac-grande-champagne-millesime-1989\/#primaryimage"},"image":{"@id":"https:\/\/cognacchainier.com\/cognac\/cognac-grande-champagne-millesime-1989\/#primaryimage"},"thumbnailUrl":"https:\/\/cognacchainier.com\/wp-content\/uploads\/2024\/07\/cognac-grande-champagne-1989-scaled.jpg","datePublished":"2020-02-11T14:37:41+00:00","dateModified":"2024-08-12T16:36:14+00:00","description":"Cognac Grande Champagne Mill\u00e9sime 1989 - Cognac Grande Champagne, 30 ans d\u2019\u00e2ge en f\u00fbt scell\u00e9, attestant son ann\u00e9e de r\u00e9colte. S\u2019appr\u00e9cie en digestif, sec","breadcrumb":{"@id":"https:\/\/cognacchainier.com\/cognac\/cognac-grande-champagne-millesime-1989\/#breadcrumb"},"inLanguage":"en-GB","potentialAction":[{"@type":"ReadAction","target":["https:\/\/cognacchainier.com\/cognac\/cognac-grande-champagne-millesime-1989\/"]}]},{"@type":"ImageObject","inLanguage":"en-GB","@id":"https:\/\/cognacchainier.com\/cognac\/cognac-grande-champagne-millesime-1989\/#primaryimage","url":"https:\/\/cognacchainier.com\/wp-content\/uploads\/2024\/07\/cognac-grande-champagne-1989-scaled.jpg","contentUrl":"https:\/\/cognacchainier.com\/wp-content\/uploads\/2024\/07\/cognac-grande-champagne-1989-scaled.jpg","width":711,"height":2560,"caption":"bouteille de cognac"},{"@type":"BreadcrumbList","@id":"https:\/\/cognacchainier.com\/cognac\/cognac-grande-champagne-millesime-1989\/#breadcrumb","itemListElement":[{"@type":"ListItem","position":1,"name":"Accueil","item":"https:\/\/cognacchainier.com\/"},{"@type":"ListItem","position":2,"name":"Nos produits","item":"https:\/\/cognacchainier.com\/nos-produits\/"},{"@type":"ListItem","position":3,"name":"Cognac Grande Champagne Mill\u00e9sime 1989"}]},{"@type":"WebSite","@id":"https:\/\/cognacchainier.com\/#website","url":"https:\/\/cognacchainier.com\/","name":"Cognac Chainier","description":"Cognac et Pineau des Charentes","publisher":{"@id":"https:\/\/cognacchainier.com\/#organization"},"potentialAction":[{"@type":"SearchAction","target":{"@type":"EntryPoint","urlTemplate":"https:\/\/cognacchainier.com\/?s={search_term_string}"},"query-input":"required name=search_term_string"}],"inLanguage":"en-GB"},{"@type":"Organization","@id":"https:\/\/cognacchainier.com\/#organization","name":"Cognac Chainier","url":"https:\/\/cognacchainier.com\/","logo":{"@type":"ImageObject","inLanguage":"en-GB","@id":"https:\/\/cognacchainier.com\/#\/schema\/logo\/image\/","url":"https:\/\/cognacchainier.com\/wp-content\/uploads\/2020\/02\/cognac-chainier-logo-1516111730.png","contentUrl":"https:\/\/cognacchainier.com\/wp-content\/uploads\/2020\/02\/cognac-chainier-logo-1516111730.png","width":223,"height":71,"caption":"Cognac Chainier"},"image":{"@id":"https:\/\/cognacchainier.com\/#\/schema\/logo\/image\/"},"sameAs":["https:\/\/www.facebook.com\/cognacchainier","https:\/\/www.linkedin.com\/company\/cognacchainier\/"]}]}},"jetpack_sharing_enabled":true,"featured_img":"https:\/\/cognacchainier.com\/wp-content\/uploads\/2024\/07\/cognac-grande-champagne-1989-scaled.jpg","coauthors":[],"author_meta":{"author_link":"https:\/\/cognacchainier.com\/en\/author\/clement_gay\/","display_name":"Cl\u00e9ment"},"relative_dates":{"created":"Posted 6 years ago","modified":"Updated 2 years ago"},"absolute_dates":{"created":"Posted on 11 February 2020","modified":"Updated on 12 August 2024"},"absolute_dates_time":{"created":"Posted on 11 February 2020 15 h 37 min","modified":"Updated on 12 August 2024 18 h 36 min"},"featured_img_caption":"","tax_additional":{"product_type":{"linked":["<a href=\"https:\/\/cognacchainier.com\/en\/?taxonomy=product_type&#038;term=simple\" class=\"advgb-post-tax-term\">simple<\/a>"],"unlinked":["<span class=\"advgb-post-tax-term\">simple<\/span>"],"slug":"product_type","name":"Product type"},"product_visibility":{"linked":["<a href=\"https:\/\/cognacchainier.com\/en\/?taxonomy=product_visibility&#038;term=featured\" class=\"advgb-post-tax-term\">featured<\/a>"],"unlinked":["<span class=\"advgb-post-tax-term\">featured<\/span>"],"slug":"product_visibility","name":"Product visibility"},"product_cat":{"linked":["<a href=\"https:\/\/cognacchainier.com\/en\/cognac\/\" class=\"advgb-post-tax-term\">Cognac<\/a>"],"unlinked":["<span class=\"advgb-post-tax-term\">Cognac<\/span>"],"slug":"product_cat","name":"Product categories"},"product_tag":{"linked":["<a href=\"https:\/\/cognacchainier.com\/en\/product-tag\/cognac\/\" class=\"advgb-post-tax-term\">cognac<\/a>"],"unlinked":["<span class=\"advgb-post-tax-term\">cognac<\/span>"],"slug":"product_tag","name":"Product tags"},"product_shipping_class":{"linked":[],"unlinked":[],"slug":"product_shipping_class","name":"Product shipping classes"},"pa_age":{"linked":["<a href=\"https:\/\/cognacchainier.com\/en\/?taxonomy=pa_age&#038;term=30-ans\" class=\"advgb-post-tax-term\">30 ans<\/a>"],"unlinked":["<span class=\"advgb-post-tax-term\">30 ans<\/span>"],"slug":"pa_age","name":"Product Dur\u00e9e de vieillissement minimale"},"pa_contenance":{"linked":["<a href=\"https:\/\/cognacchainier.com\/en\/?taxonomy=pa_contenance&#038;term=70-cl\" class=\"advgb-post-tax-term\">70 cl<\/a>"],"unlinked":["<span class=\"advgb-post-tax-term\">70 cl<\/span>"],"slug":"pa_contenance","name":"Product Contenance"},"pa_taux-dalcool":{"linked":["<a href=\"https:\/\/cognacchainier.com\/en\/?taxonomy=pa_taux-dalcool&#038;term=40-vol\" class=\"advgb-post-tax-term\">40 %vol.<\/a>"],"unlinked":["<span class=\"advgb-post-tax-term\">40 %vol.<\/span>"],"slug":"pa_taux-dalcool","name":"Product Alcool %vol"}},"series_order":"","_links":{"self":[{"href":"https:\/\/cognacchainier.com\/en\/wp-json\/wp\/v2\/product\/234"}],"collection":[{"href":"https:\/\/cognacchainier.com\/en\/wp-json\/wp\/v2\/product"}],"about":[{"href":"https:\/\/cognacchainier.com\/en\/wp-json\/wp\/v2\/types\/product"}],"replies":[{"embeddable":true,"href":"https:\/\/cognacchainier.com\/en\/wp-json\/wp\/v2\/comments?post=234"}],"wp:featuredmedia":[{"embeddable":true,"href":"https:\/\/cognacchainier.com\/en\/wp-json\/wp\/v2\/media\/1544"}],"wp:attachment":[{"href":"https:\/\/cognacchainier.com\/en\/wp-json\/wp\/v2\/media?parent=234"}],"wp:term":[{"taxonomy":"product_cat","embeddable":true,"href":"https:\/\/cognacchainier.com\/en\/wp-json\/wp\/v2\/product_cat?post=234"},{"taxonomy":"product_tag","embeddable":true,"href":"https:\/\/cognacchainier.com\/en\/wp-json\/wp\/v2\/product_tag?post=234"}],"curies":[{"name":"wp","href":"https:\/\/api.w.org\/{rel}","templated":true}]}}