{"id":231,"date":"2020-02-11T14:54:33","date_gmt":"2020-02-11T13:54:33","guid":{"rendered":"https:\/\/cognacchainier.com\/wordpress\/?post_type=product&#038;p=231"},"modified":"2024-07-04T16:11:09","modified_gmt":"2024-07-04T14:11:09","slug":"vieux-pineau-des-charentes-blanc","status":"publish","type":"product","link":"https:\/\/cognacchainier.com\/en\/pineau-des-charentes-liqueurs\/vieux-pineau-des-charentes-blanc\/","title":{"rendered":"Vieux Pineau des Charentes Blanc"},"content":{"rendered":"<p style=\"text-align: justify;\">To make our Old White Pineau des Charentes, we select different white Pineaux from our best previous vintages.<\/p>\n<p style=\"text-align: justify;\">Pineau is aged in french oak casks. Over time, wood tannins are extracted, Pineau is slowly oxidised.<\/p>\n<p style=\"text-align: justify;\">We clarify the Pineau and filter it before final bottling.<\/p>\n<p style=\"text-align: justify;\">Copper-coloured, the scent has a slight note of rancio, with a touch of spices and tobacco. The taste is ample, with a final taste reminding gingerbread and honey. This Pineau is served at 10-12\u00b0C, and can be tasted with a cigar.<\/p>\n<p style=\"text-align: justify;\">It can also be drunk cold (5-6\u00b0C), as an aperitif drink.<\/p>\n<p style=\"text-align: justify;\">Many scent and tasting characteristics evoke typical Cognac flavours and odours, as well as vanilla aroma. It goes also very well with foie gras and strong cheeses like Roquefort cheese.<\/p>\n<p style=\"text-align: justify;\">As an universal Pineau, it can be drunk at any occasion and is suitable for any moment of a meal : with starter dish, with a dessert or as a after-dinner liqueur.<\/p>\n<p style=\"text-align: justify;\"><em>Coup de C\u0153ur Guide Hachette 2012<\/em><\/p>\n<table style=\"height: 27px;\" width=\"773\">\n<tbody>\n<tr>\n<td><\/td>\n<\/tr>\n<\/tbody>\n<\/table>","protected":false},"excerpt":{"rendered":"<p>Concours G\u00e9n\u00e9ral Agricole de Paris 2017 SILVER Medal<br \/>\nConcours G\u00e9n\u00e9ral Agricole de Paris 2009 GOLD Medal<br \/>\nConcours G\u00e9n\u00e9ral Agricole de Paris 2008 SILVER Medal<\/p>\n<p>Guide Hachette des Vins 2017 \u2605<br \/>\nGuide Hachette des Vins 2014 \u2605\u2605<br \/>\nGuide Hachette des Vins 2012 \u2605\u2605\u2665 <strong><em>Coup de C\u0153ur<\/em><\/strong><\/p>\n<p>Foire au Pineau de Barbezieux 2017 GOLD Medal<br \/>\nFoire au Pineau de Barbezieux 2016 GOLD Medal<br \/>\nFoire au Pineau de Barbezieux 2008 GOLD Medal<br \/>\nFoire au Pineau de Barbezieux 2007 GOLD Medal<\/p>\n<p>Concours des Saveurs R\u00e9gionales 2016 GOLD Medal<\/p>","protected":false},"author":1,"featured_media":1551,"comment_status":"open","ping_status":"closed","template":"","meta":{"advgb_blocks_editor_width":"","advgb_blocks_columns_visual_guide":""},"product_cat":[21],"product_tag":[36],"yoast_head":"<!-- This site is optimized with the Yoast SEO plugin v22.8 - https:\/\/yoast.com\/wordpress\/plugins\/seo\/ -->\n<title>Vieux Pineau des Charentes Blanc - Cognac Chainier<\/title>\n<meta name=\"description\" content=\"Vieux Pineau des Charentes Blanc - Concours G\u00e9n\u00e9ral Agricole de Paris 2017 M\u00e9daille d\u2019ARGENT Concours G\u00e9n\u00e9ral Agricole de Paris 2009 M\u00e9daille d\u2019OR Concours G\u00e9n\u00e9ral Agricole de Paris 2008 M\u00e9daille d\u2019ARGENT  Guide Hachette des Vins 2017 \u2605 Guide Hachette des Vins 2014 \u2605\u2605 Guide Hachette des Vins 2012 \u2605\u2605\u2665 Coup de C\u0153ur  Foire au Pineau de Barbezieux 2017 M\u00e9daille d\u2019OR Foire au Pineau de Barbezieux 2016 M\u00e9daille d\u2019OR Foire au Pineau de Barbezieux 2008 M\u00e9daille d\u2019OR Foire au Pineau de Barbezieux 2007 M\u00e9daille d\u2019OR  Concours des Saveurs R\u00e9gionales 2016 Saveur d\u2019OR\" \/>\n<meta name=\"robots\" content=\"index, follow, max-snippet:-1, max-image-preview:large, max-video-preview:-1\" \/>\n<link rel=\"canonical\" href=\"https:\/\/cognacchainier.com\/en\/pineau-des-charentes-liqueurs\/vieux-pineau-des-charentes-blanc\/\" \/>\n<meta property=\"og:locale\" content=\"en_GB\" \/>\n<meta property=\"og:type\" content=\"article\" \/>\n<meta property=\"og:title\" content=\"Vieux Pineau des Charentes Blanc - Cognac Chainier\" \/>\n<meta property=\"og:description\" content=\"Vieux Pineau des Charentes Blanc - Concours G\u00e9n\u00e9ral Agricole de Paris 2017 M\u00e9daille d\u2019ARGENT Concours G\u00e9n\u00e9ral Agricole de Paris 2009 M\u00e9daille d\u2019OR Concours G\u00e9n\u00e9ral Agricole de Paris 2008 M\u00e9daille d\u2019ARGENT  Guide Hachette des Vins 2017 \u2605 Guide Hachette des Vins 2014 \u2605\u2605 Guide Hachette des Vins 2012 \u2605\u2605\u2665 Coup de C\u0153ur  Foire au Pineau de Barbezieux 2017 M\u00e9daille d\u2019OR Foire au Pineau de Barbezieux 2016 M\u00e9daille d\u2019OR Foire au Pineau de Barbezieux 2008 M\u00e9daille d\u2019OR Foire au Pineau de Barbezieux 2007 M\u00e9daille d\u2019OR  Concours des Saveurs R\u00e9gionales 2016 Saveur d\u2019OR\" \/>\n<meta property=\"og:url\" content=\"https:\/\/cognacchainier.com\/en\/pineau-des-charentes-liqueurs\/vieux-pineau-des-charentes-blanc\/\" \/>\n<meta property=\"og:site_name\" content=\"Cognac Chainier\" \/>\n<meta property=\"article:publisher\" content=\"https:\/\/www.facebook.com\/cognacchainier\" \/>\n<meta property=\"article:modified_time\" content=\"2024-07-04T14:11:09+00:00\" \/>\n<meta property=\"og:image\" content=\"https:\/\/cognacchainier.com\/wp-content\/uploads\/2024\/07\/pineau-des-charentes-vieux-scaled.jpg\" \/>\n\t<meta property=\"og:image:width\" content=\"711\" \/>\n\t<meta property=\"og:image:height\" content=\"2560\" \/>\n\t<meta property=\"og:image:type\" content=\"image\/jpeg\" \/>\n<meta name=\"twitter:card\" content=\"summary_large_image\" \/>\n<meta name=\"twitter:label1\" content=\"Estimated reading time\" \/>\n\t<meta name=\"twitter:data1\" content=\"2 minutes\" \/>\n<script type=\"application\/ld+json\" class=\"yoast-schema-graph\">{\"@context\":\"https:\/\/schema.org\",\"@graph\":[{\"@type\":\"WebPage\",\"@id\":\"https:\/\/cognacchainier.com\/pineau-des-charentes-liqueurs\/vieux-pineau-des-charentes-blanc\/\",\"url\":\"https:\/\/cognacchainier.com\/pineau-des-charentes-liqueurs\/vieux-pineau-des-charentes-blanc\/\",\"name\":\"Vieux Pineau des Charentes Blanc - Cognac Chainier\",\"isPartOf\":{\"@id\":\"https:\/\/cognacchainier.com\/#website\"},\"primaryImageOfPage\":{\"@id\":\"https:\/\/cognacchainier.com\/pineau-des-charentes-liqueurs\/vieux-pineau-des-charentes-blanc\/#primaryimage\"},\"image\":{\"@id\":\"https:\/\/cognacchainier.com\/pineau-des-charentes-liqueurs\/vieux-pineau-des-charentes-blanc\/#primaryimage\"},\"thumbnailUrl\":\"https:\/\/cognacchainier.com\/wp-content\/uploads\/2024\/07\/pineau-des-charentes-vieux-scaled.jpg\",\"datePublished\":\"2020-02-11T13:54:33+00:00\",\"dateModified\":\"2024-07-04T14:11:09+00:00\",\"description\":\"Vieux Pineau des Charentes Blanc - Concours G\u00e9n\u00e9ral Agricole de Paris 2017 M\u00e9daille d\u2019ARGENT Concours G\u00e9n\u00e9ral Agricole de Paris 2009 M\u00e9daille d\u2019OR Concours G\u00e9n\u00e9ral Agricole de Paris 2008 M\u00e9daille d\u2019ARGENT Guide Hachette des Vins 2017 \u2605 Guide Hachette des Vins 2014 \u2605\u2605 Guide Hachette des Vins 2012 \u2605\u2605\u2665 Coup de C\u0153ur Foire au Pineau de Barbezieux 2017 M\u00e9daille d\u2019OR Foire au Pineau de Barbezieux 2016 M\u00e9daille d\u2019OR Foire au Pineau de Barbezieux 2008 M\u00e9daille d\u2019OR Foire au Pineau de Barbezieux 2007 M\u00e9daille d\u2019OR Concours des Saveurs R\u00e9gionales 2016 Saveur d\u2019OR\",\"breadcrumb\":{\"@id\":\"https:\/\/cognacchainier.com\/pineau-des-charentes-liqueurs\/vieux-pineau-des-charentes-blanc\/#breadcrumb\"},\"inLanguage\":\"en-GB\",\"potentialAction\":[{\"@type\":\"ReadAction\",\"target\":[\"https:\/\/cognacchainier.com\/pineau-des-charentes-liqueurs\/vieux-pineau-des-charentes-blanc\/\"]}]},{\"@type\":\"ImageObject\",\"inLanguage\":\"en-GB\",\"@id\":\"https:\/\/cognacchainier.com\/pineau-des-charentes-liqueurs\/vieux-pineau-des-charentes-blanc\/#primaryimage\",\"url\":\"https:\/\/cognacchainier.com\/wp-content\/uploads\/2024\/07\/pineau-des-charentes-vieux-scaled.jpg\",\"contentUrl\":\"https:\/\/cognacchainier.com\/wp-content\/uploads\/2024\/07\/pineau-des-charentes-vieux-scaled.jpg\",\"width\":711,\"height\":2560,\"caption\":\"bouteille de pineau\"},{\"@type\":\"BreadcrumbList\",\"@id\":\"https:\/\/cognacchainier.com\/pineau-des-charentes-liqueurs\/vieux-pineau-des-charentes-blanc\/#breadcrumb\",\"itemListElement\":[{\"@type\":\"ListItem\",\"position\":1,\"name\":\"Accueil\",\"item\":\"https:\/\/cognacchainier.com\/\"},{\"@type\":\"ListItem\",\"position\":2,\"name\":\"Nos produits\",\"item\":\"https:\/\/cognacchainier.com\/nos-produits\/\"},{\"@type\":\"ListItem\",\"position\":3,\"name\":\"Vieux Pineau des Charentes Blanc\"}]},{\"@type\":\"WebSite\",\"@id\":\"https:\/\/cognacchainier.com\/#website\",\"url\":\"https:\/\/cognacchainier.com\/\",\"name\":\"Cognac Chainier\",\"description\":\"Cognac et Pineau des Charentes\",\"publisher\":{\"@id\":\"https:\/\/cognacchainier.com\/#organization\"},\"potentialAction\":[{\"@type\":\"SearchAction\",\"target\":{\"@type\":\"EntryPoint\",\"urlTemplate\":\"https:\/\/cognacchainier.com\/?s={search_term_string}\"},\"query-input\":\"required name=search_term_string\"}],\"inLanguage\":\"en-GB\"},{\"@type\":\"Organization\",\"@id\":\"https:\/\/cognacchainier.com\/#organization\",\"name\":\"Cognac Chainier\",\"url\":\"https:\/\/cognacchainier.com\/\",\"logo\":{\"@type\":\"ImageObject\",\"inLanguage\":\"en-GB\",\"@id\":\"https:\/\/cognacchainier.com\/#\/schema\/logo\/image\/\",\"url\":\"https:\/\/cognacchainier.com\/wp-content\/uploads\/2020\/02\/cognac-chainier-logo-1516111730.png\",\"contentUrl\":\"https:\/\/cognacchainier.com\/wp-content\/uploads\/2020\/02\/cognac-chainier-logo-1516111730.png\",\"width\":223,\"height\":71,\"caption\":\"Cognac Chainier\"},\"image\":{\"@id\":\"https:\/\/cognacchainier.com\/#\/schema\/logo\/image\/\"},\"sameAs\":[\"https:\/\/www.facebook.com\/cognacchainier\",\"https:\/\/www.linkedin.com\/company\/cognacchainier\/\"]}]}<\/script>\n<!-- \/ Yoast SEO plugin. -->","yoast_head_json":{"title":"Vieux Pineau des Charentes Blanc - Cognac Chainier","description":"Vieux Pineau des Charentes Blanc - Concours G\u00e9n\u00e9ral Agricole de Paris 2017 M\u00e9daille d\u2019ARGENT Concours G\u00e9n\u00e9ral Agricole de Paris 2009 M\u00e9daille d\u2019OR Concours G\u00e9n\u00e9ral Agricole de Paris 2008 M\u00e9daille d\u2019ARGENT  Guide Hachette des Vins 2017 \u2605 Guide Hachette des Vins 2014 \u2605\u2605 Guide Hachette des Vins 2012 \u2605\u2605\u2665 Coup de C\u0153ur  Foire au Pineau de Barbezieux 2017 M\u00e9daille d\u2019OR Foire au Pineau de Barbezieux 2016 M\u00e9daille d\u2019OR Foire au Pineau de Barbezieux 2008 M\u00e9daille d\u2019OR Foire au Pineau de Barbezieux 2007 M\u00e9daille d\u2019OR  Concours des Saveurs R\u00e9gionales 2016 Saveur d\u2019OR","robots":{"index":"index","follow":"follow","max-snippet":"max-snippet:-1","max-image-preview":"max-image-preview:large","max-video-preview":"max-video-preview:-1"},"canonical":"https:\/\/cognacchainier.com\/en\/pineau-des-charentes-liqueurs\/vieux-pineau-des-charentes-blanc\/","og_locale":"en_GB","og_type":"article","og_title":"Vieux Pineau des Charentes Blanc - Cognac Chainier","og_description":"Vieux Pineau des Charentes Blanc - Concours G\u00e9n\u00e9ral Agricole de Paris 2017 M\u00e9daille d\u2019ARGENT Concours G\u00e9n\u00e9ral Agricole de Paris 2009 M\u00e9daille d\u2019OR Concours G\u00e9n\u00e9ral Agricole de Paris 2008 M\u00e9daille d\u2019ARGENT  Guide Hachette des Vins 2017 \u2605 Guide Hachette des Vins 2014 \u2605\u2605 Guide Hachette des Vins 2012 \u2605\u2605\u2665 Coup de C\u0153ur  Foire au Pineau de Barbezieux 2017 M\u00e9daille d\u2019OR Foire au Pineau de Barbezieux 2016 M\u00e9daille d\u2019OR Foire au Pineau de Barbezieux 2008 M\u00e9daille d\u2019OR Foire au Pineau de Barbezieux 2007 M\u00e9daille d\u2019OR  Concours des Saveurs R\u00e9gionales 2016 Saveur d\u2019OR","og_url":"https:\/\/cognacchainier.com\/en\/pineau-des-charentes-liqueurs\/vieux-pineau-des-charentes-blanc\/","og_site_name":"Cognac Chainier","article_publisher":"https:\/\/www.facebook.com\/cognacchainier","article_modified_time":"2024-07-04T14:11:09+00:00","og_image":[{"width":711,"height":2560,"url":"https:\/\/cognacchainier.com\/wp-content\/uploads\/2024\/07\/pineau-des-charentes-vieux-scaled.jpg","type":"image\/jpeg"}],"twitter_card":"summary_large_image","twitter_misc":{"Estimated reading time":"2 minutes"},"schema":{"@context":"https:\/\/schema.org","@graph":[{"@type":"WebPage","@id":"https:\/\/cognacchainier.com\/pineau-des-charentes-liqueurs\/vieux-pineau-des-charentes-blanc\/","url":"https:\/\/cognacchainier.com\/pineau-des-charentes-liqueurs\/vieux-pineau-des-charentes-blanc\/","name":"Vieux Pineau des Charentes Blanc - Cognac Chainier","isPartOf":{"@id":"https:\/\/cognacchainier.com\/#website"},"primaryImageOfPage":{"@id":"https:\/\/cognacchainier.com\/pineau-des-charentes-liqueurs\/vieux-pineau-des-charentes-blanc\/#primaryimage"},"image":{"@id":"https:\/\/cognacchainier.com\/pineau-des-charentes-liqueurs\/vieux-pineau-des-charentes-blanc\/#primaryimage"},"thumbnailUrl":"https:\/\/cognacchainier.com\/wp-content\/uploads\/2024\/07\/pineau-des-charentes-vieux-scaled.jpg","datePublished":"2020-02-11T13:54:33+00:00","dateModified":"2024-07-04T14:11:09+00:00","description":"Vieux Pineau des Charentes Blanc - Concours G\u00e9n\u00e9ral Agricole de Paris 2017 M\u00e9daille d\u2019ARGENT Concours G\u00e9n\u00e9ral Agricole de Paris 2009 M\u00e9daille d\u2019OR Concours G\u00e9n\u00e9ral Agricole de Paris 2008 M\u00e9daille d\u2019ARGENT Guide Hachette des Vins 2017 \u2605 Guide Hachette des Vins 2014 \u2605\u2605 Guide Hachette des Vins 2012 \u2605\u2605\u2665 Coup de C\u0153ur Foire au Pineau de Barbezieux 2017 M\u00e9daille d\u2019OR Foire au Pineau de Barbezieux 2016 M\u00e9daille d\u2019OR Foire au Pineau de Barbezieux 2008 M\u00e9daille d\u2019OR Foire au Pineau de Barbezieux 2007 M\u00e9daille d\u2019OR Concours des Saveurs R\u00e9gionales 2016 Saveur d\u2019OR","breadcrumb":{"@id":"https:\/\/cognacchainier.com\/pineau-des-charentes-liqueurs\/vieux-pineau-des-charentes-blanc\/#breadcrumb"},"inLanguage":"en-GB","potentialAction":[{"@type":"ReadAction","target":["https:\/\/cognacchainier.com\/pineau-des-charentes-liqueurs\/vieux-pineau-des-charentes-blanc\/"]}]},{"@type":"ImageObject","inLanguage":"en-GB","@id":"https:\/\/cognacchainier.com\/pineau-des-charentes-liqueurs\/vieux-pineau-des-charentes-blanc\/#primaryimage","url":"https:\/\/cognacchainier.com\/wp-content\/uploads\/2024\/07\/pineau-des-charentes-vieux-scaled.jpg","contentUrl":"https:\/\/cognacchainier.com\/wp-content\/uploads\/2024\/07\/pineau-des-charentes-vieux-scaled.jpg","width":711,"height":2560,"caption":"bouteille de pineau"},{"@type":"BreadcrumbList","@id":"https:\/\/cognacchainier.com\/pineau-des-charentes-liqueurs\/vieux-pineau-des-charentes-blanc\/#breadcrumb","itemListElement":[{"@type":"ListItem","position":1,"name":"Accueil","item":"https:\/\/cognacchainier.com\/"},{"@type":"ListItem","position":2,"name":"Nos produits","item":"https:\/\/cognacchainier.com\/nos-produits\/"},{"@type":"ListItem","position":3,"name":"Vieux Pineau des Charentes Blanc"}]},{"@type":"WebSite","@id":"https:\/\/cognacchainier.com\/#website","url":"https:\/\/cognacchainier.com\/","name":"Cognac Chainier","description":"Cognac et Pineau des Charentes","publisher":{"@id":"https:\/\/cognacchainier.com\/#organization"},"potentialAction":[{"@type":"SearchAction","target":{"@type":"EntryPoint","urlTemplate":"https:\/\/cognacchainier.com\/?s={search_term_string}"},"query-input":"required name=search_term_string"}],"inLanguage":"en-GB"},{"@type":"Organization","@id":"https:\/\/cognacchainier.com\/#organization","name":"Cognac Chainier","url":"https:\/\/cognacchainier.com\/","logo":{"@type":"ImageObject","inLanguage":"en-GB","@id":"https:\/\/cognacchainier.com\/#\/schema\/logo\/image\/","url":"https:\/\/cognacchainier.com\/wp-content\/uploads\/2020\/02\/cognac-chainier-logo-1516111730.png","contentUrl":"https:\/\/cognacchainier.com\/wp-content\/uploads\/2020\/02\/cognac-chainier-logo-1516111730.png","width":223,"height":71,"caption":"Cognac Chainier"},"image":{"@id":"https:\/\/cognacchainier.com\/#\/schema\/logo\/image\/"},"sameAs":["https:\/\/www.facebook.com\/cognacchainier","https:\/\/www.linkedin.com\/company\/cognacchainier\/"]}]}},"jetpack_sharing_enabled":true,"featured_img":"https:\/\/cognacchainier.com\/wp-content\/uploads\/2024\/07\/pineau-des-charentes-vieux-scaled.jpg","coauthors":[],"author_meta":{"author_link":"https:\/\/cognacchainier.com\/en\/author\/clement_gay\/","display_name":"Cl\u00e9ment"},"relative_dates":{"created":"Posted 6 years ago","modified":"Updated 2 years ago"},"absolute_dates":{"created":"Posted on 11 February 2020","modified":"Updated on 4 July 2024"},"absolute_dates_time":{"created":"Posted on 11 February 2020 14 h 54 min","modified":"Updated on 4 July 2024 16 h 11 min"},"featured_img_caption":"","tax_additional":{"product_type":{"linked":["<a href=\"https:\/\/cognacchainier.com\/en\/?taxonomy=product_type&#038;term=simple\" class=\"advgb-post-tax-term\">simple<\/a>"],"unlinked":["<span class=\"advgb-post-tax-term\">simple<\/span>"],"slug":"product_type","name":"Product type"},"product_visibility":{"linked":[],"unlinked":[],"slug":"product_visibility","name":"Product visibility"},"product_cat":{"linked":["<a href=\"https:\/\/cognacchainier.com\/en\/pineau-des-charentes-liqueurs\/\" class=\"advgb-post-tax-term\">Pineau des Charentes et liqueurs<\/a>"],"unlinked":["<span class=\"advgb-post-tax-term\">Pineau des Charentes et liqueurs<\/span>"],"slug":"product_cat","name":"Product categories"},"product_tag":{"linked":["<a href=\"https:\/\/cognacchainier.com\/en\/product-tag\/pineau\/\" class=\"advgb-post-tax-term\">pineau<\/a>"],"unlinked":["<span class=\"advgb-post-tax-term\">pineau<\/span>"],"slug":"product_tag","name":"Product tags"},"product_shipping_class":{"linked":[],"unlinked":[],"slug":"product_shipping_class","name":"Product shipping classes"},"pa_age":{"linked":[],"unlinked":[],"slug":"pa_age","name":"Product Dur\u00e9e de vieillissement minimale"},"pa_contenance":{"linked":["<a href=\"https:\/\/cognacchainier.com\/en\/?taxonomy=pa_contenance&#038;term=75-cl\" class=\"advgb-post-tax-term\">75 cl<\/a>"],"unlinked":["<span class=\"advgb-post-tax-term\">75 cl<\/span>"],"slug":"pa_contenance","name":"Product Contenance"},"pa_taux-dalcool":{"linked":["<a href=\"https:\/\/cognacchainier.com\/en\/?taxonomy=pa_taux-dalcool&#038;term=18-vol\" class=\"advgb-post-tax-term\">18 %vol.<\/a>"],"unlinked":["<span class=\"advgb-post-tax-term\">18 %vol.<\/span>"],"slug":"pa_taux-dalcool","name":"Product Alcool %vol"}},"series_order":"","_links":{"self":[{"href":"https:\/\/cognacchainier.com\/en\/wp-json\/wp\/v2\/product\/231"}],"collection":[{"href":"https:\/\/cognacchainier.com\/en\/wp-json\/wp\/v2\/product"}],"about":[{"href":"https:\/\/cognacchainier.com\/en\/wp-json\/wp\/v2\/types\/product"}],"replies":[{"embeddable":true,"href":"https:\/\/cognacchainier.com\/en\/wp-json\/wp\/v2\/comments?post=231"}],"wp:featuredmedia":[{"embeddable":true,"href":"https:\/\/cognacchainier.com\/en\/wp-json\/wp\/v2\/media\/1551"}],"wp:attachment":[{"href":"https:\/\/cognacchainier.com\/en\/wp-json\/wp\/v2\/media?parent=231"}],"wp:term":[{"taxonomy":"product_cat","embeddable":true,"href":"https:\/\/cognacchainier.com\/en\/wp-json\/wp\/v2\/product_cat?post=231"},{"taxonomy":"product_tag","embeddable":true,"href":"https:\/\/cognacchainier.com\/en\/wp-json\/wp\/v2\/product_tag?post=231"}],"curies":[{"name":"wp","href":"https:\/\/api.w.org\/{rel}","templated":true}]}}