{"id":229,"date":"2020-02-11T14:52:07","date_gmt":"2020-02-11T13:52:07","guid":{"rendered":"https:\/\/cognacchainier.com\/wordpress\/?post_type=product&#038;p=229"},"modified":"2024-07-04T16:10:20","modified_gmt":"2024-07-04T14:10:20","slug":"pineau-des-charentes-rose","status":"publish","type":"product","link":"https:\/\/cognacchainier.com\/en\/pineau-des-charentes-liqueurs\/pineau-des-charentes-rose\/","title":{"rendered":"Pineau des Charentes Ros\u00e9"},"content":{"rendered":"<p style=\"text-align: justify;\">Our Ros\u00e9 Pineau is made from Cognac and Merlot grapes with a well sugar\/acidity balance.<br \/>\nAfter the Merlot harvest, we let the grapes macerate for 36 hours and we press slowly in a pneumatic press.<br \/>\nWe let it decant for 12 hours and we add old Petite Champagne Cognac to the juice to prevent fermentation. We homogenise every 8 first days.<br \/>\nDuring the first winder, our Pineau Ros\u00e9 is kept in stainless steel vats. Then, it is transferred to oak casks for ageing. After filtration, it is finally bottled.<br \/>\nOur Pineau des Charentes Ros\u00e9 has a \"prune flesh\" colour and a nuts kernel scent. It is drunk cold, for aperitif (5-6\u00b0C). It goes very well with melon, nuts or red fruits based desserts (pies, fruit salad). Being slightly fruity, it goes perfectly with chocolate and chocolate cakes.<br \/>\nLike red wines, Pineau des Charentes Ros\u00e9 contains polyphenols and tannins which can form a deposit in the bottle. This deposit does not reduce the quality of the product.<\/p>","protected":false},"excerpt":{"rendered":"<p>Pour \u00e9laborer notre Pineau des Charentes Ros\u00e9, nous utilisons uniquement des raisins rouges (Merlot) pr\u00e9sentant un bon \u00e9quilibre sucre\/acidit\u00e9. Apr\u00e8s la r\u00e9colte, nous effectuons une mac\u00e9ration de 36 heures suivie d&rsquo;un pressurage \u00e0 basse pression. Apr\u00e8s un d\u00e9bourbage de 12 heures, nous m\u00e9langeons le mo\u00fbt avec du Cognac \u00ab\u00a0rassis\u00a0\u00bb provenant de notre propri\u00e9t\u00e9 de Petite [&hellip;]<\/p>","protected":false},"author":1,"featured_media":1549,"comment_status":"open","ping_status":"closed","template":"","meta":{"advgb_blocks_editor_width":"","advgb_blocks_columns_visual_guide":""},"product_cat":[21],"product_tag":[36],"yoast_head":"<!-- This site is optimized with the Yoast SEO plugin v22.8 - https:\/\/yoast.com\/wordpress\/plugins\/seo\/ -->\n<title>Pineau des Charentes Ros\u00e9 - Cognac Chainier<\/title>\n<meta name=\"description\" content=\"Pineau des Charentes Ros\u00e9 -\" \/>\n<meta name=\"robots\" content=\"index, follow, max-snippet:-1, max-image-preview:large, max-video-preview:-1\" \/>\n<link rel=\"canonical\" href=\"https:\/\/cognacchainier.com\/en\/pineau-des-charentes-liqueurs\/pineau-des-charentes-rose\/\" \/>\n<meta property=\"og:locale\" content=\"en_GB\" \/>\n<meta property=\"og:type\" content=\"article\" \/>\n<meta property=\"og:title\" content=\"Pineau des Charentes Ros\u00e9 - Cognac Chainier\" \/>\n<meta property=\"og:description\" content=\"Pineau des Charentes Ros\u00e9 -\" \/>\n<meta property=\"og:url\" content=\"https:\/\/cognacchainier.com\/en\/pineau-des-charentes-liqueurs\/pineau-des-charentes-rose\/\" \/>\n<meta property=\"og:site_name\" content=\"Cognac Chainier\" \/>\n<meta property=\"article:publisher\" content=\"https:\/\/www.facebook.com\/cognacchainier\" \/>\n<meta property=\"article:modified_time\" content=\"2024-07-04T14:10:20+00:00\" \/>\n<meta property=\"og:image\" content=\"https:\/\/cognacchainier.com\/wp-content\/uploads\/2024\/07\/pineau-des-charentes-rose-scaled.jpg\" \/>\n\t<meta property=\"og:image:width\" content=\"711\" \/>\n\t<meta property=\"og:image:height\" content=\"2560\" \/>\n\t<meta property=\"og:image:type\" content=\"image\/jpeg\" \/>\n<meta name=\"twitter:card\" content=\"summary_large_image\" \/>\n<meta name=\"twitter:label1\" content=\"Estimated reading time\" \/>\n\t<meta name=\"twitter:data1\" content=\"2 minutes\" \/>\n<script type=\"application\/ld+json\" class=\"yoast-schema-graph\">{\"@context\":\"https:\/\/schema.org\",\"@graph\":[{\"@type\":\"WebPage\",\"@id\":\"https:\/\/cognacchainier.com\/pineau-des-charentes-liqueurs\/pineau-des-charentes-rose\/\",\"url\":\"https:\/\/cognacchainier.com\/pineau-des-charentes-liqueurs\/pineau-des-charentes-rose\/\",\"name\":\"Pineau des Charentes Ros\u00e9 - Cognac Chainier\",\"isPartOf\":{\"@id\":\"https:\/\/cognacchainier.com\/#website\"},\"primaryImageOfPage\":{\"@id\":\"https:\/\/cognacchainier.com\/pineau-des-charentes-liqueurs\/pineau-des-charentes-rose\/#primaryimage\"},\"image\":{\"@id\":\"https:\/\/cognacchainier.com\/pineau-des-charentes-liqueurs\/pineau-des-charentes-rose\/#primaryimage\"},\"thumbnailUrl\":\"https:\/\/cognacchainier.com\/wp-content\/uploads\/2024\/07\/pineau-des-charentes-rose-scaled.jpg\",\"datePublished\":\"2020-02-11T13:52:07+00:00\",\"dateModified\":\"2024-07-04T14:10:20+00:00\",\"description\":\"Pineau des Charentes Ros\u00e9 -\",\"breadcrumb\":{\"@id\":\"https:\/\/cognacchainier.com\/pineau-des-charentes-liqueurs\/pineau-des-charentes-rose\/#breadcrumb\"},\"inLanguage\":\"en-GB\",\"potentialAction\":[{\"@type\":\"ReadAction\",\"target\":[\"https:\/\/cognacchainier.com\/pineau-des-charentes-liqueurs\/pineau-des-charentes-rose\/\"]}]},{\"@type\":\"ImageObject\",\"inLanguage\":\"en-GB\",\"@id\":\"https:\/\/cognacchainier.com\/pineau-des-charentes-liqueurs\/pineau-des-charentes-rose\/#primaryimage\",\"url\":\"https:\/\/cognacchainier.com\/wp-content\/uploads\/2024\/07\/pineau-des-charentes-rose-scaled.jpg\",\"contentUrl\":\"https:\/\/cognacchainier.com\/wp-content\/uploads\/2024\/07\/pineau-des-charentes-rose-scaled.jpg\",\"width\":711,\"height\":2560,\"caption\":\"bouteille de pineau\"},{\"@type\":\"BreadcrumbList\",\"@id\":\"https:\/\/cognacchainier.com\/pineau-des-charentes-liqueurs\/pineau-des-charentes-rose\/#breadcrumb\",\"itemListElement\":[{\"@type\":\"ListItem\",\"position\":1,\"name\":\"Accueil\",\"item\":\"https:\/\/cognacchainier.com\/\"},{\"@type\":\"ListItem\",\"position\":2,\"name\":\"Nos produits\",\"item\":\"https:\/\/cognacchainier.com\/nos-produits\/\"},{\"@type\":\"ListItem\",\"position\":3,\"name\":\"Pineau des Charentes Ros\u00e9\"}]},{\"@type\":\"WebSite\",\"@id\":\"https:\/\/cognacchainier.com\/#website\",\"url\":\"https:\/\/cognacchainier.com\/\",\"name\":\"Cognac Chainier\",\"description\":\"Cognac et Pineau des Charentes\",\"publisher\":{\"@id\":\"https:\/\/cognacchainier.com\/#organization\"},\"potentialAction\":[{\"@type\":\"SearchAction\",\"target\":{\"@type\":\"EntryPoint\",\"urlTemplate\":\"https:\/\/cognacchainier.com\/?s={search_term_string}\"},\"query-input\":\"required name=search_term_string\"}],\"inLanguage\":\"en-GB\"},{\"@type\":\"Organization\",\"@id\":\"https:\/\/cognacchainier.com\/#organization\",\"name\":\"Cognac Chainier\",\"url\":\"https:\/\/cognacchainier.com\/\",\"logo\":{\"@type\":\"ImageObject\",\"inLanguage\":\"en-GB\",\"@id\":\"https:\/\/cognacchainier.com\/#\/schema\/logo\/image\/\",\"url\":\"https:\/\/cognacchainier.com\/wp-content\/uploads\/2020\/02\/cognac-chainier-logo-1516111730.png\",\"contentUrl\":\"https:\/\/cognacchainier.com\/wp-content\/uploads\/2020\/02\/cognac-chainier-logo-1516111730.png\",\"width\":223,\"height\":71,\"caption\":\"Cognac Chainier\"},\"image\":{\"@id\":\"https:\/\/cognacchainier.com\/#\/schema\/logo\/image\/\"},\"sameAs\":[\"https:\/\/www.facebook.com\/cognacchainier\",\"https:\/\/www.linkedin.com\/company\/cognacchainier\/\"]}]}<\/script>\n<!-- \/ Yoast SEO plugin. -->","yoast_head_json":{"title":"Pineau des Charentes Ros\u00e9 - Cognac Chainier","description":"Pineau des Charentes Ros\u00e9 -","robots":{"index":"index","follow":"follow","max-snippet":"max-snippet:-1","max-image-preview":"max-image-preview:large","max-video-preview":"max-video-preview:-1"},"canonical":"https:\/\/cognacchainier.com\/en\/pineau-des-charentes-liqueurs\/pineau-des-charentes-rose\/","og_locale":"en_GB","og_type":"article","og_title":"Pineau des Charentes Ros\u00e9 - Cognac Chainier","og_description":"Pineau des Charentes Ros\u00e9 -","og_url":"https:\/\/cognacchainier.com\/en\/pineau-des-charentes-liqueurs\/pineau-des-charentes-rose\/","og_site_name":"Cognac Chainier","article_publisher":"https:\/\/www.facebook.com\/cognacchainier","article_modified_time":"2024-07-04T14:10:20+00:00","og_image":[{"width":711,"height":2560,"url":"https:\/\/cognacchainier.com\/wp-content\/uploads\/2024\/07\/pineau-des-charentes-rose-scaled.jpg","type":"image\/jpeg"}],"twitter_card":"summary_large_image","twitter_misc":{"Estimated reading time":"2 minutes"},"schema":{"@context":"https:\/\/schema.org","@graph":[{"@type":"WebPage","@id":"https:\/\/cognacchainier.com\/pineau-des-charentes-liqueurs\/pineau-des-charentes-rose\/","url":"https:\/\/cognacchainier.com\/pineau-des-charentes-liqueurs\/pineau-des-charentes-rose\/","name":"Pineau des Charentes Ros\u00e9 - Cognac Chainier","isPartOf":{"@id":"https:\/\/cognacchainier.com\/#website"},"primaryImageOfPage":{"@id":"https:\/\/cognacchainier.com\/pineau-des-charentes-liqueurs\/pineau-des-charentes-rose\/#primaryimage"},"image":{"@id":"https:\/\/cognacchainier.com\/pineau-des-charentes-liqueurs\/pineau-des-charentes-rose\/#primaryimage"},"thumbnailUrl":"https:\/\/cognacchainier.com\/wp-content\/uploads\/2024\/07\/pineau-des-charentes-rose-scaled.jpg","datePublished":"2020-02-11T13:52:07+00:00","dateModified":"2024-07-04T14:10:20+00:00","description":"Pineau des Charentes Ros\u00e9 -","breadcrumb":{"@id":"https:\/\/cognacchainier.com\/pineau-des-charentes-liqueurs\/pineau-des-charentes-rose\/#breadcrumb"},"inLanguage":"en-GB","potentialAction":[{"@type":"ReadAction","target":["https:\/\/cognacchainier.com\/pineau-des-charentes-liqueurs\/pineau-des-charentes-rose\/"]}]},{"@type":"ImageObject","inLanguage":"en-GB","@id":"https:\/\/cognacchainier.com\/pineau-des-charentes-liqueurs\/pineau-des-charentes-rose\/#primaryimage","url":"https:\/\/cognacchainier.com\/wp-content\/uploads\/2024\/07\/pineau-des-charentes-rose-scaled.jpg","contentUrl":"https:\/\/cognacchainier.com\/wp-content\/uploads\/2024\/07\/pineau-des-charentes-rose-scaled.jpg","width":711,"height":2560,"caption":"bouteille de pineau"},{"@type":"BreadcrumbList","@id":"https:\/\/cognacchainier.com\/pineau-des-charentes-liqueurs\/pineau-des-charentes-rose\/#breadcrumb","itemListElement":[{"@type":"ListItem","position":1,"name":"Accueil","item":"https:\/\/cognacchainier.com\/"},{"@type":"ListItem","position":2,"name":"Nos produits","item":"https:\/\/cognacchainier.com\/nos-produits\/"},{"@type":"ListItem","position":3,"name":"Pineau des Charentes Ros\u00e9"}]},{"@type":"WebSite","@id":"https:\/\/cognacchainier.com\/#website","url":"https:\/\/cognacchainier.com\/","name":"Cognac Chainier","description":"Cognac et Pineau des Charentes","publisher":{"@id":"https:\/\/cognacchainier.com\/#organization"},"potentialAction":[{"@type":"SearchAction","target":{"@type":"EntryPoint","urlTemplate":"https:\/\/cognacchainier.com\/?s={search_term_string}"},"query-input":"required name=search_term_string"}],"inLanguage":"en-GB"},{"@type":"Organization","@id":"https:\/\/cognacchainier.com\/#organization","name":"Cognac Chainier","url":"https:\/\/cognacchainier.com\/","logo":{"@type":"ImageObject","inLanguage":"en-GB","@id":"https:\/\/cognacchainier.com\/#\/schema\/logo\/image\/","url":"https:\/\/cognacchainier.com\/wp-content\/uploads\/2020\/02\/cognac-chainier-logo-1516111730.png","contentUrl":"https:\/\/cognacchainier.com\/wp-content\/uploads\/2020\/02\/cognac-chainier-logo-1516111730.png","width":223,"height":71,"caption":"Cognac Chainier"},"image":{"@id":"https:\/\/cognacchainier.com\/#\/schema\/logo\/image\/"},"sameAs":["https:\/\/www.facebook.com\/cognacchainier","https:\/\/www.linkedin.com\/company\/cognacchainier\/"]}]}},"jetpack_sharing_enabled":true,"featured_img":"https:\/\/cognacchainier.com\/wp-content\/uploads\/2024\/07\/pineau-des-charentes-rose-scaled.jpg","coauthors":[],"author_meta":{"author_link":"https:\/\/cognacchainier.com\/en\/author\/clement_gay\/","display_name":"Cl\u00e9ment"},"relative_dates":{"created":"Posted 6 years ago","modified":"Updated 2 years ago"},"absolute_dates":{"created":"Posted on 11 February 2020","modified":"Updated on 4 July 2024"},"absolute_dates_time":{"created":"Posted on 11 February 2020 14 h 52 min","modified":"Updated on 4 July 2024 16 h 10 min"},"featured_img_caption":"","tax_additional":{"product_type":{"linked":["<a href=\"https:\/\/cognacchainier.com\/en\/?taxonomy=product_type&#038;term=simple\" class=\"advgb-post-tax-term\">simple<\/a>"],"unlinked":["<span class=\"advgb-post-tax-term\">simple<\/span>"],"slug":"product_type","name":"Product type"},"product_visibility":{"linked":[],"unlinked":[],"slug":"product_visibility","name":"Product visibility"},"product_cat":{"linked":["<a href=\"https:\/\/cognacchainier.com\/en\/pineau-des-charentes-liqueurs\/\" class=\"advgb-post-tax-term\">Pineau des Charentes et liqueurs<\/a>"],"unlinked":["<span class=\"advgb-post-tax-term\">Pineau des Charentes et liqueurs<\/span>"],"slug":"product_cat","name":"Product categories"},"product_tag":{"linked":["<a href=\"https:\/\/cognacchainier.com\/en\/product-tag\/pineau\/\" class=\"advgb-post-tax-term\">pineau<\/a>"],"unlinked":["<span class=\"advgb-post-tax-term\">pineau<\/span>"],"slug":"product_tag","name":"Product tags"},"product_shipping_class":{"linked":[],"unlinked":[],"slug":"product_shipping_class","name":"Product shipping classes"},"pa_age":{"linked":[],"unlinked":[],"slug":"pa_age","name":"Product Dur\u00e9e de vieillissement minimale"},"pa_contenance":{"linked":["<a href=\"https:\/\/cognacchainier.com\/en\/?taxonomy=pa_contenance&#038;term=75-cl\" class=\"advgb-post-tax-term\">75 cl<\/a>"],"unlinked":["<span class=\"advgb-post-tax-term\">75 cl<\/span>"],"slug":"pa_contenance","name":"Product Contenance"},"pa_taux-dalcool":{"linked":["<a href=\"https:\/\/cognacchainier.com\/en\/?taxonomy=pa_taux-dalcool&#038;term=18-vol\" class=\"advgb-post-tax-term\">18 %vol.<\/a>"],"unlinked":["<span class=\"advgb-post-tax-term\">18 %vol.<\/span>"],"slug":"pa_taux-dalcool","name":"Product Alcool %vol"}},"series_order":"","_links":{"self":[{"href":"https:\/\/cognacchainier.com\/en\/wp-json\/wp\/v2\/product\/229"}],"collection":[{"href":"https:\/\/cognacchainier.com\/en\/wp-json\/wp\/v2\/product"}],"about":[{"href":"https:\/\/cognacchainier.com\/en\/wp-json\/wp\/v2\/types\/product"}],"replies":[{"embeddable":true,"href":"https:\/\/cognacchainier.com\/en\/wp-json\/wp\/v2\/comments?post=229"}],"wp:featuredmedia":[{"embeddable":true,"href":"https:\/\/cognacchainier.com\/en\/wp-json\/wp\/v2\/media\/1549"}],"wp:attachment":[{"href":"https:\/\/cognacchainier.com\/en\/wp-json\/wp\/v2\/media?parent=229"}],"wp:term":[{"taxonomy":"product_cat","embeddable":true,"href":"https:\/\/cognacchainier.com\/en\/wp-json\/wp\/v2\/product_cat?post=229"},{"taxonomy":"product_tag","embeddable":true,"href":"https:\/\/cognacchainier.com\/en\/wp-json\/wp\/v2\/product_tag?post=229"}],"curies":[{"name":"wp","href":"https:\/\/api.w.org\/{rel}","templated":true}]}}