{"id":224,"date":"2020-02-11T14:36:35","date_gmt":"2020-02-11T13:36:35","guid":{"rendered":"https:\/\/cognacchainier.com\/wordpress\/?post_type=product&#038;p=224"},"modified":"2024-07-04T16:16:51","modified_gmt":"2024-07-04T14:16:51","slug":"pineau-des-charentes-blanc","status":"publish","type":"product","link":"https:\/\/cognacchainier.com\/en\/pineau-des-charentes-liqueurs\/pineau-des-charentes-blanc\/","title":{"rendered":"Pineau des Charentes Blanc"},"content":{"rendered":"<p style=\"text-align: justify;\">Our white Pineau des Charentes is made of grapes from selected old vine facing south\/south-west. We use Ugni Blanc and Colombard varieties (50%-50%) from our Petite Champagne estate.<\/p>\n<p style=\"text-align: justify;\">During the harvests, these grapes are pressed in a pneumatic wine press with a low pressure (preventing oxidisation).<\/p>\n<p style=\"text-align: justify;\">After a 12 hours decantation, some of our Cognac is added to the obtained juice in order to avoid fermentation.<\/p>\n<p style=\"text-align: justify;\">During the following winter, Pineau is matured with the lees. We then decant it regularly during 3 to 4 years and we blend different vintages to obtain a constant quality. We finally filter and bottle it.<\/p>\n<p style=\"text-align: justify;\">White Pineau des Charentes is an aperitif drunk  cold (5-6\u00b0C). It also goes well with foie gras, melon, desserts and even fermented cheeses. It is very good with traditional terroir cuisine.<\/p>","protected":false},"excerpt":{"rendered":"<p>Pour \u00e9laborer notre Pineau des Charentes Blanc, nous s\u00e9lectionnons les raisins de vieille vigne d&rsquo;exposition Sud\/Sud-Ouest. Les c\u00e9pages utilis\u00e9s sont l&rsquo;Ugni Blanc (50%) et le Colombard (50%) provenant de notre propri\u00e9t\u00e9 de Petit Champagne. Au moment des vendanges, ces raisins sont pass\u00e9s dans un pressoir pneumatique \u00e0 basse pression (\u00e9vitant ainsi l&rsquo;oxydation). Apr\u00e8s un d\u00e9bourbage [&hellip;]<\/p>","protected":false},"author":1,"featured_media":1548,"comment_status":"open","ping_status":"closed","template":"","meta":{"advgb_blocks_editor_width":"","advgb_blocks_columns_visual_guide":""},"product_cat":[21],"product_tag":[36],"yoast_head":"<!-- This site is optimized with the Yoast SEO plugin v22.8 - https:\/\/yoast.com\/wordpress\/plugins\/seo\/ -->\n<title>Pineau des Charentes Blanc - Cognac Chainier<\/title>\n<meta name=\"description\" content=\"Pineau des Charentes Blanc -\" \/>\n<meta name=\"robots\" content=\"index, follow, max-snippet:-1, max-image-preview:large, max-video-preview:-1\" \/>\n<link rel=\"canonical\" href=\"https:\/\/cognacchainier.com\/en\/pineau-des-charentes-liqueurs\/pineau-des-charentes-blanc\/\" \/>\n<meta property=\"og:locale\" content=\"en_GB\" \/>\n<meta property=\"og:type\" content=\"article\" \/>\n<meta property=\"og:title\" content=\"Pineau des Charentes Blanc - Cognac Chainier\" \/>\n<meta property=\"og:description\" content=\"Pineau des Charentes Blanc -\" \/>\n<meta property=\"og:url\" content=\"https:\/\/cognacchainier.com\/en\/pineau-des-charentes-liqueurs\/pineau-des-charentes-blanc\/\" \/>\n<meta property=\"og:site_name\" content=\"Cognac Chainier\" \/>\n<meta property=\"article:publisher\" content=\"https:\/\/www.facebook.com\/cognacchainier\" \/>\n<meta property=\"article:modified_time\" content=\"2024-07-04T14:16:51+00:00\" \/>\n<meta property=\"og:image\" content=\"https:\/\/cognacchainier.com\/wp-content\/uploads\/2024\/07\/pineau-des-charentes-blanc-scaled.jpg\" \/>\n\t<meta property=\"og:image:width\" content=\"711\" \/>\n\t<meta property=\"og:image:height\" content=\"2560\" \/>\n\t<meta property=\"og:image:type\" content=\"image\/jpeg\" \/>\n<meta name=\"twitter:card\" content=\"summary_large_image\" \/>\n<meta name=\"twitter:label1\" content=\"Estimated reading time\" \/>\n\t<meta name=\"twitter:data1\" content=\"2 minutes\" \/>\n<script type=\"application\/ld+json\" class=\"yoast-schema-graph\">{\"@context\":\"https:\/\/schema.org\",\"@graph\":[{\"@type\":\"WebPage\",\"@id\":\"https:\/\/cognacchainier.com\/pineau-des-charentes-liqueurs\/pineau-des-charentes-blanc\/\",\"url\":\"https:\/\/cognacchainier.com\/pineau-des-charentes-liqueurs\/pineau-des-charentes-blanc\/\",\"name\":\"Pineau des Charentes Blanc - Cognac Chainier\",\"isPartOf\":{\"@id\":\"https:\/\/cognacchainier.com\/#website\"},\"primaryImageOfPage\":{\"@id\":\"https:\/\/cognacchainier.com\/pineau-des-charentes-liqueurs\/pineau-des-charentes-blanc\/#primaryimage\"},\"image\":{\"@id\":\"https:\/\/cognacchainier.com\/pineau-des-charentes-liqueurs\/pineau-des-charentes-blanc\/#primaryimage\"},\"thumbnailUrl\":\"https:\/\/cognacchainier.com\/wp-content\/uploads\/2024\/07\/pineau-des-charentes-blanc-scaled.jpg\",\"datePublished\":\"2020-02-11T13:36:35+00:00\",\"dateModified\":\"2024-07-04T14:16:51+00:00\",\"description\":\"Pineau des Charentes Blanc -\",\"breadcrumb\":{\"@id\":\"https:\/\/cognacchainier.com\/pineau-des-charentes-liqueurs\/pineau-des-charentes-blanc\/#breadcrumb\"},\"inLanguage\":\"en-GB\",\"potentialAction\":[{\"@type\":\"ReadAction\",\"target\":[\"https:\/\/cognacchainier.com\/pineau-des-charentes-liqueurs\/pineau-des-charentes-blanc\/\"]}]},{\"@type\":\"ImageObject\",\"inLanguage\":\"en-GB\",\"@id\":\"https:\/\/cognacchainier.com\/pineau-des-charentes-liqueurs\/pineau-des-charentes-blanc\/#primaryimage\",\"url\":\"https:\/\/cognacchainier.com\/wp-content\/uploads\/2024\/07\/pineau-des-charentes-blanc-scaled.jpg\",\"contentUrl\":\"https:\/\/cognacchainier.com\/wp-content\/uploads\/2024\/07\/pineau-des-charentes-blanc-scaled.jpg\",\"width\":711,\"height\":2560,\"caption\":\"bouteille de pineau\"},{\"@type\":\"BreadcrumbList\",\"@id\":\"https:\/\/cognacchainier.com\/pineau-des-charentes-liqueurs\/pineau-des-charentes-blanc\/#breadcrumb\",\"itemListElement\":[{\"@type\":\"ListItem\",\"position\":1,\"name\":\"Accueil\",\"item\":\"https:\/\/cognacchainier.com\/\"},{\"@type\":\"ListItem\",\"position\":2,\"name\":\"Nos produits\",\"item\":\"https:\/\/cognacchainier.com\/nos-produits\/\"},{\"@type\":\"ListItem\",\"position\":3,\"name\":\"Pineau des Charentes Blanc\"}]},{\"@type\":\"WebSite\",\"@id\":\"https:\/\/cognacchainier.com\/#website\",\"url\":\"https:\/\/cognacchainier.com\/\",\"name\":\"Cognac Chainier\",\"description\":\"Cognac et Pineau des Charentes\",\"publisher\":{\"@id\":\"https:\/\/cognacchainier.com\/#organization\"},\"potentialAction\":[{\"@type\":\"SearchAction\",\"target\":{\"@type\":\"EntryPoint\",\"urlTemplate\":\"https:\/\/cognacchainier.com\/?s={search_term_string}\"},\"query-input\":\"required name=search_term_string\"}],\"inLanguage\":\"en-GB\"},{\"@type\":\"Organization\",\"@id\":\"https:\/\/cognacchainier.com\/#organization\",\"name\":\"Cognac Chainier\",\"url\":\"https:\/\/cognacchainier.com\/\",\"logo\":{\"@type\":\"ImageObject\",\"inLanguage\":\"en-GB\",\"@id\":\"https:\/\/cognacchainier.com\/#\/schema\/logo\/image\/\",\"url\":\"https:\/\/cognacchainier.com\/wp-content\/uploads\/2020\/02\/cognac-chainier-logo-1516111730.png\",\"contentUrl\":\"https:\/\/cognacchainier.com\/wp-content\/uploads\/2020\/02\/cognac-chainier-logo-1516111730.png\",\"width\":223,\"height\":71,\"caption\":\"Cognac Chainier\"},\"image\":{\"@id\":\"https:\/\/cognacchainier.com\/#\/schema\/logo\/image\/\"},\"sameAs\":[\"https:\/\/www.facebook.com\/cognacchainier\",\"https:\/\/www.linkedin.com\/company\/cognacchainier\/\"]}]}<\/script>\n<!-- \/ Yoast SEO plugin. -->","yoast_head_json":{"title":"Pineau des Charentes Blanc - Cognac Chainier","description":"Pineau des Charentes Blanc -","robots":{"index":"index","follow":"follow","max-snippet":"max-snippet:-1","max-image-preview":"max-image-preview:large","max-video-preview":"max-video-preview:-1"},"canonical":"https:\/\/cognacchainier.com\/en\/pineau-des-charentes-liqueurs\/pineau-des-charentes-blanc\/","og_locale":"en_GB","og_type":"article","og_title":"Pineau des Charentes Blanc - Cognac Chainier","og_description":"Pineau des Charentes Blanc -","og_url":"https:\/\/cognacchainier.com\/en\/pineau-des-charentes-liqueurs\/pineau-des-charentes-blanc\/","og_site_name":"Cognac Chainier","article_publisher":"https:\/\/www.facebook.com\/cognacchainier","article_modified_time":"2024-07-04T14:16:51+00:00","og_image":[{"width":711,"height":2560,"url":"https:\/\/cognacchainier.com\/wp-content\/uploads\/2024\/07\/pineau-des-charentes-blanc-scaled.jpg","type":"image\/jpeg"}],"twitter_card":"summary_large_image","twitter_misc":{"Estimated reading time":"2 minutes"},"schema":{"@context":"https:\/\/schema.org","@graph":[{"@type":"WebPage","@id":"https:\/\/cognacchainier.com\/pineau-des-charentes-liqueurs\/pineau-des-charentes-blanc\/","url":"https:\/\/cognacchainier.com\/pineau-des-charentes-liqueurs\/pineau-des-charentes-blanc\/","name":"Pineau des Charentes Blanc - Cognac Chainier","isPartOf":{"@id":"https:\/\/cognacchainier.com\/#website"},"primaryImageOfPage":{"@id":"https:\/\/cognacchainier.com\/pineau-des-charentes-liqueurs\/pineau-des-charentes-blanc\/#primaryimage"},"image":{"@id":"https:\/\/cognacchainier.com\/pineau-des-charentes-liqueurs\/pineau-des-charentes-blanc\/#primaryimage"},"thumbnailUrl":"https:\/\/cognacchainier.com\/wp-content\/uploads\/2024\/07\/pineau-des-charentes-blanc-scaled.jpg","datePublished":"2020-02-11T13:36:35+00:00","dateModified":"2024-07-04T14:16:51+00:00","description":"Pineau des Charentes Blanc -","breadcrumb":{"@id":"https:\/\/cognacchainier.com\/pineau-des-charentes-liqueurs\/pineau-des-charentes-blanc\/#breadcrumb"},"inLanguage":"en-GB","potentialAction":[{"@type":"ReadAction","target":["https:\/\/cognacchainier.com\/pineau-des-charentes-liqueurs\/pineau-des-charentes-blanc\/"]}]},{"@type":"ImageObject","inLanguage":"en-GB","@id":"https:\/\/cognacchainier.com\/pineau-des-charentes-liqueurs\/pineau-des-charentes-blanc\/#primaryimage","url":"https:\/\/cognacchainier.com\/wp-content\/uploads\/2024\/07\/pineau-des-charentes-blanc-scaled.jpg","contentUrl":"https:\/\/cognacchainier.com\/wp-content\/uploads\/2024\/07\/pineau-des-charentes-blanc-scaled.jpg","width":711,"height":2560,"caption":"bouteille de pineau"},{"@type":"BreadcrumbList","@id":"https:\/\/cognacchainier.com\/pineau-des-charentes-liqueurs\/pineau-des-charentes-blanc\/#breadcrumb","itemListElement":[{"@type":"ListItem","position":1,"name":"Accueil","item":"https:\/\/cognacchainier.com\/"},{"@type":"ListItem","position":2,"name":"Nos produits","item":"https:\/\/cognacchainier.com\/nos-produits\/"},{"@type":"ListItem","position":3,"name":"Pineau des Charentes Blanc"}]},{"@type":"WebSite","@id":"https:\/\/cognacchainier.com\/#website","url":"https:\/\/cognacchainier.com\/","name":"Cognac Chainier","description":"Cognac et Pineau des Charentes","publisher":{"@id":"https:\/\/cognacchainier.com\/#organization"},"potentialAction":[{"@type":"SearchAction","target":{"@type":"EntryPoint","urlTemplate":"https:\/\/cognacchainier.com\/?s={search_term_string}"},"query-input":"required name=search_term_string"}],"inLanguage":"en-GB"},{"@type":"Organization","@id":"https:\/\/cognacchainier.com\/#organization","name":"Cognac Chainier","url":"https:\/\/cognacchainier.com\/","logo":{"@type":"ImageObject","inLanguage":"en-GB","@id":"https:\/\/cognacchainier.com\/#\/schema\/logo\/image\/","url":"https:\/\/cognacchainier.com\/wp-content\/uploads\/2020\/02\/cognac-chainier-logo-1516111730.png","contentUrl":"https:\/\/cognacchainier.com\/wp-content\/uploads\/2020\/02\/cognac-chainier-logo-1516111730.png","width":223,"height":71,"caption":"Cognac Chainier"},"image":{"@id":"https:\/\/cognacchainier.com\/#\/schema\/logo\/image\/"},"sameAs":["https:\/\/www.facebook.com\/cognacchainier","https:\/\/www.linkedin.com\/company\/cognacchainier\/"]}]}},"jetpack_sharing_enabled":true,"featured_img":"https:\/\/cognacchainier.com\/wp-content\/uploads\/2024\/07\/pineau-des-charentes-blanc-scaled.jpg","coauthors":[],"author_meta":{"author_link":"https:\/\/cognacchainier.com\/en\/author\/clement_gay\/","display_name":"Cl\u00e9ment"},"relative_dates":{"created":"Posted 6 years ago","modified":"Updated 2 years ago"},"absolute_dates":{"created":"Posted on 11 February 2020","modified":"Updated on 4 July 2024"},"absolute_dates_time":{"created":"Posted on 11 February 2020 14 h 36 min","modified":"Updated on 4 July 2024 16 h 16 min"},"featured_img_caption":"","tax_additional":{"product_type":{"linked":["<a href=\"https:\/\/cognacchainier.com\/en\/?taxonomy=product_type&#038;term=simple\" class=\"advgb-post-tax-term\">simple<\/a>"],"unlinked":["<span class=\"advgb-post-tax-term\">simple<\/span>"],"slug":"product_type","name":"Product type"},"product_visibility":{"linked":[],"unlinked":[],"slug":"product_visibility","name":"Product visibility"},"product_cat":{"linked":["<a href=\"https:\/\/cognacchainier.com\/en\/pineau-des-charentes-liqueurs\/\" class=\"advgb-post-tax-term\">Pineau des Charentes et liqueurs<\/a>"],"unlinked":["<span class=\"advgb-post-tax-term\">Pineau des Charentes et liqueurs<\/span>"],"slug":"product_cat","name":"Product categories"},"product_tag":{"linked":["<a href=\"https:\/\/cognacchainier.com\/en\/product-tag\/pineau\/\" class=\"advgb-post-tax-term\">pineau<\/a>"],"unlinked":["<span class=\"advgb-post-tax-term\">pineau<\/span>"],"slug":"product_tag","name":"Product tags"},"product_shipping_class":{"linked":[],"unlinked":[],"slug":"product_shipping_class","name":"Product shipping classes"},"pa_age":{"linked":[],"unlinked":[],"slug":"pa_age","name":"Product Dur\u00e9e de vieillissement minimale"},"pa_contenance":{"linked":["<a href=\"https:\/\/cognacchainier.com\/en\/?taxonomy=pa_contenance&#038;term=75-cl\" class=\"advgb-post-tax-term\">75 cl<\/a>"],"unlinked":["<span class=\"advgb-post-tax-term\">75 cl<\/span>"],"slug":"pa_contenance","name":"Product Contenance"},"pa_taux-dalcool":{"linked":["<a href=\"https:\/\/cognacchainier.com\/en\/?taxonomy=pa_taux-dalcool&#038;term=18-vol\" class=\"advgb-post-tax-term\">18 %vol.<\/a>"],"unlinked":["<span class=\"advgb-post-tax-term\">18 %vol.<\/span>"],"slug":"pa_taux-dalcool","name":"Product Alcool %vol"}},"series_order":"","_links":{"self":[{"href":"https:\/\/cognacchainier.com\/en\/wp-json\/wp\/v2\/product\/224"}],"collection":[{"href":"https:\/\/cognacchainier.com\/en\/wp-json\/wp\/v2\/product"}],"about":[{"href":"https:\/\/cognacchainier.com\/en\/wp-json\/wp\/v2\/types\/product"}],"replies":[{"embeddable":true,"href":"https:\/\/cognacchainier.com\/en\/wp-json\/wp\/v2\/comments?post=224"}],"wp:featuredmedia":[{"embeddable":true,"href":"https:\/\/cognacchainier.com\/en\/wp-json\/wp\/v2\/media\/1548"}],"wp:attachment":[{"href":"https:\/\/cognacchainier.com\/en\/wp-json\/wp\/v2\/media?parent=224"}],"wp:term":[{"taxonomy":"product_cat","embeddable":true,"href":"https:\/\/cognacchainier.com\/en\/wp-json\/wp\/v2\/product_cat?post=224"},{"taxonomy":"product_tag","embeddable":true,"href":"https:\/\/cognacchainier.com\/en\/wp-json\/wp\/v2\/product_tag?post=224"}],"curies":[{"name":"wp","href":"https:\/\/api.w.org\/{rel}","templated":true}]}}