{"id":204,"date":"2020-02-11T13:26:33","date_gmt":"2020-02-11T12:26:33","guid":{"rendered":"https:\/\/cognacchainier.com\/wordpress\/?post_type=product&#038;p=204"},"modified":"2024-07-04T16:18:11","modified_gmt":"2024-07-04T14:18:11","slug":"cognac-tres-vieille-reserve","status":"publish","type":"product","link":"https:\/\/cognacchainier.com\/en\/cognac\/cognac-tres-vieille-reserve\/","title":{"rendered":"Cognac Tr\u00e8s Vieille R\u00e9serve"},"content":{"rendered":"<p>The oldest of our Petite Champagne Cognac, our TVR (Tr\u00e8s Vieille R\u00e9serve) is waiting for 30 years in our cellars.<\/p>\n<p>&nbsp;<\/p>\n<p>Cited in Vinum (international wine journal), it obtained the following comment :<\/p>\n<blockquote><p>Spicy flavours, with coconut and cocoa. Well balanced, fine and soft taste.<\/p>\n<p>Perfectly tasted neat after a good dinner, eventually with a cigar.<\/p><\/blockquote>","protected":false},"excerpt":{"rendered":"<p>Petite Champagne Cognac, Tr\u00e8s vieille r\u00e9serve. More than 30 years old in oak cask.<br \/>\nThis old Cognac is a very nice digestive, better consumed neat.<br \/>\nSpicy flavours, with coconut and cocoa. Well balanced, fine and soft taste.<\/p>","protected":false},"author":1,"featured_media":1546,"comment_status":"open","ping_status":"closed","template":"","meta":{"advgb_blocks_editor_width":"","advgb_blocks_columns_visual_guide":""},"product_cat":[20],"product_tag":[35],"yoast_head":"<!-- This site is optimized with the Yoast SEO plugin v22.8 - https:\/\/yoast.com\/wordpress\/plugins\/seo\/ -->\n<title>Cognac Tr\u00e8s Vieille R\u00e9serve - Cognac Chainier<\/title>\n<meta name=\"description\" content=\"Cognac Tr\u00e8s Vieille R\u00e9serve - Cognac, Petite Champagne, Tr\u00e8s Vieille R\u00e9serve, 30 ans de vieillissement S&#039;appr\u00e9cie en digestif, sec Nez \u00e9pic\u00e9 de noix et de cacao, tendre et fin en bouche, \u00e9quilibr\u00e9, d\u00e9licat ; tr\u00e8s beau Cognac retenu et harmonieux, \u00e0 boire en toute occasion.\" \/>\n<meta name=\"robots\" content=\"index, follow, max-snippet:-1, max-image-preview:large, max-video-preview:-1\" \/>\n<link rel=\"canonical\" href=\"https:\/\/cognacchainier.com\/en\/?attachment_id=206\/\" \/>\n<meta property=\"og:locale\" content=\"en_GB\" \/>\n<meta property=\"og:type\" content=\"article\" \/>\n<meta property=\"og:title\" content=\"Cognac Tr\u00e8s Vieille R\u00e9serve - Cognac Chainier\" \/>\n<meta property=\"og:description\" content=\"Cognac Tr\u00e8s Vieille R\u00e9serve - Cognac, Petite Champagne, Tr\u00e8s Vieille R\u00e9serve, 30 ans de vieillissement S&#039;appr\u00e9cie en digestif, sec Nez \u00e9pic\u00e9 de noix et de cacao, tendre et fin en bouche, \u00e9quilibr\u00e9, d\u00e9licat ; tr\u00e8s beau Cognac retenu et harmonieux, \u00e0 boire en toute occasion.\" \/>\n<meta property=\"og:url\" content=\"https:\/\/cognacchainier.com\/en\/?attachment_id=206\/\" \/>\n<meta property=\"og:site_name\" content=\"Cognac Chainier\" \/>\n<meta property=\"article:publisher\" content=\"https:\/\/www.facebook.com\/cognacchainier\" \/>\n<meta property=\"article:modified_time\" content=\"2024-07-04T14:18:11+00:00\" \/>\n<meta property=\"og:image\" content=\"https:\/\/cognacchainier.com\/wp-content\/uploads\/2024\/07\/cognac-tres-vieille-reserve-scaled.jpg\" \/>\n\t<meta property=\"og:image:width\" content=\"711\" \/>\n\t<meta property=\"og:image:height\" content=\"2560\" \/>\n\t<meta property=\"og:image:type\" content=\"image\/jpeg\" \/>\n<meta name=\"twitter:card\" content=\"summary_large_image\" \/>\n<meta name=\"twitter:label1\" content=\"Estimated reading time\" \/>\n\t<meta name=\"twitter:data1\" content=\"1 minute\" \/>\n<script type=\"application\/ld+json\" class=\"yoast-schema-graph\">{\"@context\":\"https:\/\/schema.org\",\"@graph\":[{\"@type\":\"WebPage\",\"@id\":\"https:\/\/cognacchainier.com\/cognac\/cognac-tres-vieille-reserve\/\",\"url\":\"https:\/\/cognacchainier.com\/cognac\/cognac-tres-vieille-reserve\/\",\"name\":\"Cognac Tr\u00e8s Vieille R\u00e9serve - Cognac Chainier\",\"isPartOf\":{\"@id\":\"https:\/\/cognacchainier.com\/#website\"},\"primaryImageOfPage\":{\"@id\":\"https:\/\/cognacchainier.com\/cognac\/cognac-tres-vieille-reserve\/#primaryimage\"},\"image\":{\"@id\":\"https:\/\/cognacchainier.com\/cognac\/cognac-tres-vieille-reserve\/#primaryimage\"},\"thumbnailUrl\":\"https:\/\/cognacchainier.com\/wp-content\/uploads\/2024\/07\/cognac-tres-vieille-reserve-scaled.jpg\",\"datePublished\":\"2020-02-11T12:26:33+00:00\",\"dateModified\":\"2024-07-04T14:18:11+00:00\",\"description\":\"Cognac Tr\u00e8s Vieille R\u00e9serve - Cognac, Petite Champagne, Tr\u00e8s Vieille R\u00e9serve, 30 ans de vieillissement S'appr\u00e9cie en digestif, sec Nez \u00e9pic\u00e9 de noix et de cacao, tendre et fin en bouche, \u00e9quilibr\u00e9, d\u00e9licat ; tr\u00e8s beau Cognac retenu et harmonieux, \u00e0 boire en toute occasion.\",\"breadcrumb\":{\"@id\":\"https:\/\/cognacchainier.com\/cognac\/cognac-tres-vieille-reserve\/#breadcrumb\"},\"inLanguage\":\"en-GB\",\"potentialAction\":[{\"@type\":\"ReadAction\",\"target\":[\"https:\/\/cognacchainier.com\/cognac\/cognac-tres-vieille-reserve\/\"]}]},{\"@type\":\"ImageObject\",\"inLanguage\":\"en-GB\",\"@id\":\"https:\/\/cognacchainier.com\/cognac\/cognac-tres-vieille-reserve\/#primaryimage\",\"url\":\"https:\/\/cognacchainier.com\/wp-content\/uploads\/2024\/07\/cognac-tres-vieille-reserve-scaled.jpg\",\"contentUrl\":\"https:\/\/cognacchainier.com\/wp-content\/uploads\/2024\/07\/cognac-tres-vieille-reserve-scaled.jpg\",\"width\":711,\"height\":2560,\"caption\":\"bouteille de cognac\"},{\"@type\":\"BreadcrumbList\",\"@id\":\"https:\/\/cognacchainier.com\/cognac\/cognac-tres-vieille-reserve\/#breadcrumb\",\"itemListElement\":[{\"@type\":\"ListItem\",\"position\":1,\"name\":\"Accueil\",\"item\":\"https:\/\/cognacchainier.com\/\"},{\"@type\":\"ListItem\",\"position\":2,\"name\":\"Nos produits\",\"item\":\"https:\/\/cognacchainier.com\/nos-produits\/\"},{\"@type\":\"ListItem\",\"position\":3,\"name\":\"Cognac Tr\u00e8s Vieille R\u00e9serve\"}]},{\"@type\":\"WebSite\",\"@id\":\"https:\/\/cognacchainier.com\/#website\",\"url\":\"https:\/\/cognacchainier.com\/\",\"name\":\"Cognac Chainier\",\"description\":\"Cognac et Pineau des Charentes\",\"publisher\":{\"@id\":\"https:\/\/cognacchainier.com\/#organization\"},\"potentialAction\":[{\"@type\":\"SearchAction\",\"target\":{\"@type\":\"EntryPoint\",\"urlTemplate\":\"https:\/\/cognacchainier.com\/?s={search_term_string}\"},\"query-input\":\"required name=search_term_string\"}],\"inLanguage\":\"en-GB\"},{\"@type\":\"Organization\",\"@id\":\"https:\/\/cognacchainier.com\/#organization\",\"name\":\"Cognac Chainier\",\"url\":\"https:\/\/cognacchainier.com\/\",\"logo\":{\"@type\":\"ImageObject\",\"inLanguage\":\"en-GB\",\"@id\":\"https:\/\/cognacchainier.com\/#\/schema\/logo\/image\/\",\"url\":\"https:\/\/cognacchainier.com\/wp-content\/uploads\/2020\/02\/cognac-chainier-logo-1516111730.png\",\"contentUrl\":\"https:\/\/cognacchainier.com\/wp-content\/uploads\/2020\/02\/cognac-chainier-logo-1516111730.png\",\"width\":223,\"height\":71,\"caption\":\"Cognac Chainier\"},\"image\":{\"@id\":\"https:\/\/cognacchainier.com\/#\/schema\/logo\/image\/\"},\"sameAs\":[\"https:\/\/www.facebook.com\/cognacchainier\",\"https:\/\/www.linkedin.com\/company\/cognacchainier\/\"]}]}<\/script>\n<!-- \/ Yoast SEO plugin. -->","yoast_head_json":{"title":"Cognac Tr\u00e8s Vieille R\u00e9serve - Cognac Chainier","description":"Cognac Tr\u00e8s Vieille R\u00e9serve - Cognac, Petite Champagne, Tr\u00e8s Vieille R\u00e9serve, 30 ans de vieillissement S'appr\u00e9cie en digestif, sec Nez \u00e9pic\u00e9 de noix et de cacao, tendre et fin en bouche, \u00e9quilibr\u00e9, d\u00e9licat ; tr\u00e8s beau Cognac retenu et harmonieux, \u00e0 boire en toute occasion.","robots":{"index":"index","follow":"follow","max-snippet":"max-snippet:-1","max-image-preview":"max-image-preview:large","max-video-preview":"max-video-preview:-1"},"canonical":"https:\/\/cognacchainier.com\/en\/?attachment_id=206\/","og_locale":"en_GB","og_type":"article","og_title":"Cognac Tr\u00e8s Vieille R\u00e9serve - Cognac Chainier","og_description":"Cognac Tr\u00e8s Vieille R\u00e9serve - Cognac, Petite Champagne, Tr\u00e8s Vieille R\u00e9serve, 30 ans de vieillissement S'appr\u00e9cie en digestif, sec Nez \u00e9pic\u00e9 de noix et de cacao, tendre et fin en bouche, \u00e9quilibr\u00e9, d\u00e9licat ; tr\u00e8s beau Cognac retenu et harmonieux, \u00e0 boire en toute occasion.","og_url":"https:\/\/cognacchainier.com\/en\/?attachment_id=206\/","og_site_name":"Cognac Chainier","article_publisher":"https:\/\/www.facebook.com\/cognacchainier","article_modified_time":"2024-07-04T14:18:11+00:00","og_image":[{"width":711,"height":2560,"url":"https:\/\/cognacchainier.com\/wp-content\/uploads\/2024\/07\/cognac-tres-vieille-reserve-scaled.jpg","type":"image\/jpeg"}],"twitter_card":"summary_large_image","twitter_misc":{"Estimated reading time":"1 minute"},"schema":{"@context":"https:\/\/schema.org","@graph":[{"@type":"WebPage","@id":"https:\/\/cognacchainier.com\/cognac\/cognac-tres-vieille-reserve\/","url":"https:\/\/cognacchainier.com\/cognac\/cognac-tres-vieille-reserve\/","name":"Cognac Tr\u00e8s Vieille R\u00e9serve - Cognac Chainier","isPartOf":{"@id":"https:\/\/cognacchainier.com\/#website"},"primaryImageOfPage":{"@id":"https:\/\/cognacchainier.com\/cognac\/cognac-tres-vieille-reserve\/#primaryimage"},"image":{"@id":"https:\/\/cognacchainier.com\/cognac\/cognac-tres-vieille-reserve\/#primaryimage"},"thumbnailUrl":"https:\/\/cognacchainier.com\/wp-content\/uploads\/2024\/07\/cognac-tres-vieille-reserve-scaled.jpg","datePublished":"2020-02-11T12:26:33+00:00","dateModified":"2024-07-04T14:18:11+00:00","description":"Cognac Tr\u00e8s Vieille R\u00e9serve - Cognac, Petite Champagne, Tr\u00e8s Vieille R\u00e9serve, 30 ans de vieillissement S'appr\u00e9cie en digestif, sec Nez \u00e9pic\u00e9 de noix et de cacao, tendre et fin en bouche, \u00e9quilibr\u00e9, d\u00e9licat ; tr\u00e8s beau Cognac retenu et harmonieux, \u00e0 boire en toute occasion.","breadcrumb":{"@id":"https:\/\/cognacchainier.com\/cognac\/cognac-tres-vieille-reserve\/#breadcrumb"},"inLanguage":"en-GB","potentialAction":[{"@type":"ReadAction","target":["https:\/\/cognacchainier.com\/cognac\/cognac-tres-vieille-reserve\/"]}]},{"@type":"ImageObject","inLanguage":"en-GB","@id":"https:\/\/cognacchainier.com\/cognac\/cognac-tres-vieille-reserve\/#primaryimage","url":"https:\/\/cognacchainier.com\/wp-content\/uploads\/2024\/07\/cognac-tres-vieille-reserve-scaled.jpg","contentUrl":"https:\/\/cognacchainier.com\/wp-content\/uploads\/2024\/07\/cognac-tres-vieille-reserve-scaled.jpg","width":711,"height":2560,"caption":"bouteille de cognac"},{"@type":"BreadcrumbList","@id":"https:\/\/cognacchainier.com\/cognac\/cognac-tres-vieille-reserve\/#breadcrumb","itemListElement":[{"@type":"ListItem","position":1,"name":"Accueil","item":"https:\/\/cognacchainier.com\/"},{"@type":"ListItem","position":2,"name":"Nos produits","item":"https:\/\/cognacchainier.com\/nos-produits\/"},{"@type":"ListItem","position":3,"name":"Cognac Tr\u00e8s Vieille R\u00e9serve"}]},{"@type":"WebSite","@id":"https:\/\/cognacchainier.com\/#website","url":"https:\/\/cognacchainier.com\/","name":"Cognac Chainier","description":"Cognac et Pineau des Charentes","publisher":{"@id":"https:\/\/cognacchainier.com\/#organization"},"potentialAction":[{"@type":"SearchAction","target":{"@type":"EntryPoint","urlTemplate":"https:\/\/cognacchainier.com\/?s={search_term_string}"},"query-input":"required name=search_term_string"}],"inLanguage":"en-GB"},{"@type":"Organization","@id":"https:\/\/cognacchainier.com\/#organization","name":"Cognac Chainier","url":"https:\/\/cognacchainier.com\/","logo":{"@type":"ImageObject","inLanguage":"en-GB","@id":"https:\/\/cognacchainier.com\/#\/schema\/logo\/image\/","url":"https:\/\/cognacchainier.com\/wp-content\/uploads\/2020\/02\/cognac-chainier-logo-1516111730.png","contentUrl":"https:\/\/cognacchainier.com\/wp-content\/uploads\/2020\/02\/cognac-chainier-logo-1516111730.png","width":223,"height":71,"caption":"Cognac Chainier"},"image":{"@id":"https:\/\/cognacchainier.com\/#\/schema\/logo\/image\/"},"sameAs":["https:\/\/www.facebook.com\/cognacchainier","https:\/\/www.linkedin.com\/company\/cognacchainier\/"]}]}},"jetpack_sharing_enabled":true,"featured_img":"https:\/\/cognacchainier.com\/wp-content\/uploads\/2024\/07\/cognac-tres-vieille-reserve-scaled.jpg","coauthors":[],"author_meta":{"author_link":"https:\/\/cognacchainier.com\/en\/author\/clement_gay\/","display_name":"Cl\u00e9ment"},"relative_dates":{"created":"Posted 6 years ago","modified":"Updated 2 years ago"},"absolute_dates":{"created":"Posted on 11 February 2020","modified":"Updated on 4 July 2024"},"absolute_dates_time":{"created":"Posted on 11 February 2020 13 h 26 min","modified":"Updated on 4 July 2024 16 h 18 min"},"featured_img_caption":"","tax_additional":{"product_type":{"linked":["<a href=\"https:\/\/cognacchainier.com\/en\/?taxonomy=product_type&#038;term=simple\" class=\"advgb-post-tax-term\">simple<\/a>"],"unlinked":["<span class=\"advgb-post-tax-term\">simple<\/span>"],"slug":"product_type","name":"Product type"},"product_visibility":{"linked":[],"unlinked":[],"slug":"product_visibility","name":"Product visibility"},"product_cat":{"linked":["<a href=\"https:\/\/cognacchainier.com\/en\/cognac\/\" class=\"advgb-post-tax-term\">Cognac<\/a>"],"unlinked":["<span class=\"advgb-post-tax-term\">Cognac<\/span>"],"slug":"product_cat","name":"Product categories"},"product_tag":{"linked":["<a href=\"https:\/\/cognacchainier.com\/en\/product-tag\/cognac\/\" class=\"advgb-post-tax-term\">cognac<\/a>"],"unlinked":["<span class=\"advgb-post-tax-term\">cognac<\/span>"],"slug":"product_tag","name":"Product tags"},"product_shipping_class":{"linked":[],"unlinked":[],"slug":"product_shipping_class","name":"Product shipping classes"},"pa_age":{"linked":["<a href=\"https:\/\/cognacchainier.com\/en\/?taxonomy=pa_age&#038;term=30-ans\" class=\"advgb-post-tax-term\">30 ans<\/a>"],"unlinked":["<span class=\"advgb-post-tax-term\">30 ans<\/span>"],"slug":"pa_age","name":"Product Dur\u00e9e de vieillissement minimale"},"pa_contenance":{"linked":["<a href=\"https:\/\/cognacchainier.com\/en\/?taxonomy=pa_contenance&#038;term=70-cl\" class=\"advgb-post-tax-term\">70 cl<\/a>"],"unlinked":["<span class=\"advgb-post-tax-term\">70 cl<\/span>"],"slug":"pa_contenance","name":"Product Contenance"},"pa_taux-dalcool":{"linked":["<a href=\"https:\/\/cognacchainier.com\/en\/?taxonomy=pa_taux-dalcool&#038;term=40-vol\" class=\"advgb-post-tax-term\">40 %vol.<\/a>"],"unlinked":["<span class=\"advgb-post-tax-term\">40 %vol.<\/span>"],"slug":"pa_taux-dalcool","name":"Product Alcool %vol"}},"series_order":"","_links":{"self":[{"href":"https:\/\/cognacchainier.com\/en\/wp-json\/wp\/v2\/product\/204"}],"collection":[{"href":"https:\/\/cognacchainier.com\/en\/wp-json\/wp\/v2\/product"}],"about":[{"href":"https:\/\/cognacchainier.com\/en\/wp-json\/wp\/v2\/types\/product"}],"replies":[{"embeddable":true,"href":"https:\/\/cognacchainier.com\/en\/wp-json\/wp\/v2\/comments?post=204"}],"wp:featuredmedia":[{"embeddable":true,"href":"https:\/\/cognacchainier.com\/en\/wp-json\/wp\/v2\/media\/1546"}],"wp:attachment":[{"href":"https:\/\/cognacchainier.com\/en\/wp-json\/wp\/v2\/media?parent=204"}],"wp:term":[{"taxonomy":"product_cat","embeddable":true,"href":"https:\/\/cognacchainier.com\/en\/wp-json\/wp\/v2\/product_cat?post=204"},{"taxonomy":"product_tag","embeddable":true,"href":"https:\/\/cognacchainier.com\/en\/wp-json\/wp\/v2\/product_tag?post=204"}],"curies":[{"name":"wp","href":"https:\/\/api.w.org\/{rel}","templated":true}]}}