{"id":8,"date":"2020-02-10T15:21:43","date_gmt":"2020-02-10T14:21:43","guid":{"rendered":"https:\/\/cognacchainier.com\/wordpress\/?page_id=8"},"modified":"2020-02-14T13:37:37","modified_gmt":"2020-02-14T12:37:37","slug":"contact","status":"publish","type":"page","link":"https:\/\/cognacchainier.com\/en\/contact\/","title":{"rendered":"Contact"},"content":{"rendered":"<h4 class=\"has-text-align-center wp-block-heading\"><strong>Please feel free to contact us by phone :<\/strong><\/h4>\n\n\n\n<h3 class=\"has-text-align-center wp-block-heading\"><strong>05 46 49 12 85<\/strong><\/h3>\n\n\n\n<h4 class=\"has-text-align-center wp-block-heading\"><strong>Or by mail thanks to the following form :<\/strong> :<\/h4>\n\n\n<div class=\"wp-block-jetpack-contact-form\"><a href=\"https:\/\/cognacchainier.com\/en\/contact\/\" target=\"_blank\" rel=\"noopener noreferrer\">Submit a form.<\/a><\/div>","protected":false},"excerpt":{"rendered":"<p>Pour nous contacter, n&rsquo;h\u00e9sitez pas \u00e0 nous appeler au : 05 46 49 12 85 Ou par mail en remplissant ce formulaire, nous vous r\u00e9pondrons au plus vite :<\/p>","protected":false},"author":1,"featured_media":0,"parent":0,"menu_order":0,"comment_status":"closed","ping_status":"closed","template":"","meta":{"advgb_blocks_editor_width":"","advgb_blocks_columns_visual_guide":"","footnotes":""},"yoast_head":"<!-- This site is optimized with the Yoast SEO plugin v22.8 - https:\/\/yoast.com\/wordpress\/plugins\/seo\/ -->\n<title>Contact<\/title>\n<meta name=\"robots\" content=\"index, follow, max-snippet:-1, max-image-preview:large, max-video-preview:-1\" \/>\n<link rel=\"canonical\" href=\"https:\/\/cognacchainier.com\/en\/contact\/\" \/>\n<meta property=\"og:locale\" content=\"en_GB\" \/>\n<meta property=\"og:type\" content=\"article\" \/>\n<meta property=\"og:title\" content=\"Contact\" \/>\n<meta property=\"og:description\" content=\"Pour nous contacter, n&rsquo;h\u00e9sitez pas \u00e0 nous appeler au : 05 46 49 12 85 Ou par mail en remplissant ce formulaire, nous vous r\u00e9pondrons au plus vite :\" \/>\n<meta property=\"og:url\" content=\"https:\/\/cognacchainier.com\/en\/contact\/\" \/>\n<meta property=\"og:site_name\" content=\"Cognac Chainier\" \/>\n<meta property=\"article:publisher\" content=\"https:\/\/www.facebook.com\/cognacchainier\" \/>\n<meta property=\"article:modified_time\" content=\"2020-02-14T12:37:37+00:00\" \/>\n<meta name=\"twitter:card\" content=\"summary_large_image\" \/>\n<script type=\"application\/ld+json\" class=\"yoast-schema-graph\">{\"@context\":\"https:\/\/schema.org\",\"@graph\":[{\"@type\":\"WebPage\",\"@id\":\"https:\/\/cognacchainier.com\/contact\/\",\"url\":\"https:\/\/cognacchainier.com\/contact\/\",\"name\":\"Contact\",\"isPartOf\":{\"@id\":\"https:\/\/cognacchainier.com\/#website\"},\"datePublished\":\"2020-02-10T14:21:43+00:00\",\"dateModified\":\"2020-02-14T12:37:37+00:00\",\"breadcrumb\":{\"@id\":\"https:\/\/cognacchainier.com\/contact\/#breadcrumb\"},\"inLanguage\":\"en-GB\",\"potentialAction\":[{\"@type\":\"ReadAction\",\"target\":[\"https:\/\/cognacchainier.com\/contact\/\"]}]},{\"@type\":\"BreadcrumbList\",\"@id\":\"https:\/\/cognacchainier.com\/contact\/#breadcrumb\",\"itemListElement\":[{\"@type\":\"ListItem\",\"position\":1,\"name\":\"Accueil\",\"item\":\"https:\/\/cognacchainier.com\/\"},{\"@type\":\"ListItem\",\"position\":2,\"name\":\"Contact\"}]},{\"@type\":\"WebSite\",\"@id\":\"https:\/\/cognacchainier.com\/#website\",\"url\":\"https:\/\/cognacchainier.com\/\",\"name\":\"Cognac Chainier\",\"description\":\"Cognac et Pineau des Charentes\",\"publisher\":{\"@id\":\"https:\/\/cognacchainier.com\/#organization\"},\"potentialAction\":[{\"@type\":\"SearchAction\",\"target\":{\"@type\":\"EntryPoint\",\"urlTemplate\":\"https:\/\/cognacchainier.com\/?s={search_term_string}\"},\"query-input\":\"required name=search_term_string\"}],\"inLanguage\":\"en-GB\"},{\"@type\":\"Organization\",\"@id\":\"https:\/\/cognacchainier.com\/#organization\",\"name\":\"Cognac Chainier\",\"url\":\"https:\/\/cognacchainier.com\/\",\"logo\":{\"@type\":\"ImageObject\",\"inLanguage\":\"en-GB\",\"@id\":\"https:\/\/cognacchainier.com\/#\/schema\/logo\/image\/\",\"url\":\"https:\/\/cognacchainier.com\/wp-content\/uploads\/2020\/02\/cognac-chainier-logo-1516111730.png\",\"contentUrl\":\"https:\/\/cognacchainier.com\/wp-content\/uploads\/2020\/02\/cognac-chainier-logo-1516111730.png\",\"width\":223,\"height\":71,\"caption\":\"Cognac Chainier\"},\"image\":{\"@id\":\"https:\/\/cognacchainier.com\/#\/schema\/logo\/image\/\"},\"sameAs\":[\"https:\/\/www.facebook.com\/cognacchainier\",\"https:\/\/www.linkedin.com\/company\/cognacchainier\/\"]}]}<\/script>\n<!-- \/ Yoast SEO plugin. -->","yoast_head_json":{"title":"Contact","robots":{"index":"index","follow":"follow","max-snippet":"max-snippet:-1","max-image-preview":"max-image-preview:large","max-video-preview":"max-video-preview:-1"},"canonical":"https:\/\/cognacchainier.com\/en\/contact\/","og_locale":"en_GB","og_type":"article","og_title":"Contact","og_description":"Pour nous contacter, n&rsquo;h\u00e9sitez pas \u00e0 nous appeler au : 05 46 49 12 85 Ou par mail en remplissant ce formulaire, nous vous r\u00e9pondrons au plus vite :","og_url":"https:\/\/cognacchainier.com\/en\/contact\/","og_site_name":"Cognac Chainier","article_publisher":"https:\/\/www.facebook.com\/cognacchainier","article_modified_time":"2020-02-14T12:37:37+00:00","twitter_card":"summary_large_image","schema":{"@context":"https:\/\/schema.org","@graph":[{"@type":"WebPage","@id":"https:\/\/cognacchainier.com\/contact\/","url":"https:\/\/cognacchainier.com\/contact\/","name":"Contact","isPartOf":{"@id":"https:\/\/cognacchainier.com\/#website"},"datePublished":"2020-02-10T14:21:43+00:00","dateModified":"2020-02-14T12:37:37+00:00","breadcrumb":{"@id":"https:\/\/cognacchainier.com\/contact\/#breadcrumb"},"inLanguage":"en-GB","potentialAction":[{"@type":"ReadAction","target":["https:\/\/cognacchainier.com\/contact\/"]}]},{"@type":"BreadcrumbList","@id":"https:\/\/cognacchainier.com\/contact\/#breadcrumb","itemListElement":[{"@type":"ListItem","position":1,"name":"Accueil","item":"https:\/\/cognacchainier.com\/"},{"@type":"ListItem","position":2,"name":"Contact"}]},{"@type":"WebSite","@id":"https:\/\/cognacchainier.com\/#website","url":"https:\/\/cognacchainier.com\/","name":"Cognac Chainier","description":"Cognac et Pineau des Charentes","publisher":{"@id":"https:\/\/cognacchainier.com\/#organization"},"potentialAction":[{"@type":"SearchAction","target":{"@type":"EntryPoint","urlTemplate":"https:\/\/cognacchainier.com\/?s={search_term_string}"},"query-input":"required name=search_term_string"}],"inLanguage":"en-GB"},{"@type":"Organization","@id":"https:\/\/cognacchainier.com\/#organization","name":"Cognac Chainier","url":"https:\/\/cognacchainier.com\/","logo":{"@type":"ImageObject","inLanguage":"en-GB","@id":"https:\/\/cognacchainier.com\/#\/schema\/logo\/image\/","url":"https:\/\/cognacchainier.com\/wp-content\/uploads\/2020\/02\/cognac-chainier-logo-1516111730.png","contentUrl":"https:\/\/cognacchainier.com\/wp-content\/uploads\/2020\/02\/cognac-chainier-logo-1516111730.png","width":223,"height":71,"caption":"Cognac Chainier"},"image":{"@id":"https:\/\/cognacchainier.com\/#\/schema\/logo\/image\/"},"sameAs":["https:\/\/www.facebook.com\/cognacchainier","https:\/\/www.linkedin.com\/company\/cognacchainier\/"]}]}},"jetpack_sharing_enabled":true,"coauthors":[],"author_meta":{"author_link":"https:\/\/cognacchainier.com\/en\/author\/clement_gay\/","display_name":"Cl\u00e9ment"},"relative_dates":{"created":"Posted 6 years ago","modified":"Updated 6 years ago"},"absolute_dates":{"created":"Posted on 10 February 2020","modified":"Updated on 14 February 2020"},"absolute_dates_time":{"created":"Posted on 10 February 2020 15 h 21 min","modified":"Updated on 14 February 2020 13 h 37 min"},"featured_img_caption":"","featured_img":false,"series_order":"","_links":{"self":[{"href":"https:\/\/cognacchainier.com\/en\/wp-json\/wp\/v2\/pages\/8"}],"collection":[{"href":"https:\/\/cognacchainier.com\/en\/wp-json\/wp\/v2\/pages"}],"about":[{"href":"https:\/\/cognacchainier.com\/en\/wp-json\/wp\/v2\/types\/page"}],"author":[{"embeddable":true,"href":"https:\/\/cognacchainier.com\/en\/wp-json\/wp\/v2\/users\/1"}],"replies":[{"embeddable":true,"href":"https:\/\/cognacchainier.com\/en\/wp-json\/wp\/v2\/comments?post=8"}],"version-history":[{"count":3,"href":"https:\/\/cognacchainier.com\/en\/wp-json\/wp\/v2\/pages\/8\/revisions"}],"predecessor-version":[{"id":487,"href":"https:\/\/cognacchainier.com\/en\/wp-json\/wp\/v2\/pages\/8\/revisions\/487"}],"wp:attachment":[{"href":"https:\/\/cognacchainier.com\/en\/wp-json\/wp\/v2\/media?parent=8"}],"curies":[{"name":"wp","href":"https:\/\/api.w.org\/{rel}","templated":true}]}}