{"id":7,"date":"2020-02-10T15:21:42","date_gmt":"2020-02-10T14:21:42","guid":{"rendered":"https:\/\/cognacchainier.com\/wordpress\/?page_id=7"},"modified":"2024-05-21T13:56:31","modified_gmt":"2024-05-21T11:56:31","slug":"domaine","status":"publish","type":"page","link":"https:\/\/cognacchainier.com\/en\/domaine\/","title":{"rendered":"Domaine Chainier : a family story"},"content":{"rendered":"<p class=\"text_justify\">For many generations, our family produces high quality Cognacs. Native of Petite Champagne, we also craft Pineau des Charentes since 1966. Guy Chainier and his son, Dominique, began to trade their own products in 1975. In 1985, Dominique took over the family estate in Arthenac. He developped the retail trade, with the Dominique Chainier &amp; Fils brand. In 1988, Dominique and Nicole, his wife, acquired a 18ha estate in Ligni\u00e8res-Sonneville, Grande Champagne. Hence, they started producing Grande Champagne and Fine Champagne Cognacs.<\/p>\n\n\n\n<p class=\"text_justify\">Nous sommes particuli\u00e8rement ouverts \u00e0 l&rsquo;accueil de nos amis clients, pour une visite des chais et une d\u00e9gustation de nos Cognacs et Pineaux des Charentes.<\/p>\n\n\n\n<p class=\"text_justify\">We sell our products directly at the winery but we are in many wine and spirits exhibition. Furthermore, we sell by mail order.<\/p>\n\n\n\n<div class=\"wp-block-jetpack-tiled-gallery aligncenter is-style-rectangular\"><div class=\"tiled-gallery__gallery\"><div class=\"tiled-gallery__row\"><div class=\"tiled-gallery__col\" style=\"flex-basis:36.791159753045434%\"><figure class=\"tiled-gallery__item\"><img decoding=\"async\" srcset=\"https:\/\/i0.wp.com\/cognacchainier.com\/wp-content\/uploads\/2020\/02\/vignoble_1_comp_1-1-scaled.jpg?strip=info&#038;w=600&#038;ssl=1 600w,https:\/\/i0.wp.com\/cognacchainier.com\/wp-content\/uploads\/2020\/02\/vignoble_1_comp_1-1-scaled.jpg?strip=info&#038;w=900&#038;ssl=1 900w,https:\/\/i0.wp.com\/cognacchainier.com\/wp-content\/uploads\/2020\/02\/vignoble_1_comp_1-1-scaled.jpg?strip=info&#038;w=1200&#038;ssl=1 1200w,https:\/\/i0.wp.com\/cognacchainier.com\/wp-content\/uploads\/2020\/02\/vignoble_1_comp_1-1-scaled.jpg?strip=info&#038;w=1500&#038;ssl=1 1500w,https:\/\/i0.wp.com\/cognacchainier.com\/wp-content\/uploads\/2020\/02\/vignoble_1_comp_1-1-scaled.jpg?strip=info&#038;w=1800&#038;ssl=1 1800w,https:\/\/i0.wp.com\/cognacchainier.com\/wp-content\/uploads\/2020\/02\/vignoble_1_comp_1-1-scaled.jpg?strip=info&#038;w=2000&#038;ssl=1 2000w\" alt=\"\" data-height=\"1330\" data-id=\"151\" data-link=\"https:\/\/cognacchainier.com\/cognac-chainier\/vignoble_1_comp_1-1\/\" data-url=\"https:\/\/cognacchainier.com\/wp-content\/uploads\/2020\/02\/vignoble_1_comp_1-1-scaled.jpg\" data-width=\"2560\" src=\"https:\/\/i0.wp.com\/cognacchainier.com\/wp-content\/uploads\/2020\/02\/vignoble_1_comp_1-1-scaled.jpg?ssl=1\" layout=\"responsive\"\/><\/figure><figure class=\"tiled-gallery__item\"><img decoding=\"async\" srcset=\"https:\/\/i0.wp.com\/cognacchainier.com\/wp-content\/uploads\/2020\/02\/barde_horizontal.jpg?strip=info&#038;w=600&#038;ssl=1 600w,https:\/\/i0.wp.com\/cognacchainier.com\/wp-content\/uploads\/2020\/02\/barde_horizontal.jpg?strip=info&#038;w=900&#038;ssl=1 900w,https:\/\/i0.wp.com\/cognacchainier.com\/wp-content\/uploads\/2020\/02\/barde_horizontal.jpg?strip=info&#038;w=1200&#038;ssl=1 1200w,https:\/\/i0.wp.com\/cognacchainier.com\/wp-content\/uploads\/2020\/02\/barde_horizontal.jpg?strip=info&#038;w=1500&#038;ssl=1 1500w,https:\/\/i0.wp.com\/cognacchainier.com\/wp-content\/uploads\/2020\/02\/barde_horizontal.jpg?strip=info&#038;w=1704&#038;ssl=1 1704w\" alt=\"\" data-height=\"1296\" data-id=\"170\" data-link=\"https:\/\/cognacchainier.com\/cognac-chainier\/barde_horizontal\/\" data-url=\"https:\/\/cognacchainier.com\/wp-content\/uploads\/2020\/02\/barde_horizontal.jpg\" data-width=\"1704\" src=\"https:\/\/i0.wp.com\/cognacchainier.com\/wp-content\/uploads\/2020\/02\/barde_horizontal.jpg?ssl=1\" layout=\"responsive\"\/><\/figure><\/div><div class=\"tiled-gallery__col\" style=\"flex-basis:63.20884024695456%\"><figure class=\"tiled-gallery__item\"><img decoding=\"async\" srcset=\"https:\/\/i0.wp.com\/cognacchainier.com\/wp-content\/uploads\/2020\/02\/Alambic-.jpg?strip=info&#038;w=600&#038;ssl=1 600w,https:\/\/i0.wp.com\/cognacchainier.com\/wp-content\/uploads\/2020\/02\/Alambic-.jpg?strip=info&#038;w=900&#038;ssl=1 900w,https:\/\/i0.wp.com\/cognacchainier.com\/wp-content\/uploads\/2020\/02\/Alambic-.jpg?strip=info&#038;w=1200&#038;ssl=1 1200w,https:\/\/i0.wp.com\/cognacchainier.com\/wp-content\/uploads\/2020\/02\/Alambic-.jpg?strip=info&#038;w=1500&#038;ssl=1 1500w,https:\/\/i0.wp.com\/cognacchainier.com\/wp-content\/uploads\/2020\/02\/Alambic-.jpg?strip=info&#038;w=1800&#038;ssl=1 1800w,https:\/\/i0.wp.com\/cognacchainier.com\/wp-content\/uploads\/2020\/02\/Alambic-.jpg?strip=info&#038;w=2000&#038;ssl=1 2000w\" alt=\"\" data-height=\"1728\" data-id=\"588\" data-link=\"https:\/\/cognacchainier.com\/alambic\/\" data-url=\"https:\/\/cognacchainier.com\/wp-content\/uploads\/2020\/02\/Alambic-.jpg\" data-width=\"2304\" src=\"https:\/\/i0.wp.com\/cognacchainier.com\/wp-content\/uploads\/2020\/02\/Alambic-.jpg?ssl=1\" layout=\"responsive\"\/><\/figure><\/div><\/div><\/div><\/div>","protected":false},"excerpt":{"rendered":"<p>Depuis de nombreuses g\u00e9n\u00e9rations, notre famille produit des Cognacs de qualit\u00e9. Originaire de Petite Champagne, nous produisons \u00e9galement du Pineau des Charentes depuis 1966. Guy Chainier et son fils Dominique commencent \u00e0 commercialiser eux-m\u00eame leurs produits en 1975. En 1985, Dominique Chainier reprend la propri\u00e9t\u00e9 familiale d&rsquo;Arthenac et d\u00e9veloppe le commerce de d\u00e9tail sous la [&hellip;]<\/p>","protected":false},"author":1,"featured_media":0,"parent":0,"menu_order":0,"comment_status":"closed","ping_status":"closed","template":"","meta":{"advgb_blocks_editor_width":"","advgb_blocks_columns_visual_guide":"","footnotes":""},"yoast_head":"<!-- This site is optimized with the Yoast SEO plugin v22.8 - https:\/\/yoast.com\/wordpress\/plugins\/seo\/ -->\n<title>Le Domaine Chainier : une histoire de famille<\/title>\n<meta name=\"description\" content=\"Pineau et Cognac Chainier : une histoire de famille. D\u00e9couvrez-la !\" \/>\n<meta name=\"robots\" content=\"index, follow, max-snippet:-1, max-image-preview:large, max-video-preview:-1\" \/>\n<link rel=\"canonical\" href=\"https:\/\/cognacchainier.com\/en\/domaine\/\" \/>\n<meta property=\"og:locale\" content=\"en_GB\" \/>\n<meta property=\"og:type\" content=\"article\" \/>\n<meta property=\"og:title\" content=\"Le Domaine Chainier : une histoire de famille\" \/>\n<meta property=\"og:description\" content=\"Pineau et Cognac Chainier : une histoire de famille. D\u00e9couvrez-la !\" \/>\n<meta property=\"og:url\" content=\"https:\/\/cognacchainier.com\/en\/domaine\/\" \/>\n<meta property=\"og:site_name\" content=\"Cognac Chainier\" \/>\n<meta property=\"article:publisher\" content=\"https:\/\/www.facebook.com\/cognacchainier\" \/>\n<meta property=\"article:modified_time\" content=\"2024-05-21T11:56:31+00:00\" \/>\n<meta property=\"og:image\" content=\"https:\/\/i0.wp.com\/cognacchainier.com\/wp-content\/uploads\/2020\/02\/vignoble_1_comp_1-1-scaled.jpg?ssl=1\" \/>\n<meta name=\"twitter:card\" content=\"summary_large_image\" \/>\n<meta name=\"twitter:label1\" content=\"Estimated reading time\" \/>\n\t<meta name=\"twitter:data1\" content=\"2 minutes\" \/>\n<script type=\"application\/ld+json\" class=\"yoast-schema-graph\">{\"@context\":\"https:\/\/schema.org\",\"@graph\":[{\"@type\":\"WebPage\",\"@id\":\"https:\/\/cognacchainier.com\/en\/domaine\/\",\"url\":\"https:\/\/cognacchainier.com\/en\/domaine\/\",\"name\":\"Le Domaine Chainier : une histoire de famille\",\"isPartOf\":{\"@id\":\"https:\/\/cognacchainier.com\/#website\"},\"primaryImageOfPage\":{\"@id\":\"https:\/\/cognacchainier.com\/en\/domaine\/#primaryimage\"},\"image\":{\"@id\":\"https:\/\/cognacchainier.com\/en\/domaine\/#primaryimage\"},\"thumbnailUrl\":\"https:\/\/i0.wp.com\/cognacchainier.com\/wp-content\/uploads\/2020\/02\/vignoble_1_comp_1-1-scaled.jpg?ssl=1\",\"datePublished\":\"2020-02-10T14:21:42+00:00\",\"dateModified\":\"2024-05-21T11:56:31+00:00\",\"description\":\"Pineau et Cognac Chainier : une histoire de famille. D\u00e9couvrez-la !\",\"breadcrumb\":{\"@id\":\"https:\/\/cognacchainier.com\/en\/domaine\/#breadcrumb\"},\"inLanguage\":\"en-GB\",\"potentialAction\":[{\"@type\":\"ReadAction\",\"target\":[\"https:\/\/cognacchainier.com\/en\/domaine\/\"]}]},{\"@type\":\"ImageObject\",\"inLanguage\":\"en-GB\",\"@id\":\"https:\/\/cognacchainier.com\/en\/domaine\/#primaryimage\",\"url\":\"https:\/\/i0.wp.com\/cognacchainier.com\/wp-content\/uploads\/2020\/02\/vignoble_1_comp_1-1-scaled.jpg?ssl=1\",\"contentUrl\":\"https:\/\/i0.wp.com\/cognacchainier.com\/wp-content\/uploads\/2020\/02\/vignoble_1_comp_1-1-scaled.jpg?ssl=1\"},{\"@type\":\"BreadcrumbList\",\"@id\":\"https:\/\/cognacchainier.com\/en\/domaine\/#breadcrumb\",\"itemListElement\":[{\"@type\":\"ListItem\",\"position\":1,\"name\":\"Accueil\",\"item\":\"https:\/\/cognacchainier.com\/\"},{\"@type\":\"ListItem\",\"position\":2,\"name\":\"Le Domaine Chainier : une histoire de famille\"}]},{\"@type\":\"WebSite\",\"@id\":\"https:\/\/cognacchainier.com\/#website\",\"url\":\"https:\/\/cognacchainier.com\/\",\"name\":\"Cognac Chainier\",\"description\":\"Cognac et Pineau des Charentes\",\"publisher\":{\"@id\":\"https:\/\/cognacchainier.com\/#organization\"},\"potentialAction\":[{\"@type\":\"SearchAction\",\"target\":{\"@type\":\"EntryPoint\",\"urlTemplate\":\"https:\/\/cognacchainier.com\/?s={search_term_string}\"},\"query-input\":\"required name=search_term_string\"}],\"inLanguage\":\"en-GB\"},{\"@type\":\"Organization\",\"@id\":\"https:\/\/cognacchainier.com\/#organization\",\"name\":\"Cognac Chainier\",\"url\":\"https:\/\/cognacchainier.com\/\",\"logo\":{\"@type\":\"ImageObject\",\"inLanguage\":\"en-GB\",\"@id\":\"https:\/\/cognacchainier.com\/#\/schema\/logo\/image\/\",\"url\":\"https:\/\/cognacchainier.com\/wp-content\/uploads\/2020\/02\/cognac-chainier-logo-1516111730.png\",\"contentUrl\":\"https:\/\/cognacchainier.com\/wp-content\/uploads\/2020\/02\/cognac-chainier-logo-1516111730.png\",\"width\":223,\"height\":71,\"caption\":\"Cognac Chainier\"},\"image\":{\"@id\":\"https:\/\/cognacchainier.com\/#\/schema\/logo\/image\/\"},\"sameAs\":[\"https:\/\/www.facebook.com\/cognacchainier\",\"https:\/\/www.linkedin.com\/company\/cognacchainier\/\"]}]}<\/script>\n<!-- \/ Yoast SEO plugin. -->","yoast_head_json":{"title":"Le Domaine Chainier : une histoire de famille","description":"Pineau et Cognac Chainier : une histoire de famille. D\u00e9couvrez-la !","robots":{"index":"index","follow":"follow","max-snippet":"max-snippet:-1","max-image-preview":"max-image-preview:large","max-video-preview":"max-video-preview:-1"},"canonical":"https:\/\/cognacchainier.com\/en\/domaine\/","og_locale":"en_GB","og_type":"article","og_title":"Le Domaine Chainier : une histoire de famille","og_description":"Pineau et Cognac Chainier : une histoire de famille. D\u00e9couvrez-la !","og_url":"https:\/\/cognacchainier.com\/en\/domaine\/","og_site_name":"Cognac Chainier","article_publisher":"https:\/\/www.facebook.com\/cognacchainier","article_modified_time":"2024-05-21T11:56:31+00:00","og_image":[{"url":"https:\/\/i0.wp.com\/cognacchainier.com\/wp-content\/uploads\/2020\/02\/vignoble_1_comp_1-1-scaled.jpg?ssl=1"}],"twitter_card":"summary_large_image","twitter_misc":{"Estimated reading time":"2 minutes"},"schema":{"@context":"https:\/\/schema.org","@graph":[{"@type":"WebPage","@id":"https:\/\/cognacchainier.com\/en\/domaine\/","url":"https:\/\/cognacchainier.com\/en\/domaine\/","name":"Le Domaine Chainier : une histoire de famille","isPartOf":{"@id":"https:\/\/cognacchainier.com\/#website"},"primaryImageOfPage":{"@id":"https:\/\/cognacchainier.com\/en\/domaine\/#primaryimage"},"image":{"@id":"https:\/\/cognacchainier.com\/en\/domaine\/#primaryimage"},"thumbnailUrl":"https:\/\/i0.wp.com\/cognacchainier.com\/wp-content\/uploads\/2020\/02\/vignoble_1_comp_1-1-scaled.jpg?ssl=1","datePublished":"2020-02-10T14:21:42+00:00","dateModified":"2024-05-21T11:56:31+00:00","description":"Pineau et Cognac Chainier : une histoire de famille. D\u00e9couvrez-la !","breadcrumb":{"@id":"https:\/\/cognacchainier.com\/en\/domaine\/#breadcrumb"},"inLanguage":"en-GB","potentialAction":[{"@type":"ReadAction","target":["https:\/\/cognacchainier.com\/en\/domaine\/"]}]},{"@type":"ImageObject","inLanguage":"en-GB","@id":"https:\/\/cognacchainier.com\/en\/domaine\/#primaryimage","url":"https:\/\/i0.wp.com\/cognacchainier.com\/wp-content\/uploads\/2020\/02\/vignoble_1_comp_1-1-scaled.jpg?ssl=1","contentUrl":"https:\/\/i0.wp.com\/cognacchainier.com\/wp-content\/uploads\/2020\/02\/vignoble_1_comp_1-1-scaled.jpg?ssl=1"},{"@type":"BreadcrumbList","@id":"https:\/\/cognacchainier.com\/en\/domaine\/#breadcrumb","itemListElement":[{"@type":"ListItem","position":1,"name":"Accueil","item":"https:\/\/cognacchainier.com\/"},{"@type":"ListItem","position":2,"name":"Le Domaine Chainier : une histoire de famille"}]},{"@type":"WebSite","@id":"https:\/\/cognacchainier.com\/#website","url":"https:\/\/cognacchainier.com\/","name":"Cognac Chainier","description":"Cognac et Pineau des Charentes","publisher":{"@id":"https:\/\/cognacchainier.com\/#organization"},"potentialAction":[{"@type":"SearchAction","target":{"@type":"EntryPoint","urlTemplate":"https:\/\/cognacchainier.com\/?s={search_term_string}"},"query-input":"required name=search_term_string"}],"inLanguage":"en-GB"},{"@type":"Organization","@id":"https:\/\/cognacchainier.com\/#organization","name":"Cognac Chainier","url":"https:\/\/cognacchainier.com\/","logo":{"@type":"ImageObject","inLanguage":"en-GB","@id":"https:\/\/cognacchainier.com\/#\/schema\/logo\/image\/","url":"https:\/\/cognacchainier.com\/wp-content\/uploads\/2020\/02\/cognac-chainier-logo-1516111730.png","contentUrl":"https:\/\/cognacchainier.com\/wp-content\/uploads\/2020\/02\/cognac-chainier-logo-1516111730.png","width":223,"height":71,"caption":"Cognac Chainier"},"image":{"@id":"https:\/\/cognacchainier.com\/#\/schema\/logo\/image\/"},"sameAs":["https:\/\/www.facebook.com\/cognacchainier","https:\/\/www.linkedin.com\/company\/cognacchainier\/"]}]}},"jetpack_sharing_enabled":true,"coauthors":[],"author_meta":{"author_link":"https:\/\/cognacchainier.com\/en\/author\/clement_gay\/","display_name":"Cl\u00e9ment"},"relative_dates":{"created":"Posted 6 years ago","modified":"Updated 2 years ago"},"absolute_dates":{"created":"Posted on 10 February 2020","modified":"Updated on 21 May 2024"},"absolute_dates_time":{"created":"Posted on 10 February 2020 15 h 21 min","modified":"Updated on 21 May 2024 13 h 56 min"},"featured_img_caption":"","featured_img":false,"series_order":"","_links":{"self":[{"href":"https:\/\/cognacchainier.com\/en\/wp-json\/wp\/v2\/pages\/7"}],"collection":[{"href":"https:\/\/cognacchainier.com\/en\/wp-json\/wp\/v2\/pages"}],"about":[{"href":"https:\/\/cognacchainier.com\/en\/wp-json\/wp\/v2\/types\/page"}],"author":[{"embeddable":true,"href":"https:\/\/cognacchainier.com\/en\/wp-json\/wp\/v2\/users\/1"}],"replies":[{"embeddable":true,"href":"https:\/\/cognacchainier.com\/en\/wp-json\/wp\/v2\/comments?post=7"}],"version-history":[{"count":29,"href":"https:\/\/cognacchainier.com\/en\/wp-json\/wp\/v2\/pages\/7\/revisions"}],"predecessor-version":[{"id":1531,"href":"https:\/\/cognacchainier.com\/en\/wp-json\/wp\/v2\/pages\/7\/revisions\/1531"}],"wp:attachment":[{"href":"https:\/\/cognacchainier.com\/en\/wp-json\/wp\/v2\/media?parent=7"}],"curies":[{"name":"wp","href":"https:\/\/api.w.org\/{rel}","templated":true}]}}