{"id":6,"date":"2020-02-10T15:21:42","date_gmt":"2020-02-10T14:21:42","guid":{"rendered":"https:\/\/cognacchainier.com\/wordpress\/?page_id=6"},"modified":"2020-04-01T14:11:41","modified_gmt":"2020-04-01T12:11:41","slug":"cognac-chainier","status":"publish","type":"page","link":"https:\/\/cognacchainier.com\/en\/","title":{"rendered":"Cognac Chainier"},"content":{"rendered":"<h2 class=\"has-text-align-center has-text-align-center wp-block-heading\">Dominique Chainier &amp; Fils<\/h2>\n\n\n<p class=\"has-text-align-center has-large-font-size\">For generations<br \/>Cognac and Pineau des Charentes producers<\/p>\n\n<p class=\"has-text-align-center has-large-font-size\">Discover our products online<\/p>\n\n\n<p><\/p>\n\n\n\n<div class=\"wp-block-columns alignfull has-3-columns is-layout-flex wp-container-core-columns-is-layout-1 wp-block-columns-is-layout-flex\">\n<div class=\"wp-block-column is-layout-flow wp-block-column-is-layout-flow\">\n<figure class=\"wp-block-image size-large wp-image-81\">\t<div class=\"ng-image-hover\">\r\n\t\t<img decoding=\"async\" src=\"https:\/\/cognacchainier.com\/wp-content\/uploads\/2020\/02\/barde-1.jpg\" alt=\"Le Domaine Chainier:lien vers la pr\u00e9sentation\">\r\n\r\n\t\t<div class=\"ng-image-hover-text\">\r\n\t\t\tDomaine Chainier\t\t<\/div>\r\n\t<\/div>\r\n\t<\/figure>\n\n\n\n<p class=\"has-text-align-center has-medium-font-size\"><a href=\"\/en\/.\/domaine\/\"><strong>Our Vineyard<\/strong><\/a><\/p>\n<\/div>\n\n\n\n<div class=\"wp-block-column is-layout-flow wp-block-column-is-layout-flow\">\n<figure class=\"wp-block-image size-large wp-image-81\">\t<div class=\"ng-image-hover\">\r\n\t\t<img decoding=\"async\" src=\"https:\/\/cognacchainier.com\/wp-content\/uploads\/2020\/02\/cropped_xo-576x1024.jpg\" alt=\"Nos Cognacs: lien vers la page\">\r\n\r\n\t\t<div class=\"ng-image-hover-text\">\r\n\t\t\tOur Cognac\t\t<\/div>\r\n\t<\/div>\r\n\t<\/figure>\n\n\n\n<p class=\"has-text-align-center has-medium-font-size\"><a href=\"\/en\/.\/cognac-spiritueux\/\">Cognac<\/a><\/p>\n<\/div>\n\n\n\n<div class=\"wp-block-column is-layout-flow wp-block-column-is-layout-flow\">\n<figure class=\"wp-block-image size-large wp-image-81\">\t<div class=\"ng-image-hover\">\r\n\t\t<img decoding=\"async\" src=\"https:\/\/cognacchainier.com\/wp-content\/uploads\/2020\/02\/copie_pineau-576x1024.jpg\" alt=\"\">\r\n\r\n\t\t<div class=\"ng-image-hover-text\">\r\n\t\t\tOur Pineau des Charentes\t\t<\/div>\r\n\t<\/div>\r\n\t<\/figure>\n\n\n\n<p class=\"has-text-align-center has-medium-font-size\"><a href=\"\/en\/.\/pineau-des-charentes-liqueurs\/\">Pineau des Charentes<\/a><\/p>\n<\/div>\n\n\n\n<div class=\"wp-block-column is-layout-flow wp-block-column-is-layout-flow\">\n<figure class=\"wp-block-image size-large wp-image-81\">\t<div class=\"ng-image-hover\">\r\n\t\t<img decoding=\"async\" src=\"https:\/\/cognacchainier.com\/wp-content\/uploads\/2020\/02\/barriques-576x1024.jpeg\" alt=\"\u00c9laboration: lien vers la page\">\r\n\r\n\t\t<div class=\"ng-image-hover-text\">\r\n\t\t\tCognac Crafting\t\t<\/div>\r\n\t<\/div>\r\n\t<\/figure>\n\n\n\n<p class=\"has-text-align-center has-medium-font-size\"><a href=\"\/en\/.\/fabrication\/\">Cognac Crafting<\/a><\/p>\n<\/div>\n<\/div>\n\n\n\n<p>We have the honour to be part of the <em>Club des Vignerons Laur\u00e9ats exhibitions<\/em>, <a href=\"https:\/\/www.club-vignerons-laureats.com\/vignoble-d-chainier-et-fils\/\">find us<\/a> on their <a href=\"https:\/\/www.club-vignerons-laureats.com\/\">website<\/a> !<\/p>","protected":false},"excerpt":{"rendered":"<p>Dominique Chainier &amp; Fils Depuis des g\u00e9n\u00e9rationsProducteur de Cognac et de Pineau des Charentes D\u00e9couvrez et commandez nos produits en ligne Notre vignoble Notre Cognac Notre Pineau L&rsquo;\u00e9laboration Nous avons l&rsquo;honneur d&rsquo;\u00eatre membre permanent du Club des Vignerons Laur\u00e9ats, retrouvez nous sur leur site !<\/p>","protected":false},"author":1,"featured_media":0,"parent":0,"menu_order":0,"comment_status":"closed","ping_status":"closed","template":"template-fullwidth.php","meta":{"advgb_blocks_editor_width":"","advgb_blocks_columns_visual_guide":"","footnotes":""},"yoast_head":"<!-- This site is optimized with the Yoast SEO plugin v22.8 - https:\/\/yoast.com\/wordpress\/plugins\/seo\/ -->\n<title>Cognac Chainier - Cognac et Pineau des Charentes<\/title>\n<meta name=\"description\" content=\"Cognac Chainier - Producteur de Cognac et Pineau des Charentes, vente en ligne - Grande &amp; Petite Champagne - Pineau ros\u00e9, rouge, blanc, vieux...\" \/>\n<meta name=\"robots\" content=\"index, follow, max-snippet:-1, max-image-preview:large, max-video-preview:-1\" \/>\n<link rel=\"canonical\" href=\"https:\/\/cognacchainier.com\/en\/\" \/>\n<meta property=\"og:locale\" content=\"en_GB\" \/>\n<meta property=\"og:type\" content=\"article\" \/>\n<meta property=\"og:title\" content=\"Cognac Chainier - Cognac et Pineau des Charentes\" \/>\n<meta property=\"og:description\" content=\"Cognac Chainier - Producteur de Cognac et Pineau des Charentes, vente en ligne - Grande &amp; Petite Champagne - Pineau ros\u00e9, rouge, blanc, vieux...\" \/>\n<meta property=\"og:url\" content=\"https:\/\/cognacchainier.com\/en\/\" \/>\n<meta property=\"og:site_name\" content=\"Cognac Chainier\" \/>\n<meta property=\"article:publisher\" content=\"https:\/\/www.facebook.com\/cognacchainier\" \/>\n<meta property=\"article:modified_time\" content=\"2020-04-01T12:11:41+00:00\" \/>\n<meta name=\"twitter:card\" content=\"summary_large_image\" \/>\n<meta name=\"twitter:label1\" content=\"Estimated reading time\" \/>\n\t<meta name=\"twitter:data1\" content=\"1 minute\" \/>\n<script type=\"application\/ld+json\" class=\"yoast-schema-graph\">{\"@context\":\"https:\/\/schema.org\",\"@graph\":[{\"@type\":\"WebPage\",\"@id\":\"https:\/\/cognacchainier.com\/\",\"url\":\"https:\/\/cognacchainier.com\/\",\"name\":\"Cognac Chainier - Cognac et Pineau des Charentes\",\"isPartOf\":{\"@id\":\"https:\/\/cognacchainier.com\/#website\"},\"datePublished\":\"2020-02-10T14:21:42+00:00\",\"dateModified\":\"2020-04-01T12:11:41+00:00\",\"description\":\"Cognac Chainier - Producteur de Cognac et Pineau des Charentes, vente en ligne - Grande & Petite Champagne - Pineau ros\u00e9, rouge, blanc, vieux...\",\"breadcrumb\":{\"@id\":\"https:\/\/cognacchainier.com\/#breadcrumb\"},\"inLanguage\":\"en-GB\",\"potentialAction\":[{\"@type\":\"ReadAction\",\"target\":[\"https:\/\/cognacchainier.com\/\"]}]},{\"@type\":\"BreadcrumbList\",\"@id\":\"https:\/\/cognacchainier.com\/#breadcrumb\",\"itemListElement\":[{\"@type\":\"ListItem\",\"position\":1,\"name\":\"Accueil\",\"item\":\"https:\/\/cognacchainier.com\/\"},{\"@type\":\"ListItem\",\"position\":2,\"name\":\"Cognac Chainier\"}]},{\"@type\":\"WebSite\",\"@id\":\"https:\/\/cognacchainier.com\/#website\",\"url\":\"https:\/\/cognacchainier.com\/\",\"name\":\"Cognac Chainier\",\"description\":\"Cognac et Pineau des Charentes\",\"publisher\":{\"@id\":\"https:\/\/cognacchainier.com\/#organization\"},\"potentialAction\":[{\"@type\":\"SearchAction\",\"target\":{\"@type\":\"EntryPoint\",\"urlTemplate\":\"https:\/\/cognacchainier.com\/?s={search_term_string}\"},\"query-input\":\"required name=search_term_string\"}],\"inLanguage\":\"en-GB\"},{\"@type\":\"Organization\",\"@id\":\"https:\/\/cognacchainier.com\/#organization\",\"name\":\"Cognac Chainier\",\"url\":\"https:\/\/cognacchainier.com\/\",\"logo\":{\"@type\":\"ImageObject\",\"inLanguage\":\"en-GB\",\"@id\":\"https:\/\/cognacchainier.com\/#\/schema\/logo\/image\/\",\"url\":\"https:\/\/cognacchainier.com\/wp-content\/uploads\/2020\/02\/cognac-chainier-logo-1516111730.png\",\"contentUrl\":\"https:\/\/cognacchainier.com\/wp-content\/uploads\/2020\/02\/cognac-chainier-logo-1516111730.png\",\"width\":223,\"height\":71,\"caption\":\"Cognac Chainier\"},\"image\":{\"@id\":\"https:\/\/cognacchainier.com\/#\/schema\/logo\/image\/\"},\"sameAs\":[\"https:\/\/www.facebook.com\/cognacchainier\",\"https:\/\/www.linkedin.com\/company\/cognacchainier\/\"]}]}<\/script>\n<!-- \/ Yoast SEO plugin. -->","yoast_head_json":{"title":"Cognac Chainier - Cognac et Pineau des Charentes","description":"Cognac Chainier - Producteur de Cognac et Pineau des Charentes, vente en ligne - Grande & Petite Champagne - Pineau ros\u00e9, rouge, blanc, vieux...","robots":{"index":"index","follow":"follow","max-snippet":"max-snippet:-1","max-image-preview":"max-image-preview:large","max-video-preview":"max-video-preview:-1"},"canonical":"https:\/\/cognacchainier.com\/en\/","og_locale":"en_GB","og_type":"article","og_title":"Cognac Chainier - Cognac et Pineau des Charentes","og_description":"Cognac Chainier - Producteur de Cognac et Pineau des Charentes, vente en ligne - Grande & Petite Champagne - Pineau ros\u00e9, rouge, blanc, vieux...","og_url":"https:\/\/cognacchainier.com\/en\/","og_site_name":"Cognac Chainier","article_publisher":"https:\/\/www.facebook.com\/cognacchainier","article_modified_time":"2020-04-01T12:11:41+00:00","twitter_card":"summary_large_image","twitter_misc":{"Estimated reading time":"1 minute"},"schema":{"@context":"https:\/\/schema.org","@graph":[{"@type":"WebPage","@id":"https:\/\/cognacchainier.com\/","url":"https:\/\/cognacchainier.com\/","name":"Cognac Chainier - Cognac et Pineau des Charentes","isPartOf":{"@id":"https:\/\/cognacchainier.com\/#website"},"datePublished":"2020-02-10T14:21:42+00:00","dateModified":"2020-04-01T12:11:41+00:00","description":"Cognac Chainier - Producteur de Cognac et Pineau des Charentes, vente en ligne - Grande & Petite Champagne - Pineau ros\u00e9, rouge, blanc, vieux...","breadcrumb":{"@id":"https:\/\/cognacchainier.com\/#breadcrumb"},"inLanguage":"en-GB","potentialAction":[{"@type":"ReadAction","target":["https:\/\/cognacchainier.com\/"]}]},{"@type":"BreadcrumbList","@id":"https:\/\/cognacchainier.com\/#breadcrumb","itemListElement":[{"@type":"ListItem","position":1,"name":"Accueil","item":"https:\/\/cognacchainier.com\/"},{"@type":"ListItem","position":2,"name":"Cognac Chainier"}]},{"@type":"WebSite","@id":"https:\/\/cognacchainier.com\/#website","url":"https:\/\/cognacchainier.com\/","name":"Cognac Chainier","description":"Cognac et Pineau des Charentes","publisher":{"@id":"https:\/\/cognacchainier.com\/#organization"},"potentialAction":[{"@type":"SearchAction","target":{"@type":"EntryPoint","urlTemplate":"https:\/\/cognacchainier.com\/?s={search_term_string}"},"query-input":"required name=search_term_string"}],"inLanguage":"en-GB"},{"@type":"Organization","@id":"https:\/\/cognacchainier.com\/#organization","name":"Cognac Chainier","url":"https:\/\/cognacchainier.com\/","logo":{"@type":"ImageObject","inLanguage":"en-GB","@id":"https:\/\/cognacchainier.com\/#\/schema\/logo\/image\/","url":"https:\/\/cognacchainier.com\/wp-content\/uploads\/2020\/02\/cognac-chainier-logo-1516111730.png","contentUrl":"https:\/\/cognacchainier.com\/wp-content\/uploads\/2020\/02\/cognac-chainier-logo-1516111730.png","width":223,"height":71,"caption":"Cognac Chainier"},"image":{"@id":"https:\/\/cognacchainier.com\/#\/schema\/logo\/image\/"},"sameAs":["https:\/\/www.facebook.com\/cognacchainier","https:\/\/www.linkedin.com\/company\/cognacchainier\/"]}]}},"jetpack_sharing_enabled":true,"coauthors":[],"author_meta":{"author_link":"https:\/\/cognacchainier.com\/en\/author\/clement_gay\/","display_name":"Cl\u00e9ment"},"relative_dates":{"created":"Posted 6 years ago","modified":"Updated 6 years ago"},"absolute_dates":{"created":"Posted on 10 February 2020","modified":"Updated on 1 April 2020"},"absolute_dates_time":{"created":"Posted on 10 February 2020 15 h 21 min","modified":"Updated on 1 April 2020 14 h 11 min"},"featured_img_caption":"","featured_img":false,"series_order":"","_links":{"self":[{"href":"https:\/\/cognacchainier.com\/en\/wp-json\/wp\/v2\/pages\/6"}],"collection":[{"href":"https:\/\/cognacchainier.com\/en\/wp-json\/wp\/v2\/pages"}],"about":[{"href":"https:\/\/cognacchainier.com\/en\/wp-json\/wp\/v2\/types\/page"}],"author":[{"embeddable":true,"href":"https:\/\/cognacchainier.com\/en\/wp-json\/wp\/v2\/users\/1"}],"replies":[{"embeddable":true,"href":"https:\/\/cognacchainier.com\/en\/wp-json\/wp\/v2\/comments?post=6"}],"version-history":[{"count":122,"href":"https:\/\/cognacchainier.com\/en\/wp-json\/wp\/v2\/pages\/6\/revisions"}],"predecessor-version":[{"id":1306,"href":"https:\/\/cognacchainier.com\/en\/wp-json\/wp\/v2\/pages\/6\/revisions\/1306"}],"wp:attachment":[{"href":"https:\/\/cognacchainier.com\/en\/wp-json\/wp\/v2\/media?parent=6"}],"curies":[{"name":"wp","href":"https:\/\/api.w.org\/{rel}","templated":true}]}}