{"id":546,"date":"2020-02-17T09:05:08","date_gmt":"2020-02-17T08:05:08","guid":{"rendered":"https:\/\/cognacchainier.com\/?page_id=546"},"modified":"2020-02-17T09:05:10","modified_gmt":"2020-02-17T08:05:10","slug":"plan-du-site","status":"publish","type":"page","link":"https:\/\/cognacchainier.com\/en\/plan-du-site\/","title":{"rendered":"sitemap"},"content":{"rendered":"<div class=\"wsp-container\"><h2 class=\"wsp-pages-title\">Pages<\/h2>\n<ul class=\"wsp-pages-list\">\n<li class=\"page_item page-item-6\"><a href=\"https:\/\/cognacchainier.com\/en\/\">Cognac Chainier<\/a><\/li>\n<li class=\"page_item page-item-1275\"><a href=\"https:\/\/cognacchainier.com\/en\/commander\/\">Order our products<\/a><\/li>\n<li class=\"page_item page-item-283\"><a href=\"https:\/\/cognacchainier.com\/en\/conditions-generales-de-vente\/\">General terms and conditions (Fr)<\/a><\/li>\n<li class=\"page_item page-item-8\"><a href=\"https:\/\/cognacchainier.com\/en\/contact\/\">Contact<\/a><\/li>\n<li class=\"page_item page-item-331\"><a href=\"https:\/\/cognacchainier.com\/en\/fabrication\/\">About how to craft Cognac...<\/a><\/li>\n<li class=\"page_item page-item-7\"><a href=\"https:\/\/cognacchainier.com\/en\/domaine\/\">Domaine Chainier : a family story<\/a><\/li>\n<li class=\"page_item page-item-277\"><a href=\"https:\/\/cognacchainier.com\/en\/mentions-legales\/\">Legal notice (Fr)<\/a><\/li>\n<li class=\"page_item page-item-289\"><a href=\"https:\/\/cognacchainier.com\/en\/modalites-de-livraison\/\">Delivery (Fr)<\/a><\/li>\n<li class=\"page_item page-item-32\"><a href=\"https:\/\/cognacchainier.com\/en\/mon-compte\/\">My account<\/a><\/li>\n<li class=\"page_item page-item-350\"><a href=\"https:\/\/cognacchainier.com\/en\/nos-produits\/\">Our products<\/a><\/li>\n<li class=\"page_item page-item-30\"><a href=\"https:\/\/cognacchainier.com\/en\/panier\/\">My cart<\/a><\/li>\n<li class=\"page_item page-item-3\"><a href=\"https:\/\/cognacchainier.com\/en\/politique-de-confidentialite\/\">Politique de confidentialit\u00e9<\/a><\/li>\n<li class=\"page_item page-item-31\"><a href=\"https:\/\/cognacchainier.com\/en\/commande\/\">Validation de la commande<\/a><\/li>\n<\/ul>\n<h2 class=\"wsp-products-title\">Products<\/h2>\n<ul class=\"wsp-products-list\">\n<li><a href=\"https:\/\/cognacchainier.com\/en\/cognac\/cognac-xo-en-carafe-et-etuis\/\">Cognac XO en carafe et \u00e9tuis<\/a><\/li>\n<li><a href=\"https:\/\/cognacchainier.com\/en\/cognac\/cognac-tres-vieille-reserve-en-carafe-et-etuis\/\">Cognac Tr\u00e8s Vieille R\u00e9serve en carafe et \u00e9tuis<\/a><\/li>\n<li><a href=\"https:\/\/cognacchainier.com\/en\/cognac\/cognac-grande-champagne-millesime-1989\/\">Cognac Grande Champagne Mill\u00e9sime 1989<\/a><\/li>\n<li><a href=\"https:\/\/cognacchainier.com\/en\/pineau-des-charentes-liqueurs\/vieux-pineau-des-charentes-blanc\/\">Vieux Pineau des Charentes Blanc<\/a><\/li>\n<li><a href=\"https:\/\/cognacchainier.com\/en\/pineau-des-charentes-liqueurs\/pineau-des-charentes-rose\/\">Pineau des Charentes Ros\u00e9<\/a><\/li>\n<li><a href=\"https:\/\/cognacchainier.com\/en\/pineau-des-charentes-liqueurs\/pineau-des-charentes-rubis\/\">Pineau des Charentes Rubis<\/a><\/li>\n<li><a href=\"https:\/\/cognacchainier.com\/en\/pineau-des-charentes-liqueurs\/pineau-des-charentes-blanc\/\">Pineau des Charentes Blanc<\/a><\/li>\n<li><a href=\"https:\/\/cognacchainier.com\/en\/cognac\/cognac-xo\/\">Cognac XO<\/a><\/li>\n<li><a href=\"https:\/\/cognacchainier.com\/en\/cognac\/cognac-tres-vieille-reserve\/\">Cognac Tr\u00e8s Vieille R\u00e9serve<\/a><\/li>\n<li><a href=\"https:\/\/cognacchainier.com\/en\/cognac\/cognac-vsop\/\">Cognac Fine Champagne VSOP<\/a><\/li>\n<li><a href=\"https:\/\/cognacchainier.com\/en\/cognac\/cognac-vs\/\">Cognac VS<\/a><\/li>\n<\/ul>\n<h2 class=\"wsp-product_cats-title\">Product categories<\/h2>\n<ul class=\"wsp-product_cats-list\">\n<li><a href=\"https:\/\/cognacchainier.com\/en\/cognac\/\">Cognac<\/a><\/li>\n<li><a href=\"https:\/\/cognacchainier.com\/en\/pineau-des-charentes-liqueurs\/\">Pineau des Charentes &amp; Liqueur<\/a><\/li>\n<\/ul>\n<\/div>\n\n\n\n<p><\/p>","protected":false},"excerpt":{"rendered":"","protected":false},"author":1,"featured_media":0,"parent":0,"menu_order":0,"comment_status":"closed","ping_status":"closed","template":"","meta":{"advgb_blocks_editor_width":"","advgb_blocks_columns_visual_guide":"","footnotes":""},"yoast_head":"<!-- This site is optimized with the Yoast SEO plugin v22.8 - https:\/\/yoast.com\/wordpress\/plugins\/seo\/ -->\n<title>Plan du site<\/title>\n<meta name=\"robots\" content=\"index, follow, max-snippet:-1, max-image-preview:large, max-video-preview:-1\" \/>\n<link rel=\"canonical\" href=\"https:\/\/cognacchainier.com\/en\/plan-du-site\/\" \/>\n<meta property=\"og:locale\" content=\"en_GB\" \/>\n<meta property=\"og:type\" content=\"article\" \/>\n<meta property=\"og:title\" content=\"Plan du site\" \/>\n<meta property=\"og:url\" content=\"https:\/\/cognacchainier.com\/en\/plan-du-site\/\" \/>\n<meta property=\"og:site_name\" content=\"Cognac Chainier\" \/>\n<meta property=\"article:publisher\" content=\"https:\/\/www.facebook.com\/cognacchainier\" \/>\n<meta property=\"article:modified_time\" content=\"2020-02-17T08:05:10+00:00\" \/>\n<meta name=\"twitter:card\" content=\"summary_large_image\" \/>\n<script type=\"application\/ld+json\" class=\"yoast-schema-graph\">{\"@context\":\"https:\/\/schema.org\",\"@graph\":[{\"@type\":\"WebPage\",\"@id\":\"https:\/\/cognacchainier.com\/plan-du-site\/\",\"url\":\"https:\/\/cognacchainier.com\/plan-du-site\/\",\"name\":\"Plan du site\",\"isPartOf\":{\"@id\":\"https:\/\/cognacchainier.com\/#website\"},\"datePublished\":\"2020-02-17T08:05:08+00:00\",\"dateModified\":\"2020-02-17T08:05:10+00:00\",\"breadcrumb\":{\"@id\":\"https:\/\/cognacchainier.com\/plan-du-site\/#breadcrumb\"},\"inLanguage\":\"en-GB\",\"potentialAction\":[{\"@type\":\"ReadAction\",\"target\":[\"https:\/\/cognacchainier.com\/plan-du-site\/\"]}]},{\"@type\":\"BreadcrumbList\",\"@id\":\"https:\/\/cognacchainier.com\/plan-du-site\/#breadcrumb\",\"itemListElement\":[{\"@type\":\"ListItem\",\"position\":1,\"name\":\"Accueil\",\"item\":\"https:\/\/cognacchainier.com\/\"},{\"@type\":\"ListItem\",\"position\":2,\"name\":\"Plan du site\"}]},{\"@type\":\"WebSite\",\"@id\":\"https:\/\/cognacchainier.com\/#website\",\"url\":\"https:\/\/cognacchainier.com\/\",\"name\":\"Cognac Chainier\",\"description\":\"Cognac et Pineau des Charentes\",\"publisher\":{\"@id\":\"https:\/\/cognacchainier.com\/#organization\"},\"potentialAction\":[{\"@type\":\"SearchAction\",\"target\":{\"@type\":\"EntryPoint\",\"urlTemplate\":\"https:\/\/cognacchainier.com\/?s={search_term_string}\"},\"query-input\":\"required name=search_term_string\"}],\"inLanguage\":\"en-GB\"},{\"@type\":\"Organization\",\"@id\":\"https:\/\/cognacchainier.com\/#organization\",\"name\":\"Cognac Chainier\",\"url\":\"https:\/\/cognacchainier.com\/\",\"logo\":{\"@type\":\"ImageObject\",\"inLanguage\":\"en-GB\",\"@id\":\"https:\/\/cognacchainier.com\/#\/schema\/logo\/image\/\",\"url\":\"https:\/\/cognacchainier.com\/wp-content\/uploads\/2020\/02\/cognac-chainier-logo-1516111730.png\",\"contentUrl\":\"https:\/\/cognacchainier.com\/wp-content\/uploads\/2020\/02\/cognac-chainier-logo-1516111730.png\",\"width\":223,\"height\":71,\"caption\":\"Cognac Chainier\"},\"image\":{\"@id\":\"https:\/\/cognacchainier.com\/#\/schema\/logo\/image\/\"},\"sameAs\":[\"https:\/\/www.facebook.com\/cognacchainier\",\"https:\/\/www.linkedin.com\/company\/cognacchainier\/\"]}]}<\/script>\n<!-- \/ Yoast SEO plugin. -->","yoast_head_json":{"title":"Plan du site","robots":{"index":"index","follow":"follow","max-snippet":"max-snippet:-1","max-image-preview":"max-image-preview:large","max-video-preview":"max-video-preview:-1"},"canonical":"https:\/\/cognacchainier.com\/en\/plan-du-site\/","og_locale":"en_GB","og_type":"article","og_title":"Plan du site","og_url":"https:\/\/cognacchainier.com\/en\/plan-du-site\/","og_site_name":"Cognac Chainier","article_publisher":"https:\/\/www.facebook.com\/cognacchainier","article_modified_time":"2020-02-17T08:05:10+00:00","twitter_card":"summary_large_image","schema":{"@context":"https:\/\/schema.org","@graph":[{"@type":"WebPage","@id":"https:\/\/cognacchainier.com\/plan-du-site\/","url":"https:\/\/cognacchainier.com\/plan-du-site\/","name":"Plan du site","isPartOf":{"@id":"https:\/\/cognacchainier.com\/#website"},"datePublished":"2020-02-17T08:05:08+00:00","dateModified":"2020-02-17T08:05:10+00:00","breadcrumb":{"@id":"https:\/\/cognacchainier.com\/plan-du-site\/#breadcrumb"},"inLanguage":"en-GB","potentialAction":[{"@type":"ReadAction","target":["https:\/\/cognacchainier.com\/plan-du-site\/"]}]},{"@type":"BreadcrumbList","@id":"https:\/\/cognacchainier.com\/plan-du-site\/#breadcrumb","itemListElement":[{"@type":"ListItem","position":1,"name":"Accueil","item":"https:\/\/cognacchainier.com\/"},{"@type":"ListItem","position":2,"name":"Plan du site"}]},{"@type":"WebSite","@id":"https:\/\/cognacchainier.com\/#website","url":"https:\/\/cognacchainier.com\/","name":"Cognac Chainier","description":"Cognac et Pineau des Charentes","publisher":{"@id":"https:\/\/cognacchainier.com\/#organization"},"potentialAction":[{"@type":"SearchAction","target":{"@type":"EntryPoint","urlTemplate":"https:\/\/cognacchainier.com\/?s={search_term_string}"},"query-input":"required name=search_term_string"}],"inLanguage":"en-GB"},{"@type":"Organization","@id":"https:\/\/cognacchainier.com\/#organization","name":"Cognac Chainier","url":"https:\/\/cognacchainier.com\/","logo":{"@type":"ImageObject","inLanguage":"en-GB","@id":"https:\/\/cognacchainier.com\/#\/schema\/logo\/image\/","url":"https:\/\/cognacchainier.com\/wp-content\/uploads\/2020\/02\/cognac-chainier-logo-1516111730.png","contentUrl":"https:\/\/cognacchainier.com\/wp-content\/uploads\/2020\/02\/cognac-chainier-logo-1516111730.png","width":223,"height":71,"caption":"Cognac Chainier"},"image":{"@id":"https:\/\/cognacchainier.com\/#\/schema\/logo\/image\/"},"sameAs":["https:\/\/www.facebook.com\/cognacchainier","https:\/\/www.linkedin.com\/company\/cognacchainier\/"]}]}},"jetpack_sharing_enabled":true,"coauthors":[],"author_meta":{"author_link":"https:\/\/cognacchainier.com\/en\/author\/clement_gay\/","display_name":"Cl\u00e9ment"},"relative_dates":{"created":"Posted 6 years ago","modified":"Updated 6 years ago"},"absolute_dates":{"created":"Posted on 17 February 2020","modified":"Updated on 17 February 2020"},"absolute_dates_time":{"created":"Posted on 17 February 2020 9 h 05 min","modified":"Updated on 17 February 2020 9 h 05 min"},"featured_img_caption":"","featured_img":false,"series_order":"","_links":{"self":[{"href":"https:\/\/cognacchainier.com\/en\/wp-json\/wp\/v2\/pages\/546"}],"collection":[{"href":"https:\/\/cognacchainier.com\/en\/wp-json\/wp\/v2\/pages"}],"about":[{"href":"https:\/\/cognacchainier.com\/en\/wp-json\/wp\/v2\/types\/page"}],"author":[{"embeddable":true,"href":"https:\/\/cognacchainier.com\/en\/wp-json\/wp\/v2\/users\/1"}],"replies":[{"embeddable":true,"href":"https:\/\/cognacchainier.com\/en\/wp-json\/wp\/v2\/comments?post=546"}],"version-history":[{"count":2,"href":"https:\/\/cognacchainier.com\/en\/wp-json\/wp\/v2\/pages\/546\/revisions"}],"predecessor-version":[{"id":550,"href":"https:\/\/cognacchainier.com\/en\/wp-json\/wp\/v2\/pages\/546\/revisions\/550"}],"wp:attachment":[{"href":"https:\/\/cognacchainier.com\/en\/wp-json\/wp\/v2\/media?parent=546"}],"curies":[{"name":"wp","href":"https:\/\/api.w.org\/{rel}","templated":true}]}}