{"id":331,"date":"2020-02-13T10:28:53","date_gmt":"2020-02-13T09:28:53","guid":{"rendered":"https:\/\/cognacchainier.com\/wordpress\/?page_id=331"},"modified":"2020-02-18T13:42:40","modified_gmt":"2020-02-18T12:42:40","slug":"fabrication","status":"publish","type":"page","link":"https:\/\/cognacchainier.com\/en\/fabrication\/","title":{"rendered":"About how to craft Cognac..."},"content":{"rendered":"<p class=\"text_justify\">In the very heart of the Cognac area, our 40ha vineyards, are remarkably located in the two main crus. The first one is located in Arthenac, Petite Champagne, cradle of the Chainier Family. This vineyard is planted in Ugni Blanc (trebbiano bianco), Colombard and Merlot. Our second vineyard is situated in Ligni\u00e8res-Sonneville, Grande Champagne 1er cru, only planted with Ugni Blanc. Such a diversity, added with our soils exceptional quality and a very particular climate thanks to ocean proximity gives our Cognac an unique personality. On a clay-limestone soil (with a limestone-rich underground), our vines are pruned with \"double Guyot\" method.<\/p>\n\n\n\n<div class=\"wp-block-group\"><div class=\"wp-block-group__inner-container is-layout-flow wp-block-group-is-layout-flow\">\n<h3 class=\"wp-block-heading\">Les vendanges : the grape harvest<\/h3>\n\n\n\n<div class=\"wp-block-columns is-layout-flex wp-container-core-columns-is-layout-1 wp-block-columns-is-layout-flex\">\n<div class=\"wp-block-column is-layout-flow wp-block-column-is-layout-flow\" style=\"flex-basis:38%\">\n<div class=\"wp-block-image\"><figure class=\"aligncenter size-large is-resized\"><img decoding=\"async\" src=\"https:\/\/cognacchainier.com\/wp-content\/uploads\/2020\/02\/Photo-le-05-12-2010-1337-768x1024.jpg\" alt=\"\" class=\"wp-image-595\" width=\"192\" height=\"256\" srcset=\"https:\/\/cognacchainier.com\/wp-content\/uploads\/2020\/02\/Photo-le-05-12-2010-1337-768x1024.jpg 768w, https:\/\/cognacchainier.com\/wp-content\/uploads\/2020\/02\/Photo-le-05-12-2010-1337-225x300.jpg 225w, https:\/\/cognacchainier.com\/wp-content\/uploads\/2020\/02\/Photo-le-05-12-2010-1337-1152x1536.jpg 1152w, https:\/\/cognacchainier.com\/wp-content\/uploads\/2020\/02\/Photo-le-05-12-2010-1337-1536x2048.jpg 1536w, https:\/\/cognacchainier.com\/wp-content\/uploads\/2020\/02\/Photo-le-05-12-2010-1337-324x432.jpg 324w, https:\/\/cognacchainier.com\/wp-content\/uploads\/2020\/02\/Photo-le-05-12-2010-1337-416x555.jpg 416w, https:\/\/cognacchainier.com\/wp-content\/uploads\/2020\/02\/Photo-le-05-12-2010-1337.jpg 1704w\" sizes=\"(max-width: 192px) 100vw, 192px\" \/><\/figure><\/div>\n<\/div>\n\n\n\n<div class=\"wp-block-column is-layout-flow wp-block-column-is-layout-flow\" style=\"flex-basis:62%\">\n<p style=\"font-size:19px\" class=\"text_justify\">As a reward of a long year of work, vendanges occur around october. This is time for grapes to become ripe. Grapes are pressed in a pneumatic press, ensuring a full aromatic potential. The obtained juice is directly put into vats and can ferment. The fermentation lasts two weeks and the obtained wine ABV is around 9%. This alcohol concentration is perfect for wine to be distilled.<\/p>\n<\/div>\n<\/div>\n<\/div><\/div>\n\n\n\n<div class=\"wp-block-group\"><div class=\"wp-block-group__inner-container is-layout-flow wp-block-group-is-layout-flow\">\n<div class=\"wp-block-group\"><div class=\"wp-block-group__inner-container is-layout-flow wp-block-group-is-layout-flow\">\n<h3 class=\"wp-block-heading\">Distillation<\/h3>\n\n\n\n<p class=\"text_justify\">During winter, wines are distilled at the winery, in accordance to the Charentaise method, thanks to a Charentais still.<br>Cognac distillation is done in two times :<\/p>\n\n\n\n<p class=\"text_indente text_justify\">A first heating in which wine is boiled. Alcohol vapour is condensed, providing \"Brouillis\", the first distillate around 30% ABV.<\/p>\n\n\n\n<p class=\"text_indente text_justify\">During the final heating called \"bonne chauffe\", Brouillis is boiled. Alcohol and aromatic compounds are condensed again, obtaining a Eau-de-vie 70% ABV : Cognac.<\/p>\n\n\n\n<p class=\"has-small-font-size text_indente text_justify\">N.B. During both heats, the firsts and lasts litres of distillate are separated from its heart. These parts are respectively called \"heads\" and \"tails\" of distillation. They are incorporated in the initial wine to be distilled again. In this way, only the very heart of eau-de-vie is kept.<\/p>\n\n\n\n<div class=\"wp-block-image\"><figure class=\"aligncenter size-large is-resized\"><img decoding=\"async\" src=\"https:\/\/cognacchainier.com\/wp-content\/uploads\/2020\/02\/Alambic--1024x768.jpg\" alt=\"\" class=\"wp-image-588\" width=\"512\" height=\"384\" srcset=\"https:\/\/cognacchainier.com\/wp-content\/uploads\/2020\/02\/Alambic--1024x768.jpg 1024w, https:\/\/cognacchainier.com\/wp-content\/uploads\/2020\/02\/Alambic--300x225.jpg 300w, https:\/\/cognacchainier.com\/wp-content\/uploads\/2020\/02\/Alambic--768x576.jpg 768w, https:\/\/cognacchainier.com\/wp-content\/uploads\/2020\/02\/Alambic--1536x1152.jpg 1536w, https:\/\/cognacchainier.com\/wp-content\/uploads\/2020\/02\/Alambic--2048x1536.jpg 2048w, https:\/\/cognacchainier.com\/wp-content\/uploads\/2020\/02\/Alambic--324x243.jpg 324w, https:\/\/cognacchainier.com\/wp-content\/uploads\/2020\/02\/Alambic--416x312.jpg 416w\" sizes=\"(max-width: 512px) 100vw, 512px\" \/><\/figure><\/div>\n<\/div><\/div>\n<\/div><\/div>\n\n\n\n<div class=\"wp-block-group\"><div class=\"wp-block-group__inner-container is-layout-flow wp-block-group-is-layout-flow\">\n<h3 class=\"wp-block-heading\">The ageing<\/h3>\n\n\n\n<p class=\"text_justify\">Our Cognac ages for a long time in Limousin oak casks, measuring around 400 litres.<br>By a complex exchange between eau-de-vie and oak (e.g. tannin diffusion), in the obscurity and the dampness, our Cognac is slowly reaching its famous amber colour, its subtlety and its unrivalled bouquet.<br>The final step before bottling is to blend Cognacs with different specific features to obtain a very unique Cognac. This step is calle \"la coupe'. This subtle exercise requires rigour, intuition and experience.<\/p>\n<\/div><\/div>\n\n\n\n<div class=\"wp-block-jetpack-tiled-gallery aligncenter is-style-rectangular\"><div class=\"tiled-gallery__gallery\"><div class=\"tiled-gallery__row\"><div class=\"tiled-gallery__col\"><figure class=\"tiled-gallery__item\"><img decoding=\"async\" srcset=\"https:\/\/i1.wp.com\/cognacchainier.com\/wp-content\/uploads\/2020\/02\/Photo-le-05-12-2010-1337.jpg?strip=info&#038;w=600&#038;ssl=1 600w,https:\/\/i1.wp.com\/cognacchainier.com\/wp-content\/uploads\/2020\/02\/Photo-le-05-12-2010-1337.jpg?strip=info&#038;w=900&#038;ssl=1 900w,https:\/\/i1.wp.com\/cognacchainier.com\/wp-content\/uploads\/2020\/02\/Photo-le-05-12-2010-1337.jpg?strip=info&#038;w=1200&#038;ssl=1 1200w,https:\/\/i1.wp.com\/cognacchainier.com\/wp-content\/uploads\/2020\/02\/Photo-le-05-12-2010-1337.jpg?strip=info&#038;w=1500&#038;ssl=1 1500w,https:\/\/i1.wp.com\/cognacchainier.com\/wp-content\/uploads\/2020\/02\/Photo-le-05-12-2010-1337.jpg?strip=info&#038;w=1704&#038;ssl=1 1704w\" alt=\"\" data-height=\"2272\" data-id=\"595\" data-link=\"https:\/\/cognacchainier.com\/photo-le-05-12-2010-1337\/\" data-url=\"https:\/\/cognacchainier.com\/wp-content\/uploads\/2020\/02\/Photo-le-05-12-2010-1337.jpg\" data-width=\"1704\" src=\"https:\/\/i1.wp.com\/cognacchainier.com\/wp-content\/uploads\/2020\/02\/Photo-le-05-12-2010-1337.jpg?ssl=1\"\/><\/figure><\/div><div class=\"tiled-gallery__col\"><figure class=\"tiled-gallery__item\"><img decoding=\"async\" srcset=\"https:\/\/i0.wp.com\/cognacchainier.com\/wp-content\/uploads\/2020\/02\/Alambic-.jpg?strip=info&#038;w=600&#038;ssl=1 600w,https:\/\/i0.wp.com\/cognacchainier.com\/wp-content\/uploads\/2020\/02\/Alambic-.jpg?strip=info&#038;w=900&#038;ssl=1 900w,https:\/\/i0.wp.com\/cognacchainier.com\/wp-content\/uploads\/2020\/02\/Alambic-.jpg?strip=info&#038;w=1200&#038;ssl=1 1200w,https:\/\/i0.wp.com\/cognacchainier.com\/wp-content\/uploads\/2020\/02\/Alambic-.jpg?strip=info&#038;w=1500&#038;ssl=1 1500w,https:\/\/i0.wp.com\/cognacchainier.com\/wp-content\/uploads\/2020\/02\/Alambic-.jpg?strip=info&#038;w=1800&#038;ssl=1 1800w,https:\/\/i0.wp.com\/cognacchainier.com\/wp-content\/uploads\/2020\/02\/Alambic-.jpg?strip=info&#038;w=2000&#038;ssl=1 2000w\" alt=\"\" data-height=\"1728\" data-id=\"588\" data-link=\"https:\/\/cognacchainier.com\/alambic\/\" data-url=\"https:\/\/cognacchainier.com\/wp-content\/uploads\/2020\/02\/Alambic-.jpg\" data-width=\"2304\" src=\"https:\/\/i0.wp.com\/cognacchainier.com\/wp-content\/uploads\/2020\/02\/Alambic-.jpg?ssl=1\"\/><\/figure><\/div><div class=\"tiled-gallery__col\"><figure class=\"tiled-gallery__item\"><img decoding=\"async\" srcset=\"https:\/\/i1.wp.com\/cognacchainier.com\/wp-content\/uploads\/2020\/02\/IMG_3474-scaled.jpg?strip=info&#038;w=600&#038;ssl=1 600w,https:\/\/i1.wp.com\/cognacchainier.com\/wp-content\/uploads\/2020\/02\/IMG_3474-scaled.jpg?strip=info&#038;w=900&#038;ssl=1 900w,https:\/\/i1.wp.com\/cognacchainier.com\/wp-content\/uploads\/2020\/02\/IMG_3474-scaled.jpg?strip=info&#038;w=1200&#038;ssl=1 1200w,https:\/\/i1.wp.com\/cognacchainier.com\/wp-content\/uploads\/2020\/02\/IMG_3474-scaled.jpg?strip=info&#038;w=1440&#038;ssl=1 1440w\" alt=\"\" data-height=\"2560\" data-id=\"592\" data-link=\"https:\/\/cognacchainier.com\/img_3474\/\" data-url=\"https:\/\/cognacchainier.com\/wp-content\/uploads\/2020\/02\/IMG_3474-scaled.jpg\" data-width=\"1440\" src=\"https:\/\/i1.wp.com\/cognacchainier.com\/wp-content\/uploads\/2020\/02\/IMG_3474-scaled.jpg?ssl=1\"\/><\/figure><\/div><\/div><\/div><\/div>","protected":false},"excerpt":{"rendered":"<p>En plein c\u0153ur de l\u2019appellation Cognac, nos vignobles, remarquablement situ\u00e9s dans les deux crus les plus r\u00e9put\u00e9s, s\u2019\u00e9tendent sur pr\u00e8s de 40 hectares. Le premier vignoble, berceau de la famille, se situe \u00e0 Arthenac, pr\u00e8s d\u2019Archiac, en Petite Champagne. Il est majoritairement plant\u00e9 en Ugni Blanc, mais aussi en Colombard et en Merlot. Notre second [&hellip;]<\/p>","protected":false},"author":1,"featured_media":0,"parent":0,"menu_order":0,"comment_status":"closed","ping_status":"closed","template":"","meta":{"advgb_blocks_editor_width":"","advgb_blocks_columns_visual_guide":"","footnotes":""},"yoast_head":"<!-- This site is optimized with the Yoast SEO plugin v22.8 - https:\/\/yoast.com\/wordpress\/plugins\/seo\/ -->\n<title>L&#039;\u00e9laboration de nos produits<\/title>\n<meta name=\"robots\" content=\"index, follow, max-snippet:-1, max-image-preview:large, max-video-preview:-1\" \/>\n<link rel=\"canonical\" href=\"https:\/\/cognacchainier.com\/en\/fabrication\/\" \/>\n<meta property=\"og:locale\" content=\"en_GB\" \/>\n<meta property=\"og:type\" content=\"article\" \/>\n<meta property=\"og:title\" content=\"L&#039;\u00e9laboration de nos produits\" \/>\n<meta property=\"og:description\" content=\"En plein c\u0153ur de l\u2019appellation Cognac, nos vignobles, remarquablement situ\u00e9s dans les deux crus les plus r\u00e9put\u00e9s, s\u2019\u00e9tendent sur pr\u00e8s de 40 hectares. Le premier vignoble, berceau de la famille, se situe \u00e0 Arthenac, pr\u00e8s d\u2019Archiac, en Petite Champagne. Il est majoritairement plant\u00e9 en Ugni Blanc, mais aussi en Colombard et en Merlot. Notre second [&hellip;]\" \/>\n<meta property=\"og:url\" content=\"https:\/\/cognacchainier.com\/en\/fabrication\/\" \/>\n<meta property=\"og:site_name\" content=\"Cognac Chainier\" \/>\n<meta property=\"article:publisher\" content=\"https:\/\/www.facebook.com\/cognacchainier\" \/>\n<meta property=\"article:modified_time\" content=\"2020-02-18T12:42:40+00:00\" \/>\n<meta property=\"og:image\" content=\"https:\/\/cognacchainier.com\/wp-content\/uploads\/2020\/02\/Photo-le-05-12-2010-1337-768x1024.jpg\" \/>\n<meta name=\"twitter:card\" content=\"summary_large_image\" \/>\n<meta name=\"twitter:label1\" content=\"Estimated reading time\" \/>\n\t<meta name=\"twitter:data1\" content=\"3 minutes\" \/>\n<script type=\"application\/ld+json\" class=\"yoast-schema-graph\">{\"@context\":\"https:\/\/schema.org\",\"@graph\":[{\"@type\":\"WebPage\",\"@id\":\"https:\/\/cognacchainier.com\/fabrication\/\",\"url\":\"https:\/\/cognacchainier.com\/fabrication\/\",\"name\":\"L'\u00e9laboration de nos produits\",\"isPartOf\":{\"@id\":\"https:\/\/cognacchainier.com\/#website\"},\"primaryImageOfPage\":{\"@id\":\"https:\/\/cognacchainier.com\/fabrication\/#primaryimage\"},\"image\":{\"@id\":\"https:\/\/cognacchainier.com\/fabrication\/#primaryimage\"},\"thumbnailUrl\":\"https:\/\/cognacchainier.com\/wp-content\/uploads\/2020\/02\/Photo-le-05-12-2010-1337-768x1024.jpg\",\"datePublished\":\"2020-02-13T09:28:53+00:00\",\"dateModified\":\"2020-02-18T12:42:40+00:00\",\"breadcrumb\":{\"@id\":\"https:\/\/cognacchainier.com\/fabrication\/#breadcrumb\"},\"inLanguage\":\"en-GB\",\"potentialAction\":[{\"@type\":\"ReadAction\",\"target\":[\"https:\/\/cognacchainier.com\/fabrication\/\"]}]},{\"@type\":\"ImageObject\",\"inLanguage\":\"en-GB\",\"@id\":\"https:\/\/cognacchainier.com\/fabrication\/#primaryimage\",\"url\":\"https:\/\/cognacchainier.com\/wp-content\/uploads\/2020\/02\/Photo-le-05-12-2010-1337-768x1024.jpg\",\"contentUrl\":\"https:\/\/cognacchainier.com\/wp-content\/uploads\/2020\/02\/Photo-le-05-12-2010-1337-768x1024.jpg\"},{\"@type\":\"BreadcrumbList\",\"@id\":\"https:\/\/cognacchainier.com\/fabrication\/#breadcrumb\",\"itemListElement\":[{\"@type\":\"ListItem\",\"position\":1,\"name\":\"Accueil\",\"item\":\"https:\/\/cognacchainier.com\/\"},{\"@type\":\"ListItem\",\"position\":2,\"name\":\"L&rsquo;\u00e9laboration de nos produits\"}]},{\"@type\":\"WebSite\",\"@id\":\"https:\/\/cognacchainier.com\/#website\",\"url\":\"https:\/\/cognacchainier.com\/\",\"name\":\"Cognac Chainier\",\"description\":\"Cognac et Pineau des Charentes\",\"publisher\":{\"@id\":\"https:\/\/cognacchainier.com\/#organization\"},\"potentialAction\":[{\"@type\":\"SearchAction\",\"target\":{\"@type\":\"EntryPoint\",\"urlTemplate\":\"https:\/\/cognacchainier.com\/?s={search_term_string}\"},\"query-input\":\"required name=search_term_string\"}],\"inLanguage\":\"en-GB\"},{\"@type\":\"Organization\",\"@id\":\"https:\/\/cognacchainier.com\/#organization\",\"name\":\"Cognac Chainier\",\"url\":\"https:\/\/cognacchainier.com\/\",\"logo\":{\"@type\":\"ImageObject\",\"inLanguage\":\"en-GB\",\"@id\":\"https:\/\/cognacchainier.com\/#\/schema\/logo\/image\/\",\"url\":\"https:\/\/cognacchainier.com\/wp-content\/uploads\/2020\/02\/cognac-chainier-logo-1516111730.png\",\"contentUrl\":\"https:\/\/cognacchainier.com\/wp-content\/uploads\/2020\/02\/cognac-chainier-logo-1516111730.png\",\"width\":223,\"height\":71,\"caption\":\"Cognac Chainier\"},\"image\":{\"@id\":\"https:\/\/cognacchainier.com\/#\/schema\/logo\/image\/\"},\"sameAs\":[\"https:\/\/www.facebook.com\/cognacchainier\",\"https:\/\/www.linkedin.com\/company\/cognacchainier\/\"]}]}<\/script>\n<!-- \/ Yoast SEO plugin. -->","yoast_head_json":{"title":"L'\u00e9laboration de nos produits","robots":{"index":"index","follow":"follow","max-snippet":"max-snippet:-1","max-image-preview":"max-image-preview:large","max-video-preview":"max-video-preview:-1"},"canonical":"https:\/\/cognacchainier.com\/en\/fabrication\/","og_locale":"en_GB","og_type":"article","og_title":"L'\u00e9laboration de nos produits","og_description":"En plein c\u0153ur de l\u2019appellation Cognac, nos vignobles, remarquablement situ\u00e9s dans les deux crus les plus r\u00e9put\u00e9s, s\u2019\u00e9tendent sur pr\u00e8s de 40 hectares. Le premier vignoble, berceau de la famille, se situe \u00e0 Arthenac, pr\u00e8s d\u2019Archiac, en Petite Champagne. Il est majoritairement plant\u00e9 en Ugni Blanc, mais aussi en Colombard et en Merlot. Notre second [&hellip;]","og_url":"https:\/\/cognacchainier.com\/en\/fabrication\/","og_site_name":"Cognac Chainier","article_publisher":"https:\/\/www.facebook.com\/cognacchainier","article_modified_time":"2020-02-18T12:42:40+00:00","og_image":[{"url":"https:\/\/cognacchainier.com\/wp-content\/uploads\/2020\/02\/Photo-le-05-12-2010-1337-768x1024.jpg"}],"twitter_card":"summary_large_image","twitter_misc":{"Estimated reading time":"3 minutes"},"schema":{"@context":"https:\/\/schema.org","@graph":[{"@type":"WebPage","@id":"https:\/\/cognacchainier.com\/fabrication\/","url":"https:\/\/cognacchainier.com\/fabrication\/","name":"L'\u00e9laboration de nos produits","isPartOf":{"@id":"https:\/\/cognacchainier.com\/#website"},"primaryImageOfPage":{"@id":"https:\/\/cognacchainier.com\/fabrication\/#primaryimage"},"image":{"@id":"https:\/\/cognacchainier.com\/fabrication\/#primaryimage"},"thumbnailUrl":"https:\/\/cognacchainier.com\/wp-content\/uploads\/2020\/02\/Photo-le-05-12-2010-1337-768x1024.jpg","datePublished":"2020-02-13T09:28:53+00:00","dateModified":"2020-02-18T12:42:40+00:00","breadcrumb":{"@id":"https:\/\/cognacchainier.com\/fabrication\/#breadcrumb"},"inLanguage":"en-GB","potentialAction":[{"@type":"ReadAction","target":["https:\/\/cognacchainier.com\/fabrication\/"]}]},{"@type":"ImageObject","inLanguage":"en-GB","@id":"https:\/\/cognacchainier.com\/fabrication\/#primaryimage","url":"https:\/\/cognacchainier.com\/wp-content\/uploads\/2020\/02\/Photo-le-05-12-2010-1337-768x1024.jpg","contentUrl":"https:\/\/cognacchainier.com\/wp-content\/uploads\/2020\/02\/Photo-le-05-12-2010-1337-768x1024.jpg"},{"@type":"BreadcrumbList","@id":"https:\/\/cognacchainier.com\/fabrication\/#breadcrumb","itemListElement":[{"@type":"ListItem","position":1,"name":"Accueil","item":"https:\/\/cognacchainier.com\/"},{"@type":"ListItem","position":2,"name":"L&rsquo;\u00e9laboration de nos produits"}]},{"@type":"WebSite","@id":"https:\/\/cognacchainier.com\/#website","url":"https:\/\/cognacchainier.com\/","name":"Cognac Chainier","description":"Cognac et Pineau des Charentes","publisher":{"@id":"https:\/\/cognacchainier.com\/#organization"},"potentialAction":[{"@type":"SearchAction","target":{"@type":"EntryPoint","urlTemplate":"https:\/\/cognacchainier.com\/?s={search_term_string}"},"query-input":"required name=search_term_string"}],"inLanguage":"en-GB"},{"@type":"Organization","@id":"https:\/\/cognacchainier.com\/#organization","name":"Cognac Chainier","url":"https:\/\/cognacchainier.com\/","logo":{"@type":"ImageObject","inLanguage":"en-GB","@id":"https:\/\/cognacchainier.com\/#\/schema\/logo\/image\/","url":"https:\/\/cognacchainier.com\/wp-content\/uploads\/2020\/02\/cognac-chainier-logo-1516111730.png","contentUrl":"https:\/\/cognacchainier.com\/wp-content\/uploads\/2020\/02\/cognac-chainier-logo-1516111730.png","width":223,"height":71,"caption":"Cognac Chainier"},"image":{"@id":"https:\/\/cognacchainier.com\/#\/schema\/logo\/image\/"},"sameAs":["https:\/\/www.facebook.com\/cognacchainier","https:\/\/www.linkedin.com\/company\/cognacchainier\/"]}]}},"jetpack_sharing_enabled":true,"coauthors":[],"author_meta":{"author_link":"https:\/\/cognacchainier.com\/en\/author\/clement_gay\/","display_name":"Cl\u00e9ment"},"relative_dates":{"created":"Posted 6 years ago","modified":"Updated 6 years ago"},"absolute_dates":{"created":"Posted on 13 February 2020","modified":"Updated on 18 February 2020"},"absolute_dates_time":{"created":"Posted on 13 February 2020 10 h 28 min","modified":"Updated on 18 February 2020 13 h 42 min"},"featured_img_caption":"","featured_img":false,"series_order":"","_links":{"self":[{"href":"https:\/\/cognacchainier.com\/en\/wp-json\/wp\/v2\/pages\/331"}],"collection":[{"href":"https:\/\/cognacchainier.com\/en\/wp-json\/wp\/v2\/pages"}],"about":[{"href":"https:\/\/cognacchainier.com\/en\/wp-json\/wp\/v2\/types\/page"}],"author":[{"embeddable":true,"href":"https:\/\/cognacchainier.com\/en\/wp-json\/wp\/v2\/users\/1"}],"replies":[{"embeddable":true,"href":"https:\/\/cognacchainier.com\/en\/wp-json\/wp\/v2\/comments?post=331"}],"version-history":[{"count":2,"href":"https:\/\/cognacchainier.com\/en\/wp-json\/wp\/v2\/pages\/331\/revisions"}],"predecessor-version":[{"id":596,"href":"https:\/\/cognacchainier.com\/en\/wp-json\/wp\/v2\/pages\/331\/revisions\/596"}],"wp:attachment":[{"href":"https:\/\/cognacchainier.com\/en\/wp-json\/wp\/v2\/media?parent=331"}],"curies":[{"name":"wp","href":"https:\/\/api.w.org\/{rel}","templated":true}]}}