{"id":289,"date":"2020-02-12T11:29:11","date_gmt":"2020-02-12T10:29:11","guid":{"rendered":"https:\/\/cognacchainier.com\/wordpress\/?page_id=289"},"modified":"2024-05-27T15:08:28","modified_gmt":"2024-05-27T13:08:28","slug":"modalites-de-livraison","status":"publish","type":"page","link":"https:\/\/cognacchainier.com\/en\/modalites-de-livraison\/","title":{"rendered":"Delivery (Fr)"},"content":{"rendered":"<h4 class=\"wp-block-heading\">Livraison en France m\u00e9tropolitaine et Corse<\/h4>\n\n\n\n<p>Les frais de livraison sont forfaitairement factur\u00e9s \u00e0 hauteur de 18 \u20ac pour toute commande dont le montant TTC est inf\u00e9rieur \u00e0 150\u20ac. Pour toute commande dont le montant est sup\u00e9rieur \u00e0 150\u20ac TTC, les frais de livraison sont offerts. <\/p>","protected":false},"excerpt":{"rendered":"<p>Livraison en France m\u00e9tropolitaine et Corse Les frais de livraison sont forfaitairement factur\u00e9s \u00e0 hauteur de 18 \u20ac pour toute commande dont le montant TTC est inf\u00e9rieur \u00e0 150\u20ac. Pour toute commande dont le montant est sup\u00e9rieur \u00e0 150\u20ac TTC, les frais de livraison sont offerts.<\/p>","protected":false},"author":1,"featured_media":0,"parent":0,"menu_order":0,"comment_status":"closed","ping_status":"closed","template":"","meta":{"advgb_blocks_editor_width":"","advgb_blocks_columns_visual_guide":"","footnotes":""},"yoast_head":"<!-- This site is optimized with the Yoast SEO plugin v22.8 - https:\/\/yoast.com\/wordpress\/plugins\/seo\/ -->\n<title>Modalit\u00e9s de livraison<\/title>\n<meta name=\"robots\" content=\"noindex, follow\" \/>\n<meta property=\"og:locale\" content=\"en_GB\" \/>\n<meta property=\"og:type\" content=\"article\" \/>\n<meta property=\"og:title\" content=\"Modalit\u00e9s de livraison\" \/>\n<meta property=\"og:description\" content=\"Livraison en France m\u00e9tropolitaine et Corse Les frais de livraison sont forfaitairement factur\u00e9s \u00e0 hauteur de 18 \u20ac pour toute commande dont le montant TTC est inf\u00e9rieur \u00e0 150\u20ac. Pour toute commande dont le montant est sup\u00e9rieur \u00e0 150\u20ac TTC, les frais de livraison sont offerts.\" \/>\n<meta property=\"og:url\" content=\"https:\/\/cognacchainier.com\/en\/modalites-de-livraison\/\" \/>\n<meta property=\"og:site_name\" content=\"Cognac Chainier\" \/>\n<meta property=\"article:publisher\" content=\"https:\/\/www.facebook.com\/cognacchainier\" \/>\n<meta property=\"article:modified_time\" content=\"2024-05-27T13:08:28+00:00\" \/>\n<meta name=\"twitter:card\" content=\"summary_large_image\" \/>\n<meta name=\"twitter:label1\" content=\"Estimated reading time\" \/>\n\t<meta name=\"twitter:data1\" content=\"1 minute\" \/>\n<script type=\"application\/ld+json\" class=\"yoast-schema-graph\">{\"@context\":\"https:\/\/schema.org\",\"@graph\":[{\"@type\":\"WebPage\",\"@id\":\"https:\/\/cognacchainier.com\/modalites-de-livraison\/\",\"url\":\"https:\/\/cognacchainier.com\/modalites-de-livraison\/\",\"name\":\"Modalit\u00e9s de livraison\",\"isPartOf\":{\"@id\":\"https:\/\/cognacchainier.com\/#website\"},\"datePublished\":\"2020-02-12T10:29:11+00:00\",\"dateModified\":\"2024-05-27T13:08:28+00:00\",\"breadcrumb\":{\"@id\":\"https:\/\/cognacchainier.com\/modalites-de-livraison\/#breadcrumb\"},\"inLanguage\":\"en-GB\",\"potentialAction\":[{\"@type\":\"ReadAction\",\"target\":[\"https:\/\/cognacchainier.com\/modalites-de-livraison\/\"]}]},{\"@type\":\"BreadcrumbList\",\"@id\":\"https:\/\/cognacchainier.com\/modalites-de-livraison\/#breadcrumb\",\"itemListElement\":[{\"@type\":\"ListItem\",\"position\":1,\"name\":\"Accueil\",\"item\":\"https:\/\/cognacchainier.com\/\"},{\"@type\":\"ListItem\",\"position\":2,\"name\":\"Modalit\u00e9s de livraison\"}]},{\"@type\":\"WebSite\",\"@id\":\"https:\/\/cognacchainier.com\/#website\",\"url\":\"https:\/\/cognacchainier.com\/\",\"name\":\"Cognac Chainier\",\"description\":\"Cognac et Pineau des Charentes\",\"publisher\":{\"@id\":\"https:\/\/cognacchainier.com\/#organization\"},\"potentialAction\":[{\"@type\":\"SearchAction\",\"target\":{\"@type\":\"EntryPoint\",\"urlTemplate\":\"https:\/\/cognacchainier.com\/?s={search_term_string}\"},\"query-input\":\"required name=search_term_string\"}],\"inLanguage\":\"en-GB\"},{\"@type\":\"Organization\",\"@id\":\"https:\/\/cognacchainier.com\/#organization\",\"name\":\"Cognac Chainier\",\"url\":\"https:\/\/cognacchainier.com\/\",\"logo\":{\"@type\":\"ImageObject\",\"inLanguage\":\"en-GB\",\"@id\":\"https:\/\/cognacchainier.com\/#\/schema\/logo\/image\/\",\"url\":\"https:\/\/cognacchainier.com\/wp-content\/uploads\/2020\/02\/cognac-chainier-logo-1516111730.png\",\"contentUrl\":\"https:\/\/cognacchainier.com\/wp-content\/uploads\/2020\/02\/cognac-chainier-logo-1516111730.png\",\"width\":223,\"height\":71,\"caption\":\"Cognac Chainier\"},\"image\":{\"@id\":\"https:\/\/cognacchainier.com\/#\/schema\/logo\/image\/\"},\"sameAs\":[\"https:\/\/www.facebook.com\/cognacchainier\",\"https:\/\/www.linkedin.com\/company\/cognacchainier\/\"]}]}<\/script>\n<!-- \/ Yoast SEO plugin. -->","yoast_head_json":{"title":"Modalit\u00e9s de livraison","robots":{"index":"noindex","follow":"follow"},"og_locale":"en_GB","og_type":"article","og_title":"Modalit\u00e9s de livraison","og_description":"Livraison en France m\u00e9tropolitaine et Corse Les frais de livraison sont forfaitairement factur\u00e9s \u00e0 hauteur de 18 \u20ac pour toute commande dont le montant TTC est inf\u00e9rieur \u00e0 150\u20ac. Pour toute commande dont le montant est sup\u00e9rieur \u00e0 150\u20ac TTC, les frais de livraison sont offerts.","og_url":"https:\/\/cognacchainier.com\/en\/modalites-de-livraison\/","og_site_name":"Cognac Chainier","article_publisher":"https:\/\/www.facebook.com\/cognacchainier","article_modified_time":"2024-05-27T13:08:28+00:00","twitter_card":"summary_large_image","twitter_misc":{"Estimated reading time":"1 minute"},"schema":{"@context":"https:\/\/schema.org","@graph":[{"@type":"WebPage","@id":"https:\/\/cognacchainier.com\/modalites-de-livraison\/","url":"https:\/\/cognacchainier.com\/modalites-de-livraison\/","name":"Modalit\u00e9s de livraison","isPartOf":{"@id":"https:\/\/cognacchainier.com\/#website"},"datePublished":"2020-02-12T10:29:11+00:00","dateModified":"2024-05-27T13:08:28+00:00","breadcrumb":{"@id":"https:\/\/cognacchainier.com\/modalites-de-livraison\/#breadcrumb"},"inLanguage":"en-GB","potentialAction":[{"@type":"ReadAction","target":["https:\/\/cognacchainier.com\/modalites-de-livraison\/"]}]},{"@type":"BreadcrumbList","@id":"https:\/\/cognacchainier.com\/modalites-de-livraison\/#breadcrumb","itemListElement":[{"@type":"ListItem","position":1,"name":"Accueil","item":"https:\/\/cognacchainier.com\/"},{"@type":"ListItem","position":2,"name":"Modalit\u00e9s de livraison"}]},{"@type":"WebSite","@id":"https:\/\/cognacchainier.com\/#website","url":"https:\/\/cognacchainier.com\/","name":"Cognac Chainier","description":"Cognac et Pineau des Charentes","publisher":{"@id":"https:\/\/cognacchainier.com\/#organization"},"potentialAction":[{"@type":"SearchAction","target":{"@type":"EntryPoint","urlTemplate":"https:\/\/cognacchainier.com\/?s={search_term_string}"},"query-input":"required name=search_term_string"}],"inLanguage":"en-GB"},{"@type":"Organization","@id":"https:\/\/cognacchainier.com\/#organization","name":"Cognac Chainier","url":"https:\/\/cognacchainier.com\/","logo":{"@type":"ImageObject","inLanguage":"en-GB","@id":"https:\/\/cognacchainier.com\/#\/schema\/logo\/image\/","url":"https:\/\/cognacchainier.com\/wp-content\/uploads\/2020\/02\/cognac-chainier-logo-1516111730.png","contentUrl":"https:\/\/cognacchainier.com\/wp-content\/uploads\/2020\/02\/cognac-chainier-logo-1516111730.png","width":223,"height":71,"caption":"Cognac Chainier"},"image":{"@id":"https:\/\/cognacchainier.com\/#\/schema\/logo\/image\/"},"sameAs":["https:\/\/www.facebook.com\/cognacchainier","https:\/\/www.linkedin.com\/company\/cognacchainier\/"]}]}},"jetpack_sharing_enabled":true,"coauthors":[],"author_meta":{"author_link":"https:\/\/cognacchainier.com\/en\/author\/clement_gay\/","display_name":"Cl\u00e9ment"},"relative_dates":{"created":"Posted 6 years ago","modified":"Updated 2 years ago"},"absolute_dates":{"created":"Posted on 12 February 2020","modified":"Updated on 27 May 2024"},"absolute_dates_time":{"created":"Posted on 12 February 2020 11 h 29 min","modified":"Updated on 27 May 2024 15 h 08 min"},"featured_img_caption":"","featured_img":false,"series_order":"","_links":{"self":[{"href":"https:\/\/cognacchainier.com\/en\/wp-json\/wp\/v2\/pages\/289"}],"collection":[{"href":"https:\/\/cognacchainier.com\/en\/wp-json\/wp\/v2\/pages"}],"about":[{"href":"https:\/\/cognacchainier.com\/en\/wp-json\/wp\/v2\/types\/page"}],"author":[{"embeddable":true,"href":"https:\/\/cognacchainier.com\/en\/wp-json\/wp\/v2\/users\/1"}],"replies":[{"embeddable":true,"href":"https:\/\/cognacchainier.com\/en\/wp-json\/wp\/v2\/comments?post=289"}],"version-history":[{"count":6,"href":"https:\/\/cognacchainier.com\/en\/wp-json\/wp\/v2\/pages\/289\/revisions"}],"predecessor-version":[{"id":1533,"href":"https:\/\/cognacchainier.com\/en\/wp-json\/wp\/v2\/pages\/289\/revisions\/1533"}],"wp:attachment":[{"href":"https:\/\/cognacchainier.com\/en\/wp-json\/wp\/v2\/media?parent=289"}],"curies":[{"name":"wp","href":"https:\/\/api.w.org\/{rel}","templated":true}]}}