{"id":277,"date":"2020-02-12T11:25:18","date_gmt":"2020-02-12T10:25:18","guid":{"rendered":"https:\/\/cognacchainier.com\/wordpress\/?page_id=277"},"modified":"2020-03-26T15:48:06","modified_gmt":"2020-03-26T14:48:06","slug":"mentions-legales","status":"publish","type":"page","link":"https:\/\/cognacchainier.com\/en\/mentions-legales\/","title":{"rendered":"Legal notice (Fr)"},"content":{"rendered":"<p><strong>Raison sociale :<\/strong> Dominique Chainier &amp; Fils<\/p>\n\n\n\n<p><strong>Statut juridique et capital social :<\/strong> SAS au capital social de 7&nbsp;622,45 euros<\/p>\n\n\n\n<p><strong>Responsable :<\/strong> Dominique Chainier<\/p>\n\n\n\n<p><strong>Si\u00e8ge social :<\/strong> 15 La Barde Fagnouse 17520 Arthenac, France<\/p>\n\n\n\n<p><strong>T\u00e9l\u00e9phone :<\/strong> 05 46 49 12 85<\/p>\n\n\n\n<p><strong>E-mail<\/strong>&nbsp;: info@cognacchainier.com<\/p>\n\n\n\n<p><strong>TVA intra-communautaire :<\/strong> FR45401043310<\/p>\n\n\n\n<p><strong>SIRET :<\/strong> 40104331000010<\/p>\n\n\n\n<p><strong>RCS :<\/strong> Saintes B 401 043 310<\/p>\n\n\n\n<p><strong>H\u00e9bergeur du site :<\/strong> OVH \u2013&nbsp;2 rue Kellermann \u2013 59100 Roubaix \u2013 France<\/p>\n\n\n\n<p><strong>Responsable r\u00e9daction et publication :<\/strong> Cl\u00e9ment Gay<\/p>\n\n\n\n<p><strong>Conception &amp; r\u00e9alisation<\/strong> : Cl\u00e9ment Gay<\/p>\n\n\n\n<p><strong>Cr\u00e9dit photo :<\/strong> Cl\u00e9ment Gay<\/p>","protected":false},"excerpt":{"rendered":"<p>Raison sociale : Dominique Chainier &amp; Fils Statut juridique et capital social : SAS au capital social de 7&nbsp;622,45 euros Responsable : Dominique Chainier Si\u00e8ge social : 15 La Barde Fagnouse 17520 Arthenac, France T\u00e9l\u00e9phone : 05 46 49 12 85 E-mail&nbsp;: info@cognacchainier.com TVA intra-communautaire : FR45401043310 SIRET : 40104331000010 RCS : Saintes B 401 [&hellip;]<\/p>","protected":false},"author":1,"featured_media":0,"parent":0,"menu_order":0,"comment_status":"closed","ping_status":"closed","template":"","meta":{"advgb_blocks_editor_width":"","advgb_blocks_columns_visual_guide":"","footnotes":""},"yoast_head":"<!-- This site is optimized with the Yoast SEO plugin v22.8 - https:\/\/yoast.com\/wordpress\/plugins\/seo\/ -->\n<title>Mentions l\u00e9gales<\/title>\n<meta name=\"robots\" content=\"noindex, follow\" \/>\n<meta property=\"og:locale\" content=\"en_GB\" \/>\n<meta property=\"og:type\" content=\"article\" \/>\n<meta property=\"og:title\" content=\"Mentions l\u00e9gales\" \/>\n<meta property=\"og:description\" content=\"Raison sociale : Dominique Chainier &amp; Fils Statut juridique et capital social : SAS au capital social de 7&nbsp;622,45 euros Responsable : Dominique Chainier Si\u00e8ge social : 15 La Barde Fagnouse 17520 Arthenac, France T\u00e9l\u00e9phone : 05 46 49 12 85 E-mail&nbsp;: info@cognacchainier.com TVA intra-communautaire : FR45401043310 SIRET : 40104331000010 RCS : Saintes B 401 [&hellip;]\" \/>\n<meta property=\"og:url\" content=\"https:\/\/cognacchainier.com\/en\/mentions-legales\/\" \/>\n<meta property=\"og:site_name\" content=\"Cognac Chainier\" \/>\n<meta property=\"article:publisher\" content=\"https:\/\/www.facebook.com\/cognacchainier\" \/>\n<meta property=\"article:modified_time\" content=\"2020-03-26T14:48:06+00:00\" \/>\n<meta name=\"twitter:card\" content=\"summary_large_image\" \/>\n<script type=\"application\/ld+json\" class=\"yoast-schema-graph\">{\"@context\":\"https:\/\/schema.org\",\"@graph\":[{\"@type\":\"WebPage\",\"@id\":\"https:\/\/cognacchainier.com\/mentions-legales\/\",\"url\":\"https:\/\/cognacchainier.com\/mentions-legales\/\",\"name\":\"Mentions l\u00e9gales\",\"isPartOf\":{\"@id\":\"https:\/\/cognacchainier.com\/#website\"},\"datePublished\":\"2020-02-12T10:25:18+00:00\",\"dateModified\":\"2020-03-26T14:48:06+00:00\",\"breadcrumb\":{\"@id\":\"https:\/\/cognacchainier.com\/mentions-legales\/#breadcrumb\"},\"inLanguage\":\"en-GB\",\"potentialAction\":[{\"@type\":\"ReadAction\",\"target\":[\"https:\/\/cognacchainier.com\/mentions-legales\/\"]}]},{\"@type\":\"BreadcrumbList\",\"@id\":\"https:\/\/cognacchainier.com\/mentions-legales\/#breadcrumb\",\"itemListElement\":[{\"@type\":\"ListItem\",\"position\":1,\"name\":\"Accueil\",\"item\":\"https:\/\/cognacchainier.com\/\"},{\"@type\":\"ListItem\",\"position\":2,\"name\":\"Mentions l\u00e9gales\"}]},{\"@type\":\"WebSite\",\"@id\":\"https:\/\/cognacchainier.com\/#website\",\"url\":\"https:\/\/cognacchainier.com\/\",\"name\":\"Cognac Chainier\",\"description\":\"Cognac et Pineau des Charentes\",\"publisher\":{\"@id\":\"https:\/\/cognacchainier.com\/#organization\"},\"potentialAction\":[{\"@type\":\"SearchAction\",\"target\":{\"@type\":\"EntryPoint\",\"urlTemplate\":\"https:\/\/cognacchainier.com\/?s={search_term_string}\"},\"query-input\":\"required name=search_term_string\"}],\"inLanguage\":\"en-GB\"},{\"@type\":\"Organization\",\"@id\":\"https:\/\/cognacchainier.com\/#organization\",\"name\":\"Cognac Chainier\",\"url\":\"https:\/\/cognacchainier.com\/\",\"logo\":{\"@type\":\"ImageObject\",\"inLanguage\":\"en-GB\",\"@id\":\"https:\/\/cognacchainier.com\/#\/schema\/logo\/image\/\",\"url\":\"https:\/\/cognacchainier.com\/wp-content\/uploads\/2020\/02\/cognac-chainier-logo-1516111730.png\",\"contentUrl\":\"https:\/\/cognacchainier.com\/wp-content\/uploads\/2020\/02\/cognac-chainier-logo-1516111730.png\",\"width\":223,\"height\":71,\"caption\":\"Cognac Chainier\"},\"image\":{\"@id\":\"https:\/\/cognacchainier.com\/#\/schema\/logo\/image\/\"},\"sameAs\":[\"https:\/\/www.facebook.com\/cognacchainier\",\"https:\/\/www.linkedin.com\/company\/cognacchainier\/\"]}]}<\/script>\n<!-- \/ Yoast SEO plugin. -->","yoast_head_json":{"title":"Mentions l\u00e9gales","robots":{"index":"noindex","follow":"follow"},"og_locale":"en_GB","og_type":"article","og_title":"Mentions l\u00e9gales","og_description":"Raison sociale : Dominique Chainier &amp; Fils Statut juridique et capital social : SAS au capital social de 7&nbsp;622,45 euros Responsable : Dominique Chainier Si\u00e8ge social : 15 La Barde Fagnouse 17520 Arthenac, France T\u00e9l\u00e9phone : 05 46 49 12 85 E-mail&nbsp;: info@cognacchainier.com TVA intra-communautaire : FR45401043310 SIRET : 40104331000010 RCS : Saintes B 401 [&hellip;]","og_url":"https:\/\/cognacchainier.com\/en\/mentions-legales\/","og_site_name":"Cognac Chainier","article_publisher":"https:\/\/www.facebook.com\/cognacchainier","article_modified_time":"2020-03-26T14:48:06+00:00","twitter_card":"summary_large_image","schema":{"@context":"https:\/\/schema.org","@graph":[{"@type":"WebPage","@id":"https:\/\/cognacchainier.com\/mentions-legales\/","url":"https:\/\/cognacchainier.com\/mentions-legales\/","name":"Mentions l\u00e9gales","isPartOf":{"@id":"https:\/\/cognacchainier.com\/#website"},"datePublished":"2020-02-12T10:25:18+00:00","dateModified":"2020-03-26T14:48:06+00:00","breadcrumb":{"@id":"https:\/\/cognacchainier.com\/mentions-legales\/#breadcrumb"},"inLanguage":"en-GB","potentialAction":[{"@type":"ReadAction","target":["https:\/\/cognacchainier.com\/mentions-legales\/"]}]},{"@type":"BreadcrumbList","@id":"https:\/\/cognacchainier.com\/mentions-legales\/#breadcrumb","itemListElement":[{"@type":"ListItem","position":1,"name":"Accueil","item":"https:\/\/cognacchainier.com\/"},{"@type":"ListItem","position":2,"name":"Mentions l\u00e9gales"}]},{"@type":"WebSite","@id":"https:\/\/cognacchainier.com\/#website","url":"https:\/\/cognacchainier.com\/","name":"Cognac Chainier","description":"Cognac et Pineau des Charentes","publisher":{"@id":"https:\/\/cognacchainier.com\/#organization"},"potentialAction":[{"@type":"SearchAction","target":{"@type":"EntryPoint","urlTemplate":"https:\/\/cognacchainier.com\/?s={search_term_string}"},"query-input":"required name=search_term_string"}],"inLanguage":"en-GB"},{"@type":"Organization","@id":"https:\/\/cognacchainier.com\/#organization","name":"Cognac Chainier","url":"https:\/\/cognacchainier.com\/","logo":{"@type":"ImageObject","inLanguage":"en-GB","@id":"https:\/\/cognacchainier.com\/#\/schema\/logo\/image\/","url":"https:\/\/cognacchainier.com\/wp-content\/uploads\/2020\/02\/cognac-chainier-logo-1516111730.png","contentUrl":"https:\/\/cognacchainier.com\/wp-content\/uploads\/2020\/02\/cognac-chainier-logo-1516111730.png","width":223,"height":71,"caption":"Cognac Chainier"},"image":{"@id":"https:\/\/cognacchainier.com\/#\/schema\/logo\/image\/"},"sameAs":["https:\/\/www.facebook.com\/cognacchainier","https:\/\/www.linkedin.com\/company\/cognacchainier\/"]}]}},"jetpack_sharing_enabled":true,"coauthors":[],"author_meta":{"author_link":"https:\/\/cognacchainier.com\/en\/author\/clement_gay\/","display_name":"Cl\u00e9ment"},"relative_dates":{"created":"Posted 6 years ago","modified":"Updated 6 years ago"},"absolute_dates":{"created":"Posted on 12 February 2020","modified":"Updated on 26 March 2020"},"absolute_dates_time":{"created":"Posted on 12 February 2020 11 h 25 min","modified":"Updated on 26 March 2020 15 h 48 min"},"featured_img_caption":"","featured_img":false,"series_order":"","_links":{"self":[{"href":"https:\/\/cognacchainier.com\/en\/wp-json\/wp\/v2\/pages\/277"}],"collection":[{"href":"https:\/\/cognacchainier.com\/en\/wp-json\/wp\/v2\/pages"}],"about":[{"href":"https:\/\/cognacchainier.com\/en\/wp-json\/wp\/v2\/types\/page"}],"author":[{"embeddable":true,"href":"https:\/\/cognacchainier.com\/en\/wp-json\/wp\/v2\/users\/1"}],"replies":[{"embeddable":true,"href":"https:\/\/cognacchainier.com\/en\/wp-json\/wp\/v2\/comments?post=277"}],"version-history":[{"count":3,"href":"https:\/\/cognacchainier.com\/en\/wp-json\/wp\/v2\/pages\/277\/revisions"}],"predecessor-version":[{"id":513,"href":"https:\/\/cognacchainier.com\/en\/wp-json\/wp\/v2\/pages\/277\/revisions\/513"}],"wp:attachment":[{"href":"https:\/\/cognacchainier.com\/en\/wp-json\/wp\/v2\/media?parent=277"}],"curies":[{"name":"wp","href":"https:\/\/api.w.org\/{rel}","templated":true}]}}